{"id":12466,"date":"2023-04-20T18:15:49","date_gmt":"2023-04-20T16:15:49","guid":{"rendered":"https:\/\/2024.pyres.com\/nuestras-soluciones\/"},"modified":"2024-01-16T10:27:23","modified_gmt":"2024-01-16T09:27:23","slug":"soluciones","status":"publish","type":"page","link":"https:\/\/pyres.com\/es\/soluciones\/","title":{"rendered":"Nuestras soluciones"},"content":{"rendered":"<p>[et_pb_section fb_built=\u00bb1&#8243; admin_label=\u00bbHeader FullPage Gauche VersionClair\u00bb module_class=\u00bbHeader FullPage VersionSombre Simple\u00bb _builder_version=\u00bb4.21.0&#8243; _module_preset=\u00bbdefault\u00bb use_background_color_gradient=\u00bbon\u00bb background_color_gradient_stops=\u00bbrgba(36,34,119,0.9) 0%|rgba(36,34,119,0.9) 100%\u00bb background_color_gradient_overlays_image=\u00bbon\u00bb background_image=\u00bbhttps:\/\/2024.pyres.com\/wp-content\/uploads\/2023\/07\/3-4.png\u00bb bottom_divider_style=\u00bbarrow2&#8243; bottom_divider_color=\u00bb#FFFFFF\u00bb bottom_divider_flip=\u00bbvertical\u00bb hover_enabled=\u00bb0&#8243; collapsed=\u00bbon\u00bb global_colors_info=\u00bb{}\u00bb title_text=\u00bb3&#8243; sticky_enabled=\u00bb0&#8243;][et_pb_row make_equal=\u00bbon\u00bb module_class=\u00bbLargeurBox\u00bb _builder_version=\u00bb4.19.5&#8243; _module_preset=\u00bbdefault\u00bb global_colors_info=\u00bb{}\u00bb][et_pb_column type=\u00bb4_4&#8243; _builder_version=\u00bb4.19.5&#8243; _module_preset=\u00bbdefault\u00bb global_colors_info=\u00bb{}\u00bb][et_pb_text admin_label=\u00bbTitre &#8211; H1&#8243; module_class=\u00bbTitre Milieu\u00bb _builder_version=\u00bb4.21.0&#8243; _module_preset=\u00bbdefault\u00bb global_colors_info=\u00bb{}\u00bb]<\/p>\n<h1><strong>Nuestras soluciones<\/strong><\/h1>\n<p>[\/et_pb_text][et_pb_text module_class=\u00bbTexte Milieu\u00bb _builder_version=\u00bb4.21.0&#8243; _module_preset=\u00bbdefault\u00bb global_colors_info=\u00bb{}\u00bb]<\/p>\n<p>PYRESCOM cuenta con 6 productos para satisfacer las necesidades de 3 sectores principales: Smart City, Smart Health y Smart Enterprise.<\/p>\n<p>&nbsp;<\/p>\n<p>[\/et_pb_text][\/et_pb_column][\/et_pb_row][\/et_pb_section][et_pb_section fb_built=\u00bb1&#8243; module_class=\u00bbServices VersionClair Carte Bouton Simple\u00bb _builder_version=\u00bb4.19.5&#8243; _module_preset=\u00bbdefault\u00bb global_colors_info=\u00bb{}\u00bb][et_pb_row column_structure=\u00bb1_3,1_3,1_3&#8243; module_class=\u00bbLargeurBox Colonne3&#8243; _builder_version=\u00bb4.21.0&#8243; _module_preset=\u00bbdefault\u00bb hover_enabled=\u00bb0&#8243; global_colors_info=\u00bb{}\u00bb custom_margin=\u00bb||1%||false|false\u00bb sticky_enabled=\u00bb0&#8243;][et_pb_column type=\u00bb1_3&#8243; module_class=\u00bbColonne\u00bb _builder_version=\u00bb4.19.5&#8243; _module_preset=\u00bbdefault\u00bb global_colors_info=\u00bb{}\u00bb][dsm_card button_css=\u00bbBouton Style1&#8243; title=\u00bbAIVA &#8211; Protecci\u00f3n del desfibrilador\u00bb image=\u00bbhttps:\/\/2024.pyres.com\/wp-content\/uploads\/2023\/05\/AIVIA-Protection-des-defibirlateurs.jpg\u00bb alt=\u00bbAIVA &#8211; Protecci\u00f3n del desfibrilador\u00bb button_text=\u00bbM\u00e1s informaci\u00f3n\u00bb button_url=\u00bb@ET-DC@eyJkeW5hbWljIjp0cnVlLCJjb250ZW50IjoicG9zdF9saW5rX3VybF9wYWdlIiwic2V0dGluZ3MiOnsicG9zdF9pZCI6Ijc4In19@\u00bb button_url_new_window=\u00bb1&#8243; module_class=\u00bbMilieu\u00bb _builder_version=\u00bb4.21.0&#8243; _dynamic_attributes=\u00bblink_option_url,button_url\u00bb _module_preset=\u00bbdefault\u00bb header_level=\u00bbh2&#8243; button_alignment=\u00bbcenter\u00bb link_option_url=\u00bb@ET-DC@eyJkeW5hbWljIjp0cnVlLCJjb250ZW50IjoicG9zdF9saW5rX3VybF9wYWdlIiwic2V0dGluZ3MiOnsicG9zdF9pZCI6Ijc4In19@\u00bb global_colors_info=\u00bb{}\u00bb]<\/p>\n<p>Lorem ipsum ipsum ipsum dolor sit amet, dolor sit consectetur consectetur adipiscing elit, sed d incididunt ut labore et dolor sit ame tincididunt dolore , dolore magna aliqua.<\/p>\n<p>[\/dsm_card][\/et_pb_column][et_pb_column type=\u00bb1_3&#8243; module_class=\u00bbColonne\u00bb _builder_version=\u00bb4.19.5&#8243; _module_preset=\u00bbdefault\u00bb global_colors_info=\u00bb{}\u00bb][dsm_card button_css=\u00bbBouton Style1&#8243; title=\u00bbcasar &#8211; Supervisi\u00f3n de armas\u00bb image=\u00bbhttps:\/\/2024.pyres.com\/wp-content\/uploads\/2023\/05\/casar-Supervision-de-larmement.jpg\u00bb alt=\u00bbcasar &#8211; Supervisi\u00f3n de armas\u00bb button_text=\u00bbM\u00e1s informaci\u00f3n\u00bb button_url=\u00bb@ET-DC@eyJkeW5hbWljIjp0cnVlLCJjb250ZW50IjoicG9zdF9saW5rX3VybF9wYWdlIiwic2V0dGluZ3MiOnsicG9zdF9pZCI6Ijc2In19@\u00bb button_url_new_window=\u00bb1&#8243; title_last_edited=\u00bboff|desktop\u00bb module_class=\u00bbMilieu\u00bb _builder_version=\u00bb4.21.0&#8243; _dynamic_attributes=\u00bblink_option_url,button_url\u00bb _module_preset=\u00bbdefault\u00bb header_level=\u00bbh2&#8243; button_alignment=\u00bbcenter\u00bb link_option_url=\u00bb@ET-DC@eyJkeW5hbWljIjp0cnVlLCJjb250ZW50IjoicG9zdF9saW5rX3VybF9wYWdlIiwic2V0dGluZ3MiOnsicG9zdF9pZCI6Ijc2In19@\u00bb global_colors_info=\u00bb{}\u00bb]<\/p>\n<p>A 31 de diciembre de 2021, 14.819 polic\u00edas municipales estaban equipados con un arma de fuego. Esta cifra no tiene en cuenta el n\u00famero de polic\u00edas nacionales, aduanas&#8230;<\/p>\n<p>[\/dsm_card][\/et_pb_column][et_pb_column type=\u00bb1_3&#8243; module_class=\u00bbColonne\u00bb _builder_version=\u00bb4.19.5&#8243; _module_preset=\u00bbdefault\u00bb global_colors_info=\u00bb{}\u00bb][dsm_card button_css=\u00bbBouton Style1&#8243; title=\u00bbClass&apos;Air &#8211; Control de la calidad del aire interior\u00bb image=\u00bbhttps:\/\/2024.pyres.com\/wp-content\/uploads\/2023\/05\/Class-Air-Surveillance-de-la-Qualite-Air-Interieur.jpg\u00bb alt=\u00bbClass&apos;Air &#8211; Control de la calidad del aire interior\u00bb button_text=\u00bbM\u00e1s informaci\u00f3n\u00bb button_url=\u00bb@ET-DC@eyJkeW5hbWljIjp0cnVlLCJjb250ZW50IjoicG9zdF9saW5rX3VybF9wYWdlIiwic2V0dGluZ3MiOnsicG9zdF9pZCI6IjgwIn19@\u00bb button_url_new_window=\u00bb1&#8243; module_class=\u00bbMilieu\u00bb _builder_version=\u00bb4.21.0&#8243; _dynamic_attributes=\u00bblink_option_url,button_url\u00bb _module_preset=\u00bbdefault\u00bb header_level=\u00bbh2&#8243; button_alignment=\u00bbcenter\u00bb link_option_url=\u00bb@ET-DC@eyJkeW5hbWljIjp0cnVlLCJjb250ZW50IjoicG9zdF9saW5rX3VybF9wYWdlIiwic2V0dGluZ3MiOnsicG9zdF9pZCI6IjgwIn19@\u00bb global_colors_info=\u00bb{}\u00bb]<\/p>\n<p>Pasamos una media de 20 a 22 horas al d\u00eda en interiores. Se calcula que la contaminaci\u00f3n del aire interior causa m\u00e1s de 20.000 muertes al a\u00f1o y supone un coste de 19.000 millones&#8230;<\/p>\n<p>[\/dsm_card][\/et_pb_column][\/et_pb_row][et_pb_row column_structure=\u00bb1_3,1_3,1_3&#8243; module_class=\u00bbLargeurBox Colonne3&#8243; _builder_version=\u00bb4.21.0&#8243; _module_preset=\u00bbdefault\u00bb hover_enabled=\u00bb0&#8243; global_colors_info=\u00bb{}\u00bb custom_margin=\u00bb||4%||false|false\u00bb sticky_enabled=\u00bb0&#8243;][et_pb_column type=\u00bb1_3&#8243; module_class=\u00bbColonne\u00bb _builder_version=\u00bb4.19.5&#8243; _module_preset=\u00bbdefault\u00bb global_colors_info=\u00bb{}\u00bb][dsm_card button_css=\u00bbBouton Style1&#8243; title=\u00bbEPnrj &#8211; Control del alumbrado p\u00fablico\u00bb image=\u00bbhttps:\/\/2024.pyres.com\/wp-content\/uploads\/2023\/05\/EPnrj-Pilotage-de-leclairage-public.jpg\u00bb alt=\u00bbEPnrj &#8211; Control del alumbrado p\u00fablico\u00bb button_text=\u00bbM\u00e1s informaci\u00f3n\u00bb button_url=\u00bb@ET-DC@eyJkeW5hbWljIjp0cnVlLCJjb250ZW50IjoicG9zdF9saW5rX3VybF9wYWdlIiwic2V0dGluZ3MiOnsicG9zdF9pZCI6Ijc3In19@\u00bb button_url_new_window=\u00bb1&#8243; module_class=\u00bbMilieu\u00bb _builder_version=\u00bb4.21.0&#8243; _dynamic_attributes=\u00bblink_option_url,button_url\u00bb _module_preset=\u00bbdefault\u00bb header_level=\u00bbh2&#8243; button_alignment=\u00bbcenter\u00bb link_option_url=\u00bb@ET-DC@eyJkeW5hbWljIjp0cnVlLCJjb250ZW50IjoicG9zdF9saW5rX3VybF9wYWdlIiwic2V0dGluZ3MiOnsicG9zdF9pZCI6Ijc3In19@\u00bb global_colors_info=\u00bb{}\u00bb]<\/p>\n<p>El alumbrado p\u00fablico es una de las principales preocupaciones de las autoridades locales. En esta \u00e9poca de sobriedad energ\u00e9tica, es imposible ignorar el considerable gasto que supone&#8230;<\/p>\n<p>[\/dsm_card][\/et_pb_column][et_pb_column type=\u00bb1_3&#8243; module_class=\u00bbColonne\u00bb _builder_version=\u00bb4.19.5&#8243; _module_preset=\u00bbdefault\u00bb global_colors_info=\u00bb{}\u00bb][dsm_card button_css=\u00bbBouton Style1&#8243; title=\u00bbTermod &#8211; Gesti\u00f3n y control del tiempo\u00bb image=\u00bbhttps:\/\/2024.pyres.com\/wp-content\/uploads\/2023\/05\/Termod-Controle-et-gestion-des-temps.jpg\u00bb alt=\u00bbTermod &#8211; Gesti\u00f3n y control del tiempo\u00bb button_text=\u00bbM\u00e1s informaci\u00f3n\u00bb button_url=\u00bb@ET-DC@eyJkeW5hbWljIjp0cnVlLCJjb250ZW50IjoicG9zdF9saW5rX3VybF9wYWdlIiwic2V0dGluZ3MiOnsicG9zdF9pZCI6IjgxIn19@\u00bb button_url_new_window=\u00bb1&#8243; module_class=\u00bbMilieu\u00bb _builder_version=\u00bb4.21.0&#8243; _dynamic_attributes=\u00bblink_option_url,button_url\u00bb _module_preset=\u00bbdefault\u00bb header_level=\u00bbh2&#8243; button_alignment=\u00bbcenter\u00bb link_option_url=\u00bb@ET-DC@eyJkeW5hbWljIjp0cnVlLCJjb250ZW50IjoicG9zdF9saW5rX3VybF9wYWdlIiwic2V0dGluZ3MiOnsicG9zdF9pZCI6IjgxIn19@\u00bb global_colors_info=\u00bb{}\u00bb]<\/p>\n<p>Lorem ipsum ipsum ipsum dolor sit amet, dolor sit consectetur consectetur adipiscing elit, sed d incididunt ut labore et dolor sit ame tincididunt dolore , dolore magna aliqua.<\/p>\n<p>[\/dsm_card][\/et_pb_column][et_pb_column type=\u00bb1_3&#8243; module_class=\u00bbColonne\u00bb _builder_version=\u00bb4.19.5&#8243; _module_preset=\u00bbdefault\u00bb global_colors_info=\u00bb{}\u00bb][dsm_card button_css=\u00bbBouton Style1&#8243; title=\u00bbTermod TT &#8211; Gesti\u00f3n y control del tiempo\u00bb image=\u00bbhttps:\/\/2024.pyres.com\/wp-content\/uploads\/2023\/05\/Termod-Controle-et-gestion-des-temps.jpg\u00bb alt=\u00bbTermod &#8211; Gesti\u00f3n y control del tiempo\u00bb button_text=\u00bbM\u00e1s informaci\u00f3n\u00bb button_url=\u00bb@ET-DC@eyJkeW5hbWljIjp0cnVlLCJjb250ZW50IjoicG9zdF9saW5rX3VybF9wYWdlIiwic2V0dGluZ3MiOnsicG9zdF9pZCI6IjgxIn19@\u00bb button_url_new_window=\u00bb1&#8243; module_class=\u00bbMilieu\u00bb _builder_version=\u00bb4.21.0&#8243; _dynamic_attributes=\u00bblink_option_url,button_url\u00bb _module_preset=\u00bbdefault\u00bb header_level=\u00bbh2&#8243; button_alignment=\u00bbcenter\u00bb link_option_url=\u00bb@ET-DC@eyJkeW5hbWljIjp0cnVlLCJjb250ZW50IjoicG9zdF9saW5rX3VybF9wYWdlIiwic2V0dGluZ3MiOnsicG9zdF9pZCI6IjgxIn19@\u00bb global_colors_info=\u00bb{}\u00bb]<\/p>\n<p>Lorem ipsum ipsum ipsum dolor sit amet, dolor sit consectetur consectetur adipiscing elit, sed d incididunt ut labore et dolor sit ame tincididunt dolore , dolore magna aliqua.<\/p>\n<p>[\/dsm_card][\/et_pb_column][\/et_pb_row][\/et_pb_section]<\/p>\n","protected":false},"excerpt":{"rendered":"<p>Nuestras solucionesPYRESCOM cuenta con 6 productos para satisfacer las necesidades de 3 sectores principales: Smart City, Smart Health y Smart Enterprise. &nbsp;<div class=\"et_pb_module dsm_card dsm_card_0 Milieu et_pb_bg_layout_light  dsm_card_layout_stacked\">\n\t\t\t\t\n\t\t\t\t\n\t\t\t\t\n\t\t\t\t\n\t\t\t\t\n\t\t\t\t\n\t\t\t\t<div class=\"et_pb_module_inner\">\n\t\t\t\t\t\n\t\t\t\n\t\t\t<figure class=\"dsm_card_image_wrapper dsm_card_badge_top_right\"><div class=\"dsm_card_image_background dsm_card_img\"><\/div><\/figure>\n\t\t\t<div class=\"et_pb_module dsm_card_wrapper et_pb_text_align_left\">\n\t\t\t\t\t\n\t\t\t\t\t<h2 class=\"dsm_card_title et_pb_module_header\">AIVA - Protecci\u00f3n del desfibrilador<\/h2>\n\t\t\t\t\t\n\t\t\t\t\t\n\t\t\t\t\t<div class=\"et_pb_button_wrapper\"><a class=\"et_pb_button et_pb_more_button Bouton Style1\" href=\"\">M\u00e1s informaci\u00f3n<\/a><\/div>\n\t\t\t\t<\/div>\n\t\t\t\n\t\t\t\t<\/div>\n\t\t\t<\/div>Lorem ipsum ipsum ipsum dolor sit amet, dolor sit [&hellip;]<\/p>\n","protected":false},"author":1,"featured_media":0,"parent":0,"menu_order":30,"comment_status":"closed","ping_status":"closed","template":"","meta":{"_acf_changed":false,"_et_pb_use_builder":"on","_et_pb_old_content":"","_et_gb_content_width":"","content-type":"","footnotes":""},"class_list":["post-12466","page","type-page","status-publish","hentry"],"acf":[],"_links":{"self":[{"href":"https:\/\/pyres.com\/es\/wp-json\/wp\/v2\/pages\/12466","targetHints":{"allow":["GET"]}}],"collection":[{"href":"https:\/\/pyres.com\/es\/wp-json\/wp\/v2\/pages"}],"about":[{"href":"https:\/\/pyres.com\/es\/wp-json\/wp\/v2\/types\/page"}],"author":[{"embeddable":true,"href":"https:\/\/pyres.com\/es\/wp-json\/wp\/v2\/users\/1"}],"replies":[{"embeddable":true,"href":"https:\/\/pyres.com\/es\/wp-json\/wp\/v2\/comments?post=12466"}],"version-history":[{"count":0,"href":"https:\/\/pyres.com\/es\/wp-json\/wp\/v2\/pages\/12466\/revisions"}],"wp:attachment":[{"href":"https:\/\/pyres.com\/es\/wp-json\/wp\/v2\/media?parent=12466"}],"curies":[{"name":"wp","href":"https:\/\/api.w.org\/{rel}","templated":true}]}}