{"id":11962,"date":"2023-04-20T18:16:23","date_gmt":"2023-04-20T16:16:23","guid":{"rendered":"https:\/\/2024.pyres.com\/politica-de-cookies\/"},"modified":"2024-01-11T16:48:59","modified_gmt":"2024-01-11T15:48:59","slug":"politica-de-cookies","status":"publish","type":"page","link":"https:\/\/pyres.com\/es\/politica-de-cookies\/","title":{"rendered":"Pol\u00edtica de cookies"},"content":{"rendered":"<p>[et_pb_section fb_built=\u00bb1&#8243; admin_label=\u00bbHeader FullPage Gauche VersionClair\u00bb module_class=\u00bbHeader FullPage VersionSombre Simple\u00bb _builder_version=\u00bb4.19.5&#8243; _module_preset=\u00bbdefault\u00bb use_background_color_gradient=\u00bbon\u00bb background_color_gradient_stops=\u00bbrgba(36,34,119,0.94) 0%|rgba(36,34,119,0.94) 100%\u00bb background_color_gradient_overlays_image=\u00bbon\u00bb background_image=\u00bbhttps:\/\/2024.pyres.com\/wp-content\/uploads\/2022\/02\/Fond-Typeform.jpg\u00bb bottom_divider_style=\u00bbarrow2&#8243; bottom_divider_color=\u00bb#FFFFFF\u00bb bottom_divider_flip=\u00bbvertical\u00bb global_colors_info=\u00bb{}\u00bb][et_pb_row make_equal=\u00bbon\u00bb module_class=\u00bbLargeurBox\u00bb _builder_version=\u00bb4.19.5&#8243; _module_preset=\u00bbdefault\u00bb global_colors_info=\u00bb{}\u00bb][et_pb_column type=\u00bb4_4&#8243; _builder_version=\u00bb4.19.5&#8243; _module_preset=\u00bbdefault\u00bb global_colors_info=\u00bb{}\u00bb][et_pb_text admin_label=\u00bbTitre &#8211; H1&#8243; module_class=\u00bbTitre Milieu\u00bb _builder_version=\u00bb4.21.0&#8243; _module_preset=\u00bbdefault\u00bb global_colors_info=\u00bb{}\u00bb]<\/p>\n<h1><strong>Pol\u00edtica de cookies<\/strong><\/h1>\n<p>[\/et_pb_text][et_pb_text module_class=\u00bbTexte Milieu\u00bb _builder_version=\u00bb4.21.0&#8243; _module_preset=\u00bbdefault\u00bb global_colors_info=\u00bb{}\u00bb]<\/p>\n<p><i>Esta pol\u00edtica de cookies se actualiz\u00f3 por \u00faltima vez el 12 de febrero de 2021 y se aplica a los ciudadanos del Espacio Econ\u00f3mico Europeo.<\/i><\/p>\n<p>[\/et_pb_text][\/et_pb_column][\/et_pb_row][\/et_pb_section][et_pb_section fb_built=\u00bb1&#8243; module_class=\u00bbServices VersionClair Timeline\u00bb _builder_version=\u00bb4.22.2&#8243; _module_preset=\u00bbdefault\u00bb background_enable_color=\u00bboff\u00bb background_enable_image=\u00bboff\u00bb bottom_divider_color=\u00bb#FFFFFF\u00bb bottom_divider_flip=\u00bbvertical\u00bb collapsed=\u00bbon\u00bb global_colors_info=\u00bb{}\u00bb][et_pb_row _builder_version=\u00bb4.22.2&#8243; _module_preset=\u00bbdefault\u00bb global_colors_info=\u00bb{}\u00bb][et_pb_column type=\u00bb4_4&#8243; _builder_version=\u00bb4.22.2&#8243; _module_preset=\u00bbdefault\u00bb global_colors_info=\u00bb{}\u00bb][et_pb_text _builder_version=\u00bb4.23.1&#8243; _module_preset=\u00bbdefault\u00bb hover_enabled=\u00bb0&#8243; global_colors_info=\u00bb{}\u00bb module_class=\u00bbTexte Titre MentionsLegales\u00bb sticky_enabled=\u00bb0&#8243;]<\/p>\n<p>En esta declaraci\u00f3n de privacidad, explicamos lo que hacemos con los datos que obtenemos sobre usted a trav\u00e9s de https:\/\/pyres.com. Le recomendamos que lea atentamente esta declaraci\u00f3n. Al procesar nuestros datos, cumplimos los requisitos de la legislaci\u00f3n sobre privacidad. Esto significa, entre otras cosas, que :<\/p>\n<ul>\n<li>indicamos claramente los fines para los que tratamos los datos personales. Lo hacemos mediante esta declaraci\u00f3n de privacidad;<\/li>\n<li>nuestro objetivo es limitar nuestra recopilaci\u00f3n de datos personales a lo necesario para fines leg\u00edtimos;<\/li>\n<li>primero le pedimos su consentimiento expl\u00edcito para procesar sus datos personales en los casos en que se requiere su consentimiento;<\/li>\n<li>tomamos las medidas de seguridad adecuadas para proteger sus datos personales, y exigimos lo mismo a las partes que procesan datos personales en nuestro nombre;<\/li>\n<li>respetamos su derecho a consultar, rectificar o suprimir sus datos personales si as\u00ed lo solicita.<\/li>\n<\/ul>\n<p>Si tiene alguna pregunta o desea saber exactamente qu\u00e9 datos conservamos, p\u00f3ngase en contacto con nosotros.<\/p>\n<p>&nbsp;<\/p>\n<h2><span style=\"text-decoration: underline;\"><strong>1. Finalidad, datos y per\u00edodo de conservaci\u00f3n<\/strong><\/span><\/h2>\n<h3><strong>1.1 Utilizamos sus datos para los siguientes fines:<\/strong><\/h3>\n<p>Contacto &#8211; Por tel\u00e9fono, correo postal, correo electr\u00f3nico y\/o formularios web<\/p>\n<p>Para ello utilizamos los siguientes datos:<\/p>\n<ul>\n<li>Nombre, direcci\u00f3n y localidad<\/li>\n<li>Correo electr\u00f3nico<\/li>\n<li>N\u00famero de tel\u00e9fono<\/li>\n<\/ul>\n<p>La base sobre la que podemos tratar estos datos es :<\/p>\n<p>Consentimiento obtenido<\/p>\n<p>Caducidad<\/p>\n<p>Conservamos estos datos hasta el final del servicio.<\/p>\n<p>&nbsp;<\/p>\n<h3><strong>1.2 Utilizamos sus datos para los siguientes fines:<\/strong><\/h3>\n<p>Boletines<\/p>\n<p>Para ello utilizamos los siguientes datos:<\/p>\n<ul>\n<li>Nombre, direcci\u00f3n y ciudad<\/li>\n<li>Correo electr\u00f3nico<\/li>\n<\/ul>\n<p>La base sobre la que podemos tratar estos datos es: Consentimiento obtenido<\/p>\n<p>Caducidad<\/p>\n<p>Al finalizar el servicio, conservamos estos datos durante el siguiente n\u00famero de meses: 1 a\u00f1o<\/p>\n<p>&nbsp;<\/p>\n<h3><strong>1.3 Utilizamos sus datos para los siguientes fines:<\/strong><\/h3>\n<p>Recopilar y analizar estad\u00edsticas para mejorar el sitio web.<\/p>\n<p>Para ello utilizamos los siguientes datos:<\/p>\n<ul>\n<li>Nombre, direcci\u00f3n y localidad<\/li>\n<\/ul>\n<p>La base sobre la que podemos tratar estos datos es :<\/p>\n<p>Consentimiento obtenido<\/p>\n<p>Caducidad<\/p>\n<p>Conservamos estos datos hasta el final del servicio.<\/p>\n<p>&nbsp;<\/p>\n<h2><span style=\"text-decoration: underline;\"><strong>2. Cookies<\/strong><\/span><\/h2>\n<p>Nuestro sitio web utiliza cookies. Para obtener m\u00e1s informaci\u00f3n sobre las cookies, consulte nuestra Pol\u00edtica de cookies.<\/p>\n<p>Hemos celebrado un acuerdo de procesamiento de datos con Google.<\/p>\n<p>Google no puede utilizar los datos para ning\u00fan otro servicio de Google.<\/p>\n<p>Bloqueamos la inclusi\u00f3n de direcciones IP completas.<\/p>\n<p>&nbsp;<\/p>\n<h2><span style=\"text-decoration: underline;\"><strong>3. Seguridad<\/strong><\/span><\/h2>\n<p>Estamos comprometidos con la seguridad de los datos personales. Tomamos las medidas de seguridad adecuadas para limitar el uso indebido y el acceso no autorizado a los datos personales. Esto garantiza que s\u00f3lo las personas necesarias tienen acceso a sus datos, que el acceso a los datos est\u00e1 protegido y que nuestras medidas de seguridad se revisan peri\u00f3dicamente.<\/p>\n<p>&nbsp;<\/p>\n<h2><span style=\"text-decoration: underline;\"><strong>4. Sitios web de terceros<\/strong><\/span><\/h2>\n<p>Esta declaraci\u00f3n de privacidad no se aplica a los sitios web de terceros vinculados a nuestro sitio web. No podemos garantizar que estos terceros gestionen sus datos personales de forma fiable o segura. Le recomendamos que lea las declaraciones de privacidad de estos sitios web antes de utilizarlos.<\/p>\n<p>&nbsp;<\/p>\n<h2><span style=\"text-decoration: underline;\"><strong>5. Cambios en esta declaraci\u00f3n de privacidad<\/strong><\/span><\/h2>\n<p>Nos reservamos el derecho a modificar esta declaraci\u00f3n de privacidad. Le recomendamos que consulte peri\u00f3dicamente esta declaraci\u00f3n de confidencialidad para comprobar si se han producido cambios. Tambi\u00e9n le mantendremos activamente informado siempre que sea posible.<\/p>\n<p>&nbsp;<\/p>\n<h2><span style=\"text-decoration: underline;\"><strong>6. Acceder a sus datos y modificarlos<\/strong><\/span><\/h2>\n<p>Si tiene alguna pregunta o desea saber qu\u00e9 datos personales tenemos sobre usted, p\u00f3ngase en contacto con nosotros. Puede ponerse en contacto con nosotros utilizando la informaci\u00f3n que figura a continuaci\u00f3n. Usted tiene los siguientes derechos:<\/p>\n<ul>\n<li>Tiene derecho a saber por qu\u00e9 se necesitan sus datos personales, qu\u00e9 ocurrir\u00e1 con ellos y cu\u00e1nto tiempo se conservar\u00e1n.<\/li>\n<li>Derecho de acceso: tiene derecho a acceder a los datos personales que conozca.<\/li>\n<li>Derecho de rectificaci\u00f3n: tiene derecho en cualquier momento a completar, corregir, eliminar o bloquear sus datos personales.<\/li>\n<li>Si nos da su consentimiento para procesar sus datos, tiene derecho a revocarlo y a que se eliminen sus datos personales.<\/li>\n<li>Derecho a transferir sus datos: tiene derecho a solicitar todos sus datos personales al responsable del tratamiento y a transferirlos en su totalidad a otro responsable del tratamiento.<\/li>\n<li>Derecho de oposici\u00f3n: puede oponerse al tratamiento de sus datos. Lo cumpliremos, salvo que existan razones que justifiquen dicho tratamiento.<\/li>\n<\/ul>\n<p>Aseg\u00farese de indicar siempre con claridad qui\u00e9n es usted, para que podamos estar seguros de que no estamos modificando o suprimiendo los datos de la persona equivocada.<\/p>\n<p>&nbsp;<\/p>\n<h2><span style=\"text-decoration: underline;\"><strong>7. Reclamaci\u00f3n<\/strong><\/span><\/h2>\n<p>Si no est\u00e1 satisfecho con la forma en que gestionamos (una queja sobre) el tratamiento de sus datos personales, tiene derecho a presentar una queja ante la autoridad de protecci\u00f3n de datos.<\/p>\n<p>&nbsp;<\/p>\n<h2><span style=\"text-decoration: underline;\"><strong>8. Responsable de protecci\u00f3n de datos<\/strong><\/span><\/h2>\n<p>Nuestro responsable de protecci\u00f3n de datos est\u00e1 registrado ante las autoridades de protecci\u00f3n de datos de un Estado miembro de la UE. Si tiene alguna pregunta o solicitud relativa a esta declaraci\u00f3n de privacidad o al responsable de la protecci\u00f3n de datos, puede ponerse en contacto con Elisa Bernabeu en dpo@pyres.com o por tel\u00e9fono en +33468683968.<\/p>\n<p>&nbsp;<\/p>\n<h2><span style=\"text-decoration: underline;\"><strong>9. 9. Datos de contacto<\/strong><\/span><\/h2>\n<p>Pyrescom SAS<br \/>1 route de Toulouges mas des tilleuls 66680 Canoh\u00e8s<br \/>Francia<br \/>P\u00e1gina web: https: <a href=\"https:\/\/pyres.com\">\/\/pyres.com<\/a><br \/>Correo electr\u00f3nico: <a href=\"mailto:direct@pyres.com\">direct@pyres.com<\/a><br \/>N\u00famero de tel\u00e9fono: 0468683968<\/p>\n<p>[\/et_pb_text][\/et_pb_column][\/et_pb_row][\/et_pb_section]<\/p>\n","protected":false},"excerpt":{"rendered":"<p>Pol\u00edtica de cookiesEsta pol\u00edtica de cookies se actualiz\u00f3 por \u00faltima vez el 12 de febrero de 2021 y se aplica a los ciudadanos del Espacio Econ\u00f3mico Europeo.En esta declaraci\u00f3n de privacidad, explicamos lo que hacemos con los datos que obtenemos sobre usted a trav\u00e9s de https:\/\/pyres.com. Le recomendamos que lea atentamente esta declaraci\u00f3n. Al procesar [&hellip;]<\/p>\n","protected":false},"author":1,"featured_media":0,"parent":0,"menu_order":99,"comment_status":"closed","ping_status":"closed","template":"","meta":{"_acf_changed":false,"_et_pb_use_builder":"on","_et_pb_old_content":"","_et_gb_content_width":"","content-type":"","footnotes":""},"class_list":["post-11962","page","type-page","status-publish","hentry"],"acf":[],"_links":{"self":[{"href":"https:\/\/pyres.com\/es\/wp-json\/wp\/v2\/pages\/11962","targetHints":{"allow":["GET"]}}],"collection":[{"href":"https:\/\/pyres.com\/es\/wp-json\/wp\/v2\/pages"}],"about":[{"href":"https:\/\/pyres.com\/es\/wp-json\/wp\/v2\/types\/page"}],"author":[{"embeddable":true,"href":"https:\/\/pyres.com\/es\/wp-json\/wp\/v2\/users\/1"}],"replies":[{"embeddable":true,"href":"https:\/\/pyres.com\/es\/wp-json\/wp\/v2\/comments?post=11962"}],"version-history":[{"count":0,"href":"https:\/\/pyres.com\/es\/wp-json\/wp\/v2\/pages\/11962\/revisions"}],"wp:attachment":[{"href":"https:\/\/pyres.com\/es\/wp-json\/wp\/v2\/media?parent=11962"}],"curies":[{"name":"wp","href":"https:\/\/api.w.org\/{rel}","templated":true}]}}