{"id":11729,"date":"2021-04-04T12:00:01","date_gmt":"2021-04-04T10:00:01","guid":{"rendered":"https:\/\/2024.pyres.com\/inicio\/"},"modified":"2024-01-16T11:16:11","modified_gmt":"2024-01-16T10:16:11","slug":"inicio","status":"publish","type":"page","link":"https:\/\/pyres.com\/es\/","title":{"rendered":"Inicio"},"content":{"rendered":"<p>[et_pb_section fb_built=\u00bb1&#8243; admin_label=\u00bbHeader FullPage Gauche VersionClair\u00bb module_class=\u00bbHeader FullPage VersionSombre\u00bb _builder_version=\u00bb4.23.2&#8243; _module_preset=\u00bbdefault\u00bb use_background_color_gradient=\u00bbon\u00bb background_color_gradient_stops=\u00bbrgba(36,34,119,0.9) 0%|rgba(36,34,119,0.9) 100%\u00bb background_color_gradient_overlays_image=\u00bbon\u00bb background_image=\u00bbhttps:\/\/2024.pyres.com\/wp-content\/uploads\/2023\/07\/5-1.png\u00bb background_position=\u00bbbottom_center\u00bb bottom_divider_style=\u00bbarrow2&#8243; bottom_divider_color=\u00bb#FFFFFF\u00bb bottom_divider_flip=\u00bbvertical\u00bb bottom_divider_arrangement=\u00bbabove_content\u00bb global_colors_info=\u00bb{}\u00bb][et_pb_row module_class=\u00bbLargeurBox\u00bb _builder_version=\u00bb4.21.0&#8243; _module_preset=\u00bbdefault\u00bb global_colors_info=\u00bb{}\u00bb][et_pb_column type=\u00bb4_4&#8243; _builder_version=\u00bb4.19.5&#8243; _module_preset=\u00bbdefault\u00bb global_colors_info=\u00bb{}\u00bb][et_pb_text admin_label=\u00bbTitre &#8211; H1&#8243; module_class=\u00bbTitre Milieu\u00bb _builder_version=\u00bb4.21.0&#8243; _module_preset=\u00bbdefault\u00bb global_colors_info=\u00bb{}\u00bb]<\/p>\n<h1><b>PYRESCOM  <\/b><\/h1>\n<p>[\/et_pb_text][et_pb_text admin_label=\u00bbTitre &#8211; H1&#8243; module_class=\u00bbTitre Milieu\u00bb _builder_version=\u00bb4.23.1&#8243; _module_preset=\u00bbdefault\u00bb text_font_size=\u00bb100px\u00bb custom_margin=\u00bb-25px|||||\u00bb global_colors_info=\u00bb{}\u00bb]<\/p>\n<h2>Dise\u00f1ador franc\u00e9s de soluciones conectadas<\/h2>\n<p>[\/et_pb_text][dsm_button button_one_css=\u00bbBouton Style2&#8243; button_two_css=\u00bbBouton Style4&#8243; button_one_text=\u00bbP\u00f3ngase en contacto con nosotros\u00bb button_one_url=\u00bbhttps:\/\/2024.pyres.com\/es\/?page_id=11583&#8243; button_two_text=\u00bb\u00danete a la aventura\u00bb button_two_url=\u00bbhttps:\/\/2024.pyres.com\/es\/?page_id=11568&#8243; button_alignment=\u00bbcenter\u00bb module_class=\u00bbBoutonDouble\u00bb _builder_version=\u00bb4.23.2&#8243; _module_preset=\u00bbdefault\u00bb custom_button_one=\u00bbon\u00bb button_one_use_icon=\u00bboff\u00bb button_one_custom_margin_tablet=\u00bb\u00bb button_one_custom_margin_phone=\u00bb30px||||false|false\u00bb button_one_custom_margin_last_edited=\u00bbon|phone\u00bb custom_button_two=\u00bbon\u00bb button_two_use_icon=\u00bboff\u00bb button_two_custom_margin=\u00bb|||40px|false|false\u00bb button_two_custom_margin_tablet=\u00bb|||40px|false|false\u00bb button_two_custom_margin_phone=\u00bb|||0px|false|false\u00bb button_two_custom_margin_last_edited=\u00bbon|phone\u00bb global_colors_info=\u00bb{}\u00bb][\/dsm_button][\/et_pb_column][\/et_pb_row][\/et_pb_section][et_pb_section fb_built=\u00bb1&#8243; module_class=\u00bbServices VersionClair TexteIcone\u00bb _builder_version=\u00bb4.21.0&#8243; _module_preset=\u00bbdefault\u00bb background_enable_image=\u00bboff\u00bb custom_padding=\u00bb6.6%||||false|false\u00bb collapsed=\u00bboff\u00bb global_colors_info=\u00bb{}\u00bb][et_pb_row column_structure=\u00bb1_2,1_2&#8243; use_custom_gutter=\u00bbon\u00bb gutter_width=\u00bb2&#8243; make_equal=\u00bbon\u00bb module_class=\u00bbLargeurBox Inverser\u00bb _builder_version=\u00bb4.21.0&#8243; _module_preset=\u00bbdefault\u00bb custom_margin=\u00bb|auto|0.2%|auto|false|false\u00bb global_colors_info=\u00bb{}\u00bb][et_pb_column type=\u00bb1_2&#8243; _builder_version=\u00bb4.21.0&#8243; _module_preset=\u00bbdefault\u00bb animation_style=\u00bbslide\u00bb animation_direction=\u00bbleft\u00bb global_colors_info=\u00bb{}\u00bb][et_pb_text admin_label=\u00bbTitre &#8211; H1&#8243; module_class=\u00bbTitre Gauche\u00bb _builder_version=\u00bb4.21.0&#8243; _module_preset=\u00bbdefault\u00bb global_colors_info=\u00bb{}\u00bb]<\/p>\n<h2>Celebramos nuestro <strong>40 aniversario<\/strong><\/h2>\n<p>[\/et_pb_text][et_pb_text module_class=\u00bbTexte Gauche\u00bb _builder_version=\u00bb4.21.0&#8243; _module_preset=\u00bbdefault\u00bb global_colors_info=\u00bb{}\u00bb]<\/p>\n<p>Desde hace 40 a\u00f1os, situamos a las personas en el centro de nuestras actividades: nuestros  <strong>empleados<\/strong>  en primer lugar, garantizando su bienestar en la medida de lo posible, nuestro  <strong>vecinos  <\/strong>nuestro departamento y nuestra regi\u00f3n (nuestros productos se dise\u00f1an, conciben, desarrollan y fabrican en Francia), sino tambi\u00e9n la<strong>ser humano<\/strong>  limitando al m\u00e1ximo nuestro impacto ambiental.<\/p>\n<p>En 2023, pedimos a nuestros empleados que votaran para definir juntos los valores que reflejan qui\u00e9nes somos: las personas, la innovaci\u00f3n, el esp\u00edritu de equipo, la amabilidad y el humor.<\/p>\n<p>[\/et_pb_text][et_pb_button button_url=\u00bbhttps:\/\/2024.pyres.com\/es\/?page_id=11623&#8243; button_text=\u00bbAqu\u00ed encontrar\u00e1 m\u00e1s informaci\u00f3n sobre nuestros compromisos.\u00bb module_class=\u00bbBouton Style1&#8243; _builder_version=\u00bb4.23.2&#8243; _module_preset=\u00bbdefault\u00bb custom_button=\u00bbon\u00bb button_text_color=\u00bb#FFFFFF\u00bb button_bg_color=\u00bb#FFFFFF\u00bb button_border_color=\u00bb#e30613&#8243; button_use_icon=\u00bboff\u00bb global_colors_info=\u00bb{}\u00bb][\/et_pb_button][\/et_pb_column][et_pb_column type=\u00bb1_2&#8243; _builder_version=\u00bb4.21.0&#8243; _module_preset=\u00bbdefault\u00bb animation_style=\u00bbslide\u00bb animation_direction=\u00bbright\u00bb global_colors_info=\u00bb{}\u00bb][dsm_floating_multi_images module_class=\u00bbImage Mouvante\u00bb _builder_version=\u00bb4.23.1&#8243; _module_preset=\u00bbdefault\u00bb custom_margin=\u00bb40px||||false|false\u00bb global_colors_info=\u00bb{}\u00bb][dsm_floating_multi_images_child src=\u00bbhttps:\/\/2024.pyres.com\/wp-content\/uploads\/2023\/11\/WhatsApp-Image-2023-06-22-at-21.47.04.jpeg\u00bb title_text=\u00bbWhatsApp Image 2023-06-22 at 21.47.04&#8243; horizontal_align=\u00bb36%\u00bb vertical_align=\u00bb-27%\u00bb _builder_version=\u00bb4.23.1&#8243; _module_preset=\u00bbdefault\u00bb global_colors_info=\u00bb{}\u00bb][\/dsm_floating_multi_images_child][dsm_floating_multi_images_child src=\u00bbhttps:\/\/2024.pyres.com\/wp-content\/uploads\/2023\/11\/BIENVEILLANCE.png\u00bb title_text=\u00bbBIENVEILLANCE\u00bb vertical_align=\u00bb-6%\u00bb _builder_version=\u00bb4.23.1&#8243; _module_preset=\u00bbdefault\u00bb global_colors_info=\u00bb{}\u00bb][\/dsm_floating_multi_images_child][dsm_floating_multi_images_child src=\u00bbhttps:\/\/2024.pyres.com\/wp-content\/uploads\/2023\/12\/Nos-Engagements.jpg\u00bb title_text=\u00bbNos Engagements\u00bb horizontal_align=\u00bb22%\u00bb vertical_align=\u00bb30%\u00bb _builder_version=\u00bb4.23.1&#8243; _module_preset=\u00bbdefault\u00bb max_width=\u00bb57%\u00bb global_colors_info=\u00bb{}\u00bb][\/dsm_floating_multi_images_child][\/dsm_floating_multi_images][\/et_pb_column][\/et_pb_row][\/et_pb_section][et_pb_section fb_built=\u00bb1&#8243; _builder_version=\u00bb4.21.0&#8243; _module_preset=\u00bbdefault\u00bb global_colors_info=\u00bb{}\u00bb][et_pb_row column_structure=\u00bb1_4,3_4&#8243; module_class=\u00bbLargeurBox\u00bb _builder_version=\u00bb4.23.1&#8243; _module_preset=\u00bbdefault\u00bb global_colors_info=\u00bb{}\u00bb][et_pb_column type=\u00bb1_4&#8243; _builder_version=\u00bb4.21.0&#8243; _module_preset=\u00bbdefault\u00bb global_colors_info=\u00bb{}\u00bb][et_pb_image src=\u00bbhttps:\/\/2024.pyres.com\/wp-content\/uploads\/2023\/12\/label-la-french-fab_article_image.png\u00bb title_text=\u00bblabel-la-francia-fab_article_image\u00bb _builder_version=\u00bb4.23.1&#8243; _module_preset=\u00bbdefault\u00bb custom_margin=\u00bb||-1px|||\u00bb custom_padding=\u00bb|||0px||\u00bb global_colors_info=\u00bb{}\u00bb][\/et_pb_image][\/et_pb_column][et_pb_column type=\u00bb3_4&#8243; _builder_version=\u00bb4.21.0&#8243; _module_preset=\u00bbdefault\u00bb global_colors_info=\u00bb{}\u00bb][et_pb_text admin_label=\u00bbTitre &#8211; H1&#8243; module_class=\u00bbTitre Gauche\u00bb _builder_version=\u00bb4.23.1&#8243; _module_preset=\u00bbdefault\u00bb custom_margin=\u00bb20px||0px||false|false\u00bb custom_padding=\u00bb||0px||false|false\u00bb global_colors_info=\u00bb{}\u00bb]<\/p>\n<h3 style=\"text-align: center;\">PYRESCOM forma parte de la Fab francesa<\/h3>\n<p>[\/et_pb_text][et_pb_text module_class=\u00bbTexte Gauche\u00bb _builder_version=\u00bb4.23.1&#8243; _module_preset=\u00bbdefault\u00bb global_colors_info=\u00bb{}\u00bb]<\/p>\n<p>Estamos orgullosos de llevar 40 a\u00f1os imaginando, dise\u00f1ando y fabricando nuestras soluciones en Francia. Hemos optado por permanecer en la regi\u00f3n que nos vio nacer: los Pirineos Orientales, y participar en el desarrollo de nuestra regi\u00f3n. Acogemos a becarios y suplentes de escuelas cercanas para contribuir a su formaci\u00f3n.<\/p>\n<p>[\/et_pb_text][\/et_pb_column][\/et_pb_row][\/et_pb_section][et_pb_section fb_built=\u00bb1&#8243; prev_background_color=\u00bb#ffffff\u00bb next_background_color=\u00bb#ffffff\u00bb module_class=\u00bbServices VersionSombre Carte Separateur\u00bb _builder_version=\u00bb4.23.1&#8243; _module_preset=\u00bbdefault\u00bb background_color=\u00bb#FFFFFF\u00bb use_background_color_gradient=\u00bbon\u00bb background_color_gradient_stops=\u00bbrgba(192,192,191,0.47) 0%|#011545 100%\u00bb background_color_gradient_overlays_image=\u00bbon\u00bb background_image=\u00bbhttps:\/\/2024.pyres.com\/wp-content\/uploads\/2023\/08\/9-scaled.jpg\u00bb top_divider_style=\u00bbarrow2&#8243; bottom_divider_style=\u00bbarrow2&#8243; bottom_divider_flip=\u00bbvertical\u00bb collapsed=\u00bbon\u00bb global_colors_info=\u00bb{}\u00bb background__hover_enabled=\u00bbon|hover\u00bb background_color__hover=\u00bb\u00bb background_enable_color__hover=\u00bboff\u00bb use_background_color_gradient__hover=\u00bbon\u00bb background_color_gradient_stops__hover=\u00bbrgba(192,192,191,0.47) 0%|#011545 100%\u00bb][et_pb_row module_class=\u00bbLargeurBox\u00bb _builder_version=\u00bb4.21.0&#8243; _module_preset=\u00bbdefault\u00bb global_colors_info=\u00bb{}\u00bb][et_pb_column type=\u00bb4_4&#8243; _builder_version=\u00bb4.21.0&#8243; _module_preset=\u00bbdefault\u00bb global_colors_info=\u00bb{}\u00bb][et_pb_text admin_label=\u00bbTitre &#8211; H1&#8243; module_class=\u00bbTitre Milieu\u00bb _builder_version=\u00bb4.21.0&#8243; _module_preset=\u00bbdefault\u00bb global_colors_info=\u00bb{}\u00bb]<\/p>\n<h2>Todos <strong>nuestros sectores de actividad <br \/><\/strong><\/h2>\n<p>[\/et_pb_text][\/et_pb_column][\/et_pb_row][et_pb_row column_structure=\u00bb1_3,1_3,1_3&#8243; module_class=\u00bbLargeurBox Colonne3&#8243; _builder_version=\u00bb4.21.0&#8243; _module_preset=\u00bbdefault\u00bb global_colors_info=\u00bb{}\u00bb][et_pb_column type=\u00bb1_3&#8243; module_class=\u00bbColonne\u00bb _builder_version=\u00bb4.19.5&#8243; _module_preset=\u00bbdefault\u00bb global_colors_info=\u00bb{}\u00bb][dsm_card button_css=\u00bbBouton\u00bb title=\u00bbCiudad de PYRES\u00bb image=\u00bbhttps:\/\/2024.pyres.com\/wp-content\/uploads\/2023\/05\/Pyres-City.jpg\u00bb button_text=\u00bbM\u00e1s informaci\u00f3n\u00bb button_url=\u00bb@ET-DC@eyJkeW5hbWljIjp0cnVlLCJjb250ZW50IjoicG9zdF9saW5rX3VybF9wYWdlIiwic2V0dGluZ3MiOnsicG9zdF9pZCI6IjcyIn19@\u00bb button_url_new_window=\u00bb1&#8243; module_class=\u00bbMilieu\u00bb _builder_version=\u00bb4.21.0&#8243; _dynamic_attributes=\u00bblink_option_url,button_url\u00bb _module_preset=\u00bbdefault\u00bb header_level=\u00bbh2&#8243; custom_button=\u00bbon\u00bb button_text_color=\u00bb#e30613&#8243; button_alignment=\u00bbcenter\u00bb link_option_url=\u00bb@ET-DC@eyJkeW5hbWljIjp0cnVlLCJjb250ZW50IjoicG9zdF9saW5rX3VybF9wYWdlIiwic2V0dGluZ3MiOnsicG9zdF9pZCI6IjcyIn19@\u00bb global_colors_info=\u00bb{}\u00bb]<\/p>\n<p><span>\u00bfEst\u00e1 embarcado en un proyecto de ciudad inteligente?<\/span><br \/><span>PYRESCOM le ofrece soluciones innovadoras y sostenibles.<\/span><\/p>\n<p>[\/dsm_card][\/et_pb_column][et_pb_column type=\u00bb1_3&#8243; module_class=\u00bbColonne\u00bb _builder_version=\u00bb4.19.5&#8243; _module_preset=\u00bbdefault\u00bb global_colors_info=\u00bb{}\u00bb][dsm_card button_css=\u00bbBouton\u00bb title=\u00bbEmpresa PYRES\u00bb image=\u00bbhttps:\/\/2024.pyres.com\/wp-content\/uploads\/2023\/08\/45-scaled.jpg\u00bb button_text=\u00bbM\u00e1s informaci\u00f3n\u00bb button_url=\u00bb@ET-DC@eyJkeW5hbWljIjp0cnVlLCJjb250ZW50IjoicG9zdF9saW5rX3VybF9wYWdlIiwic2V0dGluZ3MiOnsicG9zdF9pZCI6Ijc0In19@\u00bb button_url_new_window=\u00bb1&#8243; module_class=\u00bbMilieu\u00bb _builder_version=\u00bb4.21.0&#8243; _dynamic_attributes=\u00bblink_option_url,button_url\u00bb _module_preset=\u00bbdefault\u00bb header_level=\u00bbh2&#8243; custom_button=\u00bbon\u00bb button_text_color=\u00bb#e30613&#8243; button_alignment=\u00bbcenter\u00bb link_option_url=\u00bb@ET-DC@eyJkeW5hbWljIjp0cnVlLCJjb250ZW50IjoicG9zdF9saW5rX3VybF9wYWdlIiwic2V0dGluZ3MiOnsicG9zdF9pZCI6Ijc0In19@\u00bb global_colors_info=\u00bb{}\u00bb]<\/p>\n<p>\u00bfQuiere adaptarse a los cambios del mundo laboral?<br \/>Le facilitamos la gesti\u00f3n de su tiempo y fomentamos su bienestar.<\/p>\n<p>[\/dsm_card][\/et_pb_column][et_pb_column type=\u00bb1_3&#8243; module_class=\u00bbColonne\u00bb _builder_version=\u00bb4.19.5&#8243; _module_preset=\u00bbdefault\u00bb global_colors_info=\u00bb{}\u00bb][dsm_card button_css=\u00bbBouton\u00bb title=\u00bbPYRES Salud\u00bb image=\u00bbhttps:\/\/2024.pyres.com\/wp-content\/uploads\/2023\/07\/Design-sans-titre-10.png\u00bb button_text=\u00bbM\u00e1s informaci\u00f3n\u00bb button_url=\u00bb@ET-DC@eyJkeW5hbWljIjp0cnVlLCJjb250ZW50IjoicG9zdF9saW5rX3VybF9wYWdlIiwic2V0dGluZ3MiOnsicG9zdF9pZCI6IjczIn19@\u00bb button_url_new_window=\u00bb1&#8243; module_class=\u00bbMilieu\u00bb _builder_version=\u00bb4.21.0&#8243; _dynamic_attributes=\u00bblink_option_url,button_url\u00bb _module_preset=\u00bbdefault\u00bb header_level=\u00bbh2&#8243; custom_button=\u00bbon\u00bb button_text_color=\u00bb#e30613&#8243; button_alignment=\u00bbcenter\u00bb link_option_url=\u00bb@ET-DC@eyJkeW5hbWljIjp0cnVlLCJjb250ZW50IjoicG9zdF9saW5rX3VybF9wYWdlIiwic2V0dGluZ3MiOnsicG9zdF9pZCI6IjczIn19@\u00bb global_colors_info=\u00bb{}\u00bb transform_styles__hover_enabled=\u00bboff|desktop\u00bb transform_scale__hover_enabled=\u00bboff|desktop\u00bb transform_translate__hover_enabled=\u00bboff|desktop\u00bb transform_rotate__hover_enabled=\u00bboff|desktop\u00bb transform_skew__hover_enabled=\u00bboff|desktop\u00bb transform_origin__hover_enabled=\u00bboff|desktop\u00bb]<\/p>\n<p>\u00bfLe gustar\u00eda controlar sus desfibriladores y la calidad de su aire interior?<br \/>Nuestras soluciones gozan de reconocimiento y son referencia en sus mercados.<\/p>\n<p>[\/dsm_card][\/et_pb_column][\/et_pb_row][\/et_pb_section][et_pb_section fb_built=\u00bb1&#8243; module_class=\u00bbServices VersionClair TexteIcone\u00bb _builder_version=\u00bb4.21.0&#8243; _module_preset=\u00bbdefault\u00bb background_enable_image=\u00bboff\u00bb custom_padding=\u00bb6.6%||0px||false|false\u00bb collapsed=\u00bboff\u00bb global_colors_info=\u00bb{}\u00bb][et_pb_row column_structure=\u00bb1_2,1_2&#8243; use_custom_gutter=\u00bbon\u00bb gutter_width=\u00bb2&#8243; make_equal=\u00bbon\u00bb module_class=\u00bbLargeurBox Inverser\u00bb _builder_version=\u00bb4.21.0&#8243; _module_preset=\u00bbdefault\u00bb custom_margin=\u00bb||6%||false|false\u00bb global_colors_info=\u00bb{}\u00bb][et_pb_column type=\u00bb1_2&#8243; _builder_version=\u00bb4.21.0&#8243; _module_preset=\u00bbdefault\u00bb animation_style=\u00bbslide\u00bb animation_direction=\u00bbleft\u00bb global_colors_info=\u00bb{}\u00bb][dsm_floating_multi_images module_class=\u00bbImage Mouvante\u00bb _builder_version=\u00bb4.23.1&#8243; _module_preset=\u00bbdefault\u00bb custom_margin=\u00bb40px||||false|false\u00bb global_colors_info=\u00bb{}\u00bb][dsm_floating_multi_images_child src=\u00bbhttps:\/\/2024.pyres.com\/wp-content\/uploads\/2023\/12\/EPnrj.jpg\u00bb title_text=\u00bbEPnrj\u00bb horizontal_align=\u00bb36%\u00bb vertical_align=\u00bb-27%\u00bb _builder_version=\u00bb4.23.1&#8243; _module_preset=\u00bbdefault\u00bb global_colors_info=\u00bb{}\u00bb][\/dsm_floating_multi_images_child][dsm_floating_multi_images_child src=\u00bbhttps:\/\/2024.pyres.com\/wp-content\/uploads\/2023\/12\/2312-AIVIA-Retouche.jpg\u00bb title_text=\u00bb2312 &#8211; AIVIA Retouche\u00bb vertical_align=\u00bb-6%\u00bb _builder_version=\u00bb4.23.1&#8243; _module_preset=\u00bbdefault\u00bb global_colors_info=\u00bb{}\u00bb][\/dsm_floating_multi_images_child][dsm_floating_multi_images_child src=\u00bbhttps:\/\/2024.pyres.com\/wp-content\/uploads\/2023\/12\/ClassAir.jpg\u00bb title_text=\u00bbClass&#8217;Air\u00bb horizontal_align=\u00bb22%\u00bb vertical_align=\u00bb30%\u00bb _builder_version=\u00bb4.23.1&#8243; _module_preset=\u00bbdefault\u00bb max_width=\u00bb57%\u00bb global_colors_info=\u00bb{}\u00bb][\/dsm_floating_multi_images_child][\/dsm_floating_multi_images][\/et_pb_column][et_pb_column type=\u00bb1_2&#8243; _builder_version=\u00bb4.21.0&#8243; _module_preset=\u00bbdefault\u00bb animation_style=\u00bbslide\u00bb animation_direction=\u00bbright\u00bb global_colors_info=\u00bb{}\u00bb][et_pb_text admin_label=\u00bbTitre &#8211; H1&#8243; module_class=\u00bbTitre Gauche\u00bb _builder_version=\u00bb4.21.0&#8243; _module_preset=\u00bbdefault\u00bb global_colors_info=\u00bb{}\u00bb]<\/p>\n<h2>D\u00e9 vida a sus proyectos con<strong> PYRESCOM<\/strong><\/h2>\n<p>[\/et_pb_text][et_pb_text module_class=\u00bbTexte Gauche\u00bb _builder_version=\u00bb4.21.0&#8243; _module_preset=\u00bbdefault\u00bb global_colors_info=\u00bb{}\u00bb]<\/p>\n<p>Fundada en 1984 en los Pirineos Orientales, PYRESCOM desarrolla soluciones conectadas para <strong>Smart City, Smart Health y Smart Enterprise<\/strong>.<\/p>\n<p>Especialista en datos, <strong>PYRESCOM imagina, crea prototipos, dise\u00f1a y fabrica sus productos en Francia<\/strong>.<\/p>\n<p>En la actualidad, PYRESCOM cuenta con m\u00e1s de <strong>8.000 clientes en m\u00e1s de 50 pa\u00edses<\/strong>.<\/p>\n<p>[\/et_pb_text][et_pb_button button_url=\u00bbhttps:\/\/2024.pyres.com\/es\/?page_id=11583&#8243; button_text=\u00bbP\u00f3ngase en contacto con nosotros\u00bb module_class=\u00bbBouton Style1&#8243; _builder_version=\u00bb4.23.2&#8243; _module_preset=\u00bbdefault\u00bb custom_button=\u00bbon\u00bb button_text_color=\u00bb#FFFFFF\u00bb button_bg_color=\u00bb#FFFFFF\u00bb button_border_color=\u00bb#e30613&#8243; button_use_icon=\u00bboff\u00bb global_colors_info=\u00bb{}\u00bb][\/et_pb_button][\/et_pb_column][\/et_pb_row][\/et_pb_section]<\/p>\n","protected":false},"excerpt":{"rendered":"<p>PYRESCOM Dise\u00f1ador franc\u00e9s de soluciones conectadas<div class=\"et_pb_module dsm_button dsm_button_0 BoutonDouble et_pb_bg_layout_light\">\n\t\t\t\t\n\t\t\t\t\n\t\t\t\t\n\t\t\t\t\n\t\t\t\t\n\t\t\t\t\n\t\t\t\t<div class=\"et_pb_module_inner\">\n\t\t\t\t\t<div class=\"et_pb_button_module_wrappers dsm_button_0_wrapper et_pb_button_alignment_center et_pb_module\">\n\t\t\t\t<a class=\"et_pb_button et_pb_button_one et_pb_bg_layout_light dsm-none Bouton Style2\"  href=https:\/\/2024.pyres.com\/es\/?page_id=11583 data-dsm-lightbox-id=\"dsm_button_one_lightbox dsm_button_0\"><span>P\u00f3ngase en contacto con nosotros<\/span><\/a><a class=\"et_pb_button et_pb_button_two et_pb_bg_layout_light dsm-none Bouton Style4\"  href=https:\/\/2024.pyres.com\/es\/?page_id=11568 data-dsm-lightbox-id=\"dsm_button_two_lightbox dsm_button_0\"><span>\u00danete a la aventura<\/span><\/a>\n\t\t\t<\/div>\n\t\t\t\t<\/div>\n\t\t\t<\/div>Celebramos nuestro 40 aniversarioDesde hace 40 a\u00f1os, situamos a las personas en el centro de nuestras actividades: nuestros empleados [&hellip;]<\/p>\n","protected":false},"author":1,"featured_media":13947,"parent":0,"menu_order":10,"comment_status":"closed","ping_status":"closed","template":"","meta":{"_acf_changed":false,"_et_pb_use_builder":"on","_et_pb_old_content":"","_et_gb_content_width":"","content-type":"","footnotes":""},"class_list":["post-11729","page","type-page","status-publish","has-post-thumbnail","hentry"],"acf":[],"_links":{"self":[{"href":"https:\/\/pyres.com\/es\/wp-json\/wp\/v2\/pages\/11729","targetHints":{"allow":["GET"]}}],"collection":[{"href":"https:\/\/pyres.com\/es\/wp-json\/wp\/v2\/pages"}],"about":[{"href":"https:\/\/pyres.com\/es\/wp-json\/wp\/v2\/types\/page"}],"author":[{"embeddable":true,"href":"https:\/\/pyres.com\/es\/wp-json\/wp\/v2\/users\/1"}],"replies":[{"embeddable":true,"href":"https:\/\/pyres.com\/es\/wp-json\/wp\/v2\/comments?post=11729"}],"version-history":[{"count":0,"href":"https:\/\/pyres.com\/es\/wp-json\/wp\/v2\/pages\/11729\/revisions"}],"wp:featuredmedia":[{"embeddable":true,"href":"https:\/\/pyres.com\/es\/wp-json\/wp\/v2\/media\/13947"}],"wp:attachment":[{"href":"https:\/\/pyres.com\/es\/wp-json\/wp\/v2\/media?parent=11729"}],"curies":[{"name":"wp","href":"https:\/\/api.w.org\/{rel}","templated":true}]}}