{"id":11698,"date":"2023-04-20T18:15:47","date_gmt":"2023-04-20T16:15:47","guid":{"rendered":"https:\/\/2024.pyres.com\/ciudad-de-pyres\/"},"modified":"2024-01-17T14:44:51","modified_gmt":"2024-01-17T13:44:51","slug":"pyres-city","status":"publish","type":"page","link":"https:\/\/pyres.com\/es\/sectores\/pyres-city\/","title":{"rendered":"Ciudad de Pyres"},"content":{"rendered":"<p>[et_pb_section fb_built=\u00bb1&#8243; admin_label=\u00bbHeader FullPage Gauche VersionClair\u00bb module_class=\u00bbHeader FullPage VersionSombre Simple\u00bb _builder_version=\u00bb4.23.2&#8243; _module_preset=\u00bbdefault\u00bb use_background_color_gradient=\u00bbon\u00bb background_color_gradient_direction=\u00bb135deg\u00bb background_color_gradient_stops=\u00bbrgba(40,247,249,0.9) 0%|rgba(6,131,246,0.9) 100%\u00bb background_color_gradient_overlays_image=\u00bbon\u00bb background_image=\u00bbhttps:\/\/2024.pyres.com\/wp-content\/uploads\/2023\/07\/3-4.png\u00bb custom_margin=\u00bb||0px||false|false\u00bb custom_padding=\u00bb10%||12%||false|false\u00bb bottom_divider_style=\u00bbarrow2&#8243; bottom_divider_color=\u00bb#FFFFFF\u00bb bottom_divider_flip=\u00bbvertical\u00bb global_colors_info=\u00bb{}\u00bb][et_pb_row make_equal=\u00bbon\u00bb module_class=\u00bbLargeurBox\u00bb _builder_version=\u00bb4.21.0&#8243; _module_preset=\u00bbdefault\u00bb custom_padding=\u00bb||||false|false\u00bb global_colors_info=\u00bb{}\u00bb][et_pb_column type=\u00bb4_4&#8243; _builder_version=\u00bb4.21.0&#8243; _module_preset=\u00bbdefault\u00bb global_colors_info=\u00bb{}\u00bb][et_pb_text admin_label=\u00bbTitre &#8211; H1&#8243; module_class=\u00bbTitre Milieu\u00bb _builder_version=\u00bb4.21.0&#8243; _module_preset=\u00bbdefault\u00bb global_colors_info=\u00bb{}\u00bb]<\/p>\n<h1><strong>PYRES City<\/strong><\/h1>\n<p>[\/et_pb_text][et_pb_text module_class=\u00bbTexte Milieu\u00bb _builder_version=\u00bb4.21.0&#8243; _module_preset=\u00bbdefault\u00bb global_colors_info=\u00bb{}\u00bb]<\/p>\n<p>\u00bfEst\u00e1 embarcado en un proyecto de ciudad inteligente?<br \/>PYRESCOM le ofrece soluciones innovadoras y sostenibles.<\/p>\n<p>[\/et_pb_text][\/et_pb_column][\/et_pb_row][\/et_pb_section][et_pb_section fb_built=\u00bb1&#8243; module_class=\u00bbServices VersionClair TexteIcone\u00bb _builder_version=\u00bb4.19.5&#8243; _module_preset=\u00bbdefault\u00bb background_enable_image=\u00bboff\u00bb collapsed=\u00bboff\u00bb global_colors_info=\u00bb{}\u00bb][et_pb_row column_structure=\u00bb1_2,1_2&#8243; make_equal=\u00bbon\u00bb module_class=\u00bbLargeurBox Inverser\u00bb _builder_version=\u00bb4.21.0&#8243; _module_preset=\u00bbdefault\u00bb global_colors_info=\u00bb{}\u00bb][et_pb_column type=\u00bb1_2&#8243; _builder_version=\u00bb4.21.0&#8243; _module_preset=\u00bbdefault\u00bb animation_style=\u00bbslide\u00bb animation_direction=\u00bbleft\u00bb global_colors_info=\u00bb{}\u00bb][dsm_floating_multi_images module_class=\u00bbImage Mouvante\u00bb _builder_version=\u00bb4.21.0&#8243; _module_preset=\u00bbdefault\u00bb global_colors_info=\u00bb{}\u00bb][dsm_floating_multi_images_child src=\u00bbhttps:\/\/2024.pyres.com\/wp-content\/uploads\/2023\/08\/12-scaled.jpg\u00bb title_text=\u00bb12&#8243; horizontal_align=\u00bb36%\u00bb vertical_align=\u00bb-27%\u00bb _builder_version=\u00bb4.23.2&#8243; _module_preset=\u00bbdefault\u00bb global_colors_info=\u00bb{}\u00bb][\/dsm_floating_multi_images_child][dsm_floating_multi_images_child title_text=\u00bb32&#8243; horizontal_align=\u00bb10%\u00bb vertical_align=\u00bb-10%\u00bb _builder_version=\u00bb4.23.2&#8243; _module_preset=\u00bbdefault\u00bb global_colors_info=\u00bb{}\u00bb][\/dsm_floating_multi_images_child][dsm_floating_multi_images_child src=\u00bbhttps:\/\/2024.pyres.com\/wp-content\/uploads\/2023\/08\/45-1-scaled.jpg\u00bb title_text=\u00bb45&#8243; vertical_align=\u00bb-6%\u00bb _builder_version=\u00bb4.23.2&#8243; _module_preset=\u00bbdefault\u00bb global_colors_info=\u00bb{}\u00bb][\/dsm_floating_multi_images_child][dsm_floating_multi_images_child src=\u00bbhttps:\/\/2024.pyres.com\/wp-content\/uploads\/2023\/12\/7.jpg\u00bb alt=\u00bbImagen\u00bb title_text=\u00bb7&#8243; horizontal_align=\u00bb35%\u00bb vertical_align=\u00bb20%\u00bb _builder_version=\u00bb4.23.2&#8243; _module_preset=\u00bbdefault\u00bb max_width=\u00bb45%\u00bb global_colors_info=\u00bb{}\u00bb][\/dsm_floating_multi_images_child][\/dsm_floating_multi_images][\/et_pb_column][et_pb_column type=\u00bb1_2&#8243; _builder_version=\u00bb4.21.0&#8243; _module_preset=\u00bbdefault\u00bb animation_style=\u00bbslide\u00bb animation_direction=\u00bbright\u00bb global_colors_info=\u00bb{}\u00bb][et_pb_text admin_label=\u00bbTitre &#8211; H1&#8243; module_id=\u00bbEnjeux\u00bb module_class=\u00bbTitre Gauche\u00bb _builder_version=\u00bb4.21.0&#8243; _module_preset=\u00bbdefault\u00bb global_colors_info=\u00bb{}\u00bb]<\/p>\n<h2><strong>Puesta en marcha de<\/strong> un proyecto de ciudad inteligente.<\/h2>\n<p>[\/et_pb_text][et_pb_text module_class=\u00bbTexte Gauche\u00bb _builder_version=\u00bb4.21.0&#8243; _module_preset=\u00bbdefault\u00bb global_colors_info=\u00bb{}\u00bb]<\/p>\n<p>&nbsp;<\/p>\n<p>Poner en marcha un proyecto de ciudad inteligente significa mejorar la vida de las personas conectando infraestructuras. Esta transformaci\u00f3n, que ya se aplica en varias ciudades, se est\u00e1 generalizando y extendiendo a todas las regiones.<\/p>\n<p>Modernizar nuestras ciudades es un proyecto ambicioso, pero esencial si queremos afrontar los retos del ma\u00f1ana.<\/p>\n<p>[\/et_pb_text][\/et_pb_column][\/et_pb_row][\/et_pb_section][et_pb_section fb_built=\u00bb1&#8243; module_class=\u00bbServices VersionClair TexteIcone\u00bb _builder_version=\u00bb4.19.5&#8243; _module_preset=\u00bbdefault\u00bb background_enable_image=\u00bboff\u00bb collapsed=\u00bbon\u00bb global_colors_info=\u00bb{}\u00bb][et_pb_row column_structure=\u00bb1_2,1_2&#8243; make_equal=\u00bbon\u00bb module_class=\u00bbLargeurBox\u00bb _builder_version=\u00bb4.21.0&#8243; _module_preset=\u00bbdefault\u00bb global_colors_info=\u00bb{}\u00bb][et_pb_column type=\u00bb1_2&#8243; _builder_version=\u00bb4.21.0&#8243; _module_preset=\u00bbdefault\u00bb animation_style=\u00bbslide\u00bb animation_direction=\u00bbleft\u00bb global_colors_info=\u00bb{}\u00bb][et_pb_text admin_label=\u00bbTitre &#8211; H1&#8243; module_class=\u00bbTitre Gauche\u00bb _builder_version=\u00bb4.21.0&#8243; _module_preset=\u00bbdefault\u00bb global_colors_info=\u00bb{}\u00bb]<\/p>\n<h2><strong>Un primer paso <\/strong>hacia la ciudad inteligente.<\/h2>\n<p>[\/et_pb_text][et_pb_text module_class=\u00bbTexte Gauche\u00bb _builder_version=\u00bb4.21.0&#8243; _module_preset=\u00bbdefault\u00bb global_colors_info=\u00bb{}\u00bb]<\/p>\n<p>&nbsp;<\/p>\n<p>Las ciudades inteligentes no se improvisan El despliegue de soluciones conectadas debe formar parte de una estrategia global para optimizar las ciudades y sus infraestructuras.  <\/p>\n<p>Como profesionales de los datos, nuestros equipos pueden ayudarle a hacer realidad sus proyectos de Ciudad Inteligente:<\/p>\n<p>[\/et_pb_text][dsm_icon_list module_class=\u00bbIcone\u00bb _builder_version=\u00bb4.21.0&#8243; _module_preset=\u00bbdefault\u00bb global_colors_info=\u00bb{}\u00bb][dsm_icon_list_child text=\u00bbAhorre r\u00e1pidamente controlando el alumbrado p\u00fablico,\u00bb font_icon=\u00bb&#x4e;||divi||400&#8243; _builder_version=\u00bb4.21.0&#8243; _module_preset=\u00bbdefault\u00bb global_colors_info=\u00bb{}\u00bb][\/dsm_icon_list_child][dsm_icon_list_child text=\u00bbAsegurar los arsenales policiales y garantizar la trazabilidad de las armas,\u00bb font_icon=\u00bb&#x4e;||divi||400&#8243; _builder_version=\u00bb4.21.0&#8243; _module_preset=\u00bbdefault\u00bb global_colors_info=\u00bb{}\u00bb][\/dsm_icon_list_child][dsm_icon_list_child text=\u00bbControle la calidad del aire interior de sus edificios p\u00fablicos,\u00bb font_icon=\u00bb&#x4e;||divi||400&#8243; _builder_version=\u00bb4.21.0&#8243; _module_preset=\u00bbdefault\u00bb global_colors_info=\u00bb{}\u00bb][\/dsm_icon_list_child][dsm_icon_list_child text=\u00bbProteja y controle los desfibriladores instalados en su espacio p\u00fablico.\u00bb font_icon=\u00bb&#x4e;||divi||400&#8243; _builder_version=\u00bb4.21.0&#8243; _module_preset=\u00bbdefault\u00bb global_colors_info=\u00bb{}\u00bb][\/dsm_icon_list_child][\/dsm_icon_list][\/et_pb_column][et_pb_column type=\u00bb1_2&#8243; _builder_version=\u00bb4.21.0&#8243; _module_preset=\u00bbdefault\u00bb animation_style=\u00bbslide\u00bb animation_direction=\u00bbright\u00bb global_colors_info=\u00bb{}\u00bb][dsm_floating_multi_images module_class=\u00bbImage Mouvante\u00bb _builder_version=\u00bb4.21.0&#8243; _module_preset=\u00bbdefault\u00bb global_colors_info=\u00bb{}\u00bb][dsm_floating_multi_images_child src=\u00bbhttps:\/\/2024.pyres.com\/wp-content\/uploads\/2023\/05\/Smart-City-Challenge-02.jpg\u00bb horizontal_align=\u00bb22%\u00bb vertical_align=\u00bb20%\u00bb _builder_version=\u00bb4.21.0&#8243; _module_preset=\u00bbdefault\u00bb max_width=\u00bb57%\u00bb global_colors_info=\u00bb{}\u00bb][\/dsm_floating_multi_images_child][dsm_floating_multi_images_child src=\u00bbhttps:\/\/2024.pyres.com\/wp-content\/uploads\/2023\/08\/10-scaled.jpg\u00bb title_text=\u00bb10&#8243; horizontal_align=\u00bb36%\u00bb vertical_align=\u00bb-27%\u00bb _builder_version=\u00bb4.23.2&#8243; _module_preset=\u00bbdefault\u00bb global_colors_info=\u00bb{}\u00bb][\/dsm_floating_multi_images_child][dsm_floating_multi_images_child src=\u00bbhttps:\/\/2024.pyres.com\/wp-content\/uploads\/2023\/05\/Smart-City-Challenge-01.jpg\u00bb title_text=\u00bbSmart City &#8211; Challenge &#8211; 01&#8243; horizontal_align=\u00bb10%\u00bb vertical_align=\u00bb-10%\u00bb _builder_version=\u00bb4.21.0&#8243; _module_preset=\u00bbdefault\u00bb max_width=\u00bb40%\u00bb global_colors_info=\u00bb{}\u00bb][\/dsm_floating_multi_images_child][\/dsm_floating_multi_images][\/et_pb_column][\/et_pb_row][\/et_pb_section][et_pb_section fb_built=\u00bb1&#8243; prev_background_color=\u00bb#ffffff\u00bb next_background_color=\u00bb#ffffff\u00bb module_class=\u00bbServices VersionSombre Caroussel\u00bb _builder_version=\u00bb4.21.0&#8243; _module_preset=\u00bbdefault\u00bb use_background_color_gradient=\u00bbon\u00bb background_color_gradient_direction=\u00bb135deg\u00bb background_color_gradient_stops=\u00bbrgba(40,247,249,0.9) 0%|rgba(6,131,246,0.9) 100%\u00bb background_color_gradient_overlays_image=\u00bbon\u00bb background_image=\u00bbhttps:\/\/2024.pyres.com\/wp-content\/uploads\/2023\/07\/3-4.png\u00bb custom_padding=\u00bb180px||202px|||\u00bb top_divider_style=\u00bbarrow2&#8243; bottom_divider_style=\u00bbarrow2&#8243; bottom_divider_flip=\u00bbvertical\u00bb global_colors_info=\u00bb{}\u00bb][et_pb_row make_equal=\u00bbon\u00bb module_class=\u00bbLargeurBox EnTete\u00bb _builder_version=\u00bb4.19.5&#8243; _module_preset=\u00bbdefault\u00bb global_colors_info=\u00bb{}\u00bb][et_pb_column type=\u00bb4_4&#8243; _builder_version=\u00bb4.19.5&#8243; _module_preset=\u00bbdefault\u00bb global_colors_info=\u00bb{}\u00bb][et_pb_text admin_label=\u00bbTitre &#8211; H1&#8243; module_id=\u00bbNosSolutions\u00bb module_class=\u00bbTitre Milieu\u00bb _builder_version=\u00bb4.21.0&#8243; _module_preset=\u00bbdefault\u00bb global_colors_info=\u00bb{}\u00bb]<\/p>\n<h2>Nuestras <strong>soluciones <\/strong>PYRES City<\/h2>\n<p>[\/et_pb_text][\/et_pb_column][\/et_pb_row][et_pb_row module_class=\u00bbLargeurBox\u00bb _builder_version=\u00bb4.21.0&#8243; _module_preset=\u00bbdefault\u00bb saved_tabs=\u00bball\u00bb global_colors_info=\u00bb{}\u00bb][et_pb_column type=\u00bb4_4&#8243; module_class=\u00bbColonne\u00bb _builder_version=\u00bb4.19.5&#8243; _module_preset=\u00bbdefault\u00bb global_colors_info=\u00bb{}\u00bb][dsm_card_carousel space_between=\u00bb40&#8243; equal_height=\u00bbon\u00bb module_class=\u00bbCaroussel Milieu\u00bb _builder_version=\u00bb4.22.2&#8243; _module_preset=\u00bbdefault\u00bb header_level=\u00bbh3&#8243; button_alignment=\u00bbcenter\u00bb custom_margin=\u00bb||0px||false|false\u00bb custom_padding=\u00bb30px||0px||false|false\u00bb global_colors_info=\u00bb{}\u00bb][dsm_card_carousel_child title=\u00bbControl del alumbrado p\u00fablico\u00bb image=\u00bbhttps:\/\/2024.pyres.com\/wp-content\/uploads\/2023\/07\/2-1.png\u00bb button_text=\u00bbM\u00e1s informaci\u00f3n\u00bb button_url=\u00bb@ET-DC@eyJkeW5hbWljIjp0cnVlLCJjb250ZW50IjoicG9zdF9saW5rX3VybF9wYWdlIiwic2V0dGluZ3MiOnsicG9zdF9pZCI6Ijc3IiwiZW5hYmxlX2h0bWwiOiJvZmYifX0=@\u00bb button_url_new_window=\u00bb1&#8243; _builder_version=\u00bb4.22.2&#8243; _dynamic_attributes=\u00bbbutton_url,link_option_url\u00bb _module_preset=\u00bbdefault\u00bb header_font=\u00bb|700|||||||\u00bb header_text_color=\u00bb#000000&#8243; header_line_height=\u00bb2em\u00bb link_option_url=\u00bb@ET-DC@eyJkeW5hbWljIjp0cnVlLCJjb250ZW50IjoicG9zdF9saW5rX3VybF9wYWdlIiwic2V0dGluZ3MiOnsicG9zdF9pZCI6Ijc3IiwiZW5hYmxlX2h0bWwiOiJvZmYifX0=@\u00bb global_colors_info=\u00bb{}\u00bb transform_styles__hover_enabled=\u00bbon|hover\u00bb transform_scale__hover_enabled=\u00bbon|hover\u00bb transform_translate__hover_enabled=\u00bbon|desktop\u00bb transform_rotate__hover_enabled=\u00bbon|desktop\u00bb transform_skew__hover_enabled=\u00bbon|desktop\u00bb transform_origin__hover_enabled=\u00bbon|desktop\u00bb transform_scale__hover=\u00bb95%|95%\u00bb parent_button=\u00bboff\u00bb parent_header_level=\u00bbh3&#8243;]<\/p>\n<p>Los relojes astron\u00f3micos EPnrj permiten a las autoridades locales y otros profesionales del alumbrado p\u00fablico controlar la iluminaci\u00f3n a distancia y en tiempo real. EPnrj permite a las autoridades locales supervisar y controlar sus facturas energ\u00e9ticas.<\/p>\n<p>[\/dsm_card_carousel_child][dsm_card_carousel_child title=\u00bbProtecci\u00f3n de los desfibriladores\u00bb image=\u00bbhttps:\/\/2024.pyres.com\/wp-content\/uploads\/2023\/07\/IMG_6969-scaled.jpg\u00bb alt=\u00bbAIVA &#8211; Protecci\u00f3n del desfibrilador\u00bb button_text=\u00bbM\u00e1s informaci\u00f3n\u00bb button_url=\u00bb@ET-DC@eyJkeW5hbWljIjp0cnVlLCJjb250ZW50IjoicG9zdF9saW5rX3VybF9wYWdlIiwic2V0dGluZ3MiOnsicG9zdF9pZCI6Ijc4IiwiZW5hYmxlX2h0bWwiOiJvZmYifX0=@\u00bb button_url_new_window=\u00bb1&#8243; _builder_version=\u00bb4.21.0&#8243; _dynamic_attributes=\u00bblink_option_url,button_url\u00bb _module_preset=\u00bbdefault\u00bb header_font=\u00bb|700|||||||\u00bb header_text_color=\u00bb#000000&#8243; header_line_height=\u00bb2em\u00bb link_option_url=\u00bb@ET-DC@eyJkeW5hbWljIjp0cnVlLCJjb250ZW50IjoicG9zdF9saW5rX3VybF9wYWdlIiwic2V0dGluZ3MiOnsicG9zdF9pZCI6Ijc4IiwiZW5hYmxlX2h0bWwiOiJvZmYifX0=@\u00bb global_colors_info=\u00bb{}\u00bb transform_styles__hover_enabled=\u00bbon|hover\u00bb transform_scale__hover_enabled=\u00bbon|hover\u00bb transform_translate__hover_enabled=\u00bbon|desktop\u00bb transform_rotate__hover_enabled=\u00bbon|desktop\u00bb transform_skew__hover_enabled=\u00bbon|desktop\u00bb transform_origin__hover_enabled=\u00bbon|desktop\u00bb transform_scale__hover=\u00bb95%|95%\u00bb parent_button=\u00bboff\u00bb parent_header_level=\u00bbh3&#8243;]<\/p>\n<p>Los armarios AIVIA protegen y controlan los desfibriladores desde 2006. AIVIA cuenta con m\u00e1s de 500 000 armarios instalados en m\u00e1s de 50 pa\u00edses. Las cajas AIVIA se dividen en 2 gamas: Protecci\u00f3n y Vigilancia, tanto para interior como para exterior.<\/p>\n<p>[\/dsm_card_carousel_child][dsm_card_carousel_child title=\u00bbControl de la calidad del aire interior\u00bb image=\u00bbhttps:\/\/2024.pyres.com\/wp-content\/uploads\/2023\/05\/Qualite-de-lair-interieur-2.jpeg\u00bb button_text=\u00bbM\u00e1s informaci\u00f3n\u00bb button_url=\u00bb@ET-DC@eyJkeW5hbWljIjp0cnVlLCJjb250ZW50IjoicG9zdF9saW5rX3VybF9wYWdlIiwic2V0dGluZ3MiOnsicG9zdF9pZCI6IjgwIiwiZW5hYmxlX2h0bWwiOiJvZmYifX0=@\u00bb button_url_new_window=\u00bb1&#8243; _builder_version=\u00bb4.21.0&#8243; _dynamic_attributes=\u00bbbutton_url,link_option_url\u00bb _module_preset=\u00bbdefault\u00bb header_font=\u00bb|700|||||||\u00bb header_text_color=\u00bb#000000&#8243; header_line_height=\u00bb2em\u00bb link_option_url=\u00bb@ET-DC@eyJkeW5hbWljIjp0cnVlLCJjb250ZW50IjoicG9zdF9saW5rX3VybF9wYWdlIiwic2V0dGluZ3MiOnsicG9zdF9pZCI6IjgwIiwiZW5hYmxlX2h0bWwiOiJvZmYifX0=@\u00bb global_colors_info=\u00bb{}\u00bb transform_styles__hover_enabled=\u00bbon|hover\u00bb transform_scale__hover_enabled=\u00bbon|hover\u00bb transform_translate__hover_enabled=\u00bbon|desktop\u00bb transform_rotate__hover_enabled=\u00bbon|desktop\u00bb transform_skew__hover_enabled=\u00bbon|desktop\u00bb transform_origin__hover_enabled=\u00bbon|desktop\u00bb transform_scale__hover=\u00bb95%|95%\u00bb parent_button=\u00bboff\u00bb parent_header_level=\u00bbh3&#8243;]<\/p>\n<p>Desde hace m\u00e1s de 10 a\u00f1os, los equipos PYRESCOM permiten a los ERP controlar la calidad del aire interior gracias a sus sensores de CO2 Class&#8217;Air. Los LED pueden utilizarse para alertarle de niveles elevados de CO2 y animarle a ventilar.<\/p>\n<p>[\/dsm_card_carousel_child][dsm_card_carousel_child title=\u00bbLa soluci\u00f3n de supervisi\u00f3n del arsenal\u00bb image=\u00bbhttps:\/\/2024.pyres.com\/wp-content\/uploads\/2023\/05\/Solution-CASAR-Pourquoi.jpg\u00bb button_text=\u00bbM\u00e1s informaci\u00f3n\u00bb button_url=\u00bb@ET-DC@eyJkeW5hbWljIjp0cnVlLCJjb250ZW50IjoicG9zdF9saW5rX3VybF9wYWdlIiwic2V0dGluZ3MiOnsicG9zdF9pZCI6Ijc2IiwiZW5hYmxlX2h0bWwiOiJvZmYifX0=@\u00bb button_url_new_window=\u00bb1&#8243; _builder_version=\u00bb4.21.0&#8243; _dynamic_attributes=\u00bbbutton_url,link_option_url\u00bb _module_preset=\u00bbdefault\u00bb header_font=\u00bb|700|||||||\u00bb header_text_color=\u00bb#000000&#8243; header_line_height=\u00bb2em\u00bb link_option_url=\u00bb@ET-DC@eyJkeW5hbWljIjp0cnVlLCJjb250ZW50IjoicG9zdF9saW5rX3VybF9wYWdlIiwic2V0dGluZ3MiOnsicG9zdF9pZCI6Ijc2IiwiZW5hYmxlX2h0bWwiOiJvZmYifX0=@\u00bb global_colors_info=\u00bb{}\u00bb transform_styles__hover_enabled=\u00bbon|hover\u00bb transform_scale__hover_enabled=\u00bbon|hover\u00bb transform_translate__hover_enabled=\u00bbon|desktop\u00bb transform_rotate__hover_enabled=\u00bbon|desktop\u00bb transform_skew__hover_enabled=\u00bbon|desktop\u00bb transform_origin__hover_enabled=\u00bbon|desktop\u00bb transform_scale__hover=\u00bb95%|95%\u00bb parent_button=\u00bboff\u00bb parent_header_level=\u00bbh3&#8243;]<\/p>\n<p>A 31 de diciembre de 2021, 14.819 polic\u00edas municipales estaban equipados con un arma de fuego. Esta cifra no tiene en cuenta el n\u00famero de efectivos de la polic\u00eda, las aduanas o el ej\u00e9rcito&#8230; \u00bfC\u00f3mo se puede garantizar la trazabilidad de estas armas sin herramientas digitales?<\/p>\n<p>[\/dsm_card_carousel_child][\/dsm_card_carousel][\/et_pb_column][\/et_pb_row][\/et_pb_section][et_pb_section fb_built=\u00bb1&#8243; module_class=\u00bbServices VersionClair TexteSimple\u00bb _builder_version=\u00bb4.19.5&#8243; _module_preset=\u00bbdefault\u00bb background_enable_color=\u00bboff\u00bb background_enable_image=\u00bboff\u00bb bottom_divider_color=\u00bb#FFFFFF\u00bb bottom_divider_flip=\u00bbvertical\u00bb collapsed=\u00bbon\u00bb global_colors_info=\u00bb{}\u00bb][et_pb_row column_structure=\u00bb1_2,1_2&#8243; make_equal=\u00bbon\u00bb module_class=\u00bbLargeurBox Inverser\u00bb _builder_version=\u00bb4.21.0&#8243; _module_preset=\u00bbdefault\u00bb global_colors_info=\u00bb{}\u00bb][et_pb_column type=\u00bb1_2&#8243; module_class=\u00bbcentrer-verticalement\u00bb _builder_version=\u00bb4.21.0&#8243; _module_preset=\u00bbdefault\u00bb animation_style=\u00bbslide\u00bb animation_direction=\u00bbleft\u00bb global_colors_info=\u00bb{}\u00bb][et_pb_image src=\u00bbhttps:\/\/2024.pyres.com\/wp-content\/uploads\/2023\/07\/5-1.png\u00bb title_text=\u00bb5&#8243; module_class=\u00bbImage\u00bb _builder_version=\u00bb4.21.0&#8243; _module_preset=\u00bbdefault\u00bb global_colors_info=\u00bb{}\u00bb][\/et_pb_image][\/et_pb_column][et_pb_column type=\u00bb1_2&#8243; module_class=\u00bbcentrer-verticalement\u00bb _builder_version=\u00bb4.21.0&#8243; _module_preset=\u00bbdefault\u00bb animation_style=\u00bbslide\u00bb animation_direction=\u00bbright\u00bb global_colors_info=\u00bb{}\u00bb][et_pb_text admin_label=\u00bbTitre &#8211; H1&#8243; module_class=\u00bbTitre Gauche\u00bb _builder_version=\u00bb4.21.0&#8243; _module_preset=\u00bbdefault\u00bb custom_margin=\u00bb20px||||false|false\u00bb global_colors_info=\u00bb{}\u00bb]<\/p>\n<h2><b>Por qu\u00e9 <\/b>adoptar nuestras soluciones  <\/h2>\n<p>[\/et_pb_text][et_pb_text module_class=\u00bbTexte Gauche\u00bb _builder_version=\u00bb4.21.0&#8243; _module_preset=\u00bbdefault\u00bb global_colors_info=\u00bb{}\u00bb]<\/p>\n<div data-qa=\"slack_kit_scrollbar\" role=\"presentation\" class=\"c-scrollbar__hider\">\n<div role=\"presentation\" class=\"c-scrollbar__child\">\n<div data-qa=\"slack_kit_list\" class=\"c-virtual_list__scroll_container\" role=\"list\" aria-label=\"Pauline (message direct, absent)\" tabindex=\"-1\">\n<div aria-setsize=\"-1\" class=\"c-virtual_list__item c-virtual_list__item--initial-activeitem\" role=\"listitem\" id=\"1688978194.773259\" data-qa=\"virtual-list-item\" data-item-key=\"1688978194.773259\" tabindex=\"0\">\n<div role=\"presentation\" class=\"c-message_kit__background p-message_pane_message__message c-message_kit__message p-message_pane_message__message--last\" data-qa=\"message_container\" data-qa-unprocessed=\"false\" data-qa-placeholder=\"false\">\n<div role=\"document\" aria-roledescription=\"message\" class=\"c-message_kit__hover\" data-qa-hover=\"true\">\n<div class=\"c-message_kit__actions c-message_kit__actions--default\">\n<div class=\"c-message_kit__gutter\">\n<div role=\"presentation\" class=\"c-message_kit__gutter__right\" data-qa=\"message_content\">\n<div class=\"c-message_kit__blocks c-message_kit__blocks--rich_text\">\n<div class=\"c-message__message_blocks c-message__message_blocks--rich_text\" data-qa=\"message-text\">\n<div class=\"p-block_kit_renderer\" data-qa=\"block-kit-renderer\">\n<div class=\"p-block_kit_renderer__block_wrapper p-block_kit_renderer__block_wrapper--first\">\n<div class=\"p-rich_text_block\" dir=\"auto\">\n<div class=\"p-rich_text_section\">Respaldado por un<span> <\/span>Con <b data-stringify-type=\"bold\">casi 40 a\u00f1os de experiencia<\/b>, los expertos de PYRESCOM desarrollan soluciones f\u00e1ciles de implantar y utilizar. Cada d\u00eda trabajamos en nuestras soluciones para<span> <\/span><b data-stringify-type=\"bold\">para satisfacer todas sus necesidades.<\/b><\/div>\n<\/div>\n<\/div>\n<\/div>\n<\/div>\n<\/div>\n<\/div>\n<\/div>\n<\/div>\n<\/div>\n<\/div>\n<\/div>\n<\/div>\n<\/div>\n<\/div>\n<div role=\"presentation\" class=\"c-scrollbar__track\"><\/div>\n<p>[\/et_pb_text][et_pb_button button_url=\u00bbhttps:\/\/2024.pyres.com\/es\/?page_id=11623&#8243; button_text=\u00bbDescubra nuestros compromisos de RSE\u00bb module_class=\u00bbBouton SmartCity\u00bb _builder_version=\u00bb4.23.2&#8243; _module_preset=\u00bbdefault\u00bb global_colors_info=\u00bb{}\u00bb][\/et_pb_button][\/et_pb_column][\/et_pb_row][\/et_pb_section]<\/p>\n","protected":false},"excerpt":{"rendered":"<p>PYRES City\u00bfEst\u00e1 embarcado en un proyecto de ciudad inteligente?PYRESCOM le ofrece soluciones innovadoras y sostenibles.<div class=\"et_pb_module dsm_floating_multi_images dsm_floating_multi_images_0 Image Mouvante\">\n\t\t\t\t\n\t\t\t\t\n\t\t\t\t\n\t\t\t\t\n\t\t\t\t\n\t\t\t\t\n\t\t\t\t<div class=\"et_pb_module_inner\">\n\t\t\t\t\t<div class=\"dsm_floating_multi_images_container\"><div class=\"et_pb_module dsm_floating_multi_images_child dsm_floating_multi_images_child_0\">\n\t\t\t\t\n\t\t\t\t\n\t\t\t\t\n\t\t\t\t\n\t\t\t\t\n\t\t\t\t\n\t\t\t\t<div class=\"et_pb_module_inner\">\n\t\t\t\t\t<img decoding=\"async\" src=\"https:\/\/2024.pyres.com\/wp-content\/uploads\/2023\/08\/12-scaled.jpg\" alt=\"\" title=\"12\" id=\"\" class=\"\" \/>\n\t\t\t\t<\/div>\n\t\t\t<\/div><div class=\"et_pb_module dsm_floating_multi_images_child dsm_floating_multi_images_child_1\">\n\t\t\t\t\n\t\t\t\t\n\t\t\t\t\n\t\t\t\t\n\t\t\t\t\n\t\t\t\t\n\t\t\t\t<div class=\"et_pb_module_inner\">\n\t\t\t\t\t\n\t\t\t\t<\/div>\n\t\t\t<\/div><div class=\"et_pb_module dsm_floating_multi_images_child dsm_floating_multi_images_child_2\">\n\t\t\t\t\n\t\t\t\t\n\t\t\t\t\n\t\t\t\t\n\t\t\t\t\n\t\t\t\t\n\t\t\t\t<div class=\"et_pb_module_inner\">\n\t\t\t\t\t<img decoding=\"async\" src=\"https:\/\/2024.pyres.com\/wp-content\/uploads\/2023\/08\/45-1-scaled.jpg\" alt=\"\" title=\"45\" id=\"\" class=\"\" \/>\n\t\t\t\t<\/div>\n\t\t\t<\/div><div class=\"et_pb_module dsm_floating_multi_images_child dsm_floating_multi_images_child_3\">\n\t\t\t\t\n\t\t\t\t\n\t\t\t\t\n\t\t\t\t\n\t\t\t\t\n\t\t\t\t\n\t\t\t\t<div class=\"et_pb_module_inner\">\n\t\t\t\t\t<img decoding=\"async\" src=\"https:\/\/2024.pyres.com\/wp-content\/uploads\/2023\/12\/7.jpg\" alt=\"Imagen\" title=\"7\" id=\"\" class=\"\" \/>\n\t\t\t\t<\/div>\n\t\t\t<\/div><\/div>\n\t\t\t\t<\/div>\n\t\t\t<\/div>Puesta en marcha de un proyecto de ciudad [&hellip;]<\/p>\n","protected":false},"author":1,"featured_media":13965,"parent":12484,"menu_order":22,"comment_status":"closed","ping_status":"closed","template":"","meta":{"_acf_changed":false,"_et_pb_use_builder":"on","_et_pb_old_content":"","_et_gb_content_width":"","content-type":"","footnotes":""},"class_list":["post-11698","page","type-page","status-publish","has-post-thumbnail","hentry"],"acf":[],"_links":{"self":[{"href":"https:\/\/pyres.com\/es\/wp-json\/wp\/v2\/pages\/11698","targetHints":{"allow":["GET"]}}],"collection":[{"href":"https:\/\/pyres.com\/es\/wp-json\/wp\/v2\/pages"}],"about":[{"href":"https:\/\/pyres.com\/es\/wp-json\/wp\/v2\/types\/page"}],"author":[{"embeddable":true,"href":"https:\/\/pyres.com\/es\/wp-json\/wp\/v2\/users\/1"}],"replies":[{"embeddable":true,"href":"https:\/\/pyres.com\/es\/wp-json\/wp\/v2\/comments?post=11698"}],"version-history":[{"count":0,"href":"https:\/\/pyres.com\/es\/wp-json\/wp\/v2\/pages\/11698\/revisions"}],"up":[{"embeddable":true,"href":"https:\/\/pyres.com\/es\/wp-json\/wp\/v2\/pages\/12484"}],"wp:featuredmedia":[{"embeddable":true,"href":"https:\/\/pyres.com\/es\/wp-json\/wp\/v2\/media\/13965"}],"wp:attachment":[{"href":"https:\/\/pyres.com\/es\/wp-json\/wp\/v2\/media?parent=11698"}],"curies":[{"name":"wp","href":"https:\/\/api.w.org\/{rel}","templated":true}]}}