{"id":11652,"date":"2023-04-20T18:15:47","date_gmt":"2023-04-20T16:15:47","guid":{"rendered":"https:\/\/2024.pyres.com\/pyres-sante\/"},"modified":"2024-01-16T11:18:00","modified_gmt":"2024-01-16T10:18:00","slug":"pyres-salud","status":"publish","type":"page","link":"https:\/\/pyres.com\/es\/sectores\/pyres-salud\/","title":{"rendered":"Pyres Salud"},"content":{"rendered":"<p>[et_pb_section fb_built=\u00bb1&#8243; admin_label=\u00bbHeader FullPage Gauche VersionClair\u00bb module_class=\u00bbHeader FullPage VersionSombre Simple\u00bb _builder_version=\u00bb4.21.0&#8243; _module_preset=\u00bbdefault\u00bb use_background_color_gradient=\u00bbon\u00bb background_color_gradient_direction=\u00bb90deg\u00bb background_color_gradient_stops=\u00bbrgba(0,226,114,0.9) 0%|rgba(40,247,249,0.9) 100%\u00bb background_color_gradient_overlays_image=\u00bbon\u00bb background_image=\u00bbhttps:\/\/2024.pyres.com\/wp-content\/uploads\/2023\/07\/1_130522-2.jpg\u00bb background_position=\u00bbtop_left\u00bb min_height=\u00bb571.6px\u00bb custom_margin=\u00bb||||false|false\u00bb custom_padding=\u00bb||||false|false\u00bb bottom_divider_style=\u00bbarrow2&#8243; bottom_divider_color=\u00bb#FFFFFF\u00bb bottom_divider_flip=\u00bbvertical\u00bb global_colors_info=\u00bb{}\u00bb][et_pb_row make_equal=\u00bbon\u00bb module_class=\u00bbLargeurBox\u00bb _builder_version=\u00bb4.21.0&#8243; _module_preset=\u00bbdefault\u00bb global_colors_info=\u00bb{}\u00bb][et_pb_column type=\u00bb4_4&#8243; _builder_version=\u00bb4.19.5&#8243; _module_preset=\u00bbdefault\u00bb global_colors_info=\u00bb{}\u00bb][et_pb_text admin_label=\u00bbTitre &#8211; H1&#8243; module_class=\u00bbTitre Milieu\u00bb _builder_version=\u00bb4.21.0&#8243; _module_preset=\u00bbdefault\u00bb global_colors_info=\u00bb{}\u00bb]<\/p>\n<h1><strong>PYRES Salud<\/strong><\/h1>\n<p>[\/et_pb_text][et_pb_text module_class=\u00bbTexte Milieu\u00bb _builder_version=\u00bb4.21.0&#8243; _module_preset=\u00bbdefault\u00bb custom_padding=\u00bb||0px|||\u00bb global_colors_info=\u00bb{}\u00bb]<\/p>\n<p style=\"text-align: center;\"><span>\u00bfLe gustar\u00eda controlar sus desfibriladores y la calidad de su aire interior?<br \/>En PYRESCOM, nos basamos en nuestra experiencia y nuestros conocimientos t\u00e9cnicos para ofrecer soluciones reconocidas y de referencia en su mercado.<\/span><\/p>\n<p>[\/et_pb_text][\/et_pb_column][\/et_pb_row][\/et_pb_section][et_pb_section fb_built=\u00bb1&#8243; module_class=\u00bbServices VersionClair TexteIcone\u00bb _builder_version=\u00bb4.19.5&#8243; _module_preset=\u00bbdefault\u00bb background_enable_image=\u00bboff\u00bb custom_margin=\u00bb||-108px|||\u00bb collapsed=\u00bbon\u00bb global_colors_info=\u00bb{}\u00bb][et_pb_row column_structure=\u00bb1_2,1_2&#8243; make_equal=\u00bbon\u00bb module_class=\u00bbLargeurBox Inverser\u00bb _builder_version=\u00bb4.21.0&#8243; _module_preset=\u00bbdefault\u00bb global_colors_info=\u00bb{}\u00bb][et_pb_column type=\u00bb1_2&#8243; _builder_version=\u00bb4.21.0&#8243; _module_preset=\u00bbdefault\u00bb animation_style=\u00bbslide\u00bb animation_direction=\u00bbleft\u00bb global_colors_info=\u00bb{}\u00bb][dsm_floating_multi_images module_class=\u00bbImage Mouvante\u00bb _builder_version=\u00bb4.21.0&#8243; _module_preset=\u00bbdefault\u00bb global_colors_info=\u00bb{}\u00bb][dsm_floating_multi_images_child src=\u00bbhttps:\/\/2024.pyres.com\/wp-content\/uploads\/2023\/08\/56.jpg\u00bb title_text=\u00bb56&#8243; _builder_version=\u00bb4.21.0&#8243; _module_preset=\u00bbdefault\u00bb global_colors_info=\u00bb{}\u00bb][\/dsm_floating_multi_images_child][dsm_floating_multi_images_child src=\u00bbhttps:\/\/2024.pyres.com\/wp-content\/uploads\/2023\/07\/1_130522.jpg\u00bb title_text=\u00bb1_130522&#8243; horizontal_align=\u00bb22%\u00bb vertical_align=\u00bb20%\u00bb _builder_version=\u00bb4.21.0&#8243; _module_preset=\u00bbdefault\u00bb max_width=\u00bb48%\u00bb global_colors_info=\u00bb{}\u00bb][\/dsm_floating_multi_images_child][dsm_floating_multi_images_child src=\u00bbhttps:\/\/2024.pyres.com\/wp-content\/uploads\/2023\/07\/image-24.png\u00bb title_text=\u00bbimage (24)\u00bb horizontal_align=\u00bb36%\u00bb vertical_align=\u00bb-27%\u00bb _builder_version=\u00bb4.21.0&#8243; _module_preset=\u00bbdefault\u00bb global_colors_info=\u00bb{}\u00bb][\/dsm_floating_multi_images_child][dsm_floating_multi_images_child title_text=\u00bb62&#8243; horizontal_align=\u00bb10%\u00bb vertical_align=\u00bb15%\u00bb _builder_version=\u00bb4.21.0&#8243; _module_preset=\u00bbdefault\u00bb max_width=\u00bb46%\u00bb global_colors_info=\u00bb{}\u00bb][\/dsm_floating_multi_images_child][\/dsm_floating_multi_images][\/et_pb_column][et_pb_column type=\u00bb1_2&#8243; _builder_version=\u00bb4.21.0&#8243; _module_preset=\u00bbdefault\u00bb animation_style=\u00bbslide\u00bb animation_direction=\u00bbright\u00bb global_colors_info=\u00bb{}\u00bb][et_pb_text admin_label=\u00bbTitre &#8211; H1&#8243; module_id=\u00bbEnjeux\u00bb module_class=\u00bbTitre Gauche\u00bb _builder_version=\u00bb4.21.0&#8243; _module_preset=\u00bbdefault\u00bb global_colors_info=\u00bb{}\u00bb]<\/p>\n<h2><strong>Innovaci\u00f3n<\/strong> al servicio de la salud inteligente.<\/h2>\n<p>[\/et_pb_text][et_pb_text module_class=\u00bbTexte Gauche\u00bb _builder_version=\u00bb4.21.0&#8243; _module_preset=\u00bbdefault\u00bb global_colors_info=\u00bb{}\u00bb]<\/p>\n<p><span style=\"color: #000000;\"><\/span><\/p>\n<p><span style=\"color: #000000;\">Los objetos conectados forman parte de nuestra vida cotidiana en todos los sectores, incluida la sanidad. Cada vez hay m\u00e1s dispositivos m\u00e9dicos conectados para acceder a la informaci\u00f3n y compartirla con mayor rapidez.<\/span><span style=\"color: #e02b20;\"><\/span><\/p>\n<p><span style=\"color: #000000;\"><\/span><\/p>\n<p>Smart Health se est\u00e1 convirtiendo en una parte esencial de la respuesta a toda una serie de problemas de salud p\u00fablica.  <span style=\"color: #000000;\"><\/span><span style=\"font-size: 18px; background-color: #ffffff;\">Todos somos agentes del cambio a nuestro propio nivel.<\/span><span style=\"font-size: 18px; background-color: #ffffff;\"><\/span><\/p>\n<p><span style=\"color: #000000;\"><\/span><\/p>\n<p><span style=\"font-size: 18px; background-color: #ffffff;\"><\/span><\/p>\n<p><span style=\"font-size: 18px; background-color: #ffffff;\"><\/span><\/p>\n<p>[\/et_pb_text][\/et_pb_column][\/et_pb_row][\/et_pb_section][et_pb_section fb_built=\u00bb1&#8243; module_class=\u00bbServices VersionClair TexteIcone\u00bb _builder_version=\u00bb4.19.5&#8243; _module_preset=\u00bbdefault\u00bb background_enable_image=\u00bboff\u00bb custom_margin=\u00bb40px|||||\u00bb collapsed=\u00bbon\u00bb global_colors_info=\u00bb{}\u00bb][et_pb_row column_structure=\u00bb1_2,1_2&#8243; make_equal=\u00bbon\u00bb module_class=\u00bbLargeurBox\u00bb _builder_version=\u00bb4.21.0&#8243; _module_preset=\u00bbdefault\u00bb global_colors_info=\u00bb{}\u00bb][et_pb_column type=\u00bb1_2&#8243; _builder_version=\u00bb4.21.0&#8243; _module_preset=\u00bbdefault\u00bb animation_style=\u00bbslide\u00bb animation_direction=\u00bbleft\u00bb global_colors_info=\u00bb{}\u00bb][et_pb_text admin_label=\u00bbTitre &#8211; H1&#8243; module_class=\u00bbTitre Gauche\u00bb _builder_version=\u00bb4.21.0&#8243; _module_preset=\u00bbdefault\u00bb global_colors_info=\u00bb{}\u00bb]<\/p>\n<h2>Smart Health, un <strong>reto<\/strong> en todas partes y para todos.<\/h2>\n<p>[\/et_pb_text][et_pb_text module_class=\u00bbTexte Gauche\u00bb _builder_version=\u00bb4.21.0&#8243; _module_preset=\u00bbdefault\u00bb global_colors_info=\u00bb{}\u00bb]<\/p>\n<p>&nbsp;<\/p>\n<p>Smart Health no se limita a los hospitales. En el transporte, en la escuela, en la oficina&#8230; todos los d\u00edas nos enfrentamos a multitud de riesgos. Existen muchas soluciones preventivas para proteger su salud a diario.<\/p>\n<p>Desde 2006, PYRESCOM se ha comprometido a proteger los desfibriladores accesibles al p\u00fablico en general. Nuestros equipos tambi\u00e9n desarrollaron los primeros sensores de CO2 de Francia, que ahora se utilizan en muchas escuelas y edificios p\u00fablicos.<\/p>\n<p>[\/et_pb_text][\/et_pb_column][et_pb_column type=\u00bb1_2&#8243; _builder_version=\u00bb4.21.0&#8243; _module_preset=\u00bbdefault\u00bb animation_style=\u00bbslide\u00bb animation_direction=\u00bbright\u00bb global_colors_info=\u00bb{}\u00bb][dsm_floating_multi_images module_class=\u00bbImage Mouvante\u00bb _builder_version=\u00bb4.21.0&#8243; _module_preset=\u00bbdefault\u00bb global_colors_info=\u00bb{}\u00bb][dsm_floating_multi_images_child title_text=\u00bb55&#8243; _builder_version=\u00bb4.21.0&#8243; _module_preset=\u00bbdefault\u00bb global_colors_info=\u00bb{}\u00bb][\/dsm_floating_multi_images_child][dsm_floating_multi_images_child src=\u00bbhttps:\/\/2024.pyres.com\/wp-content\/uploads\/2023\/08\/2-1.png\u00bb title_text=\u00bb2&#8243; _builder_version=\u00bb4.21.0&#8243; _module_preset=\u00bbdefault\u00bb max_width=\u00bb60%\u00bb global_colors_info=\u00bb{}\u00bb][\/dsm_floating_multi_images_child][dsm_floating_multi_images_child src=\u00bbhttps:\/\/2024.pyres.com\/wp-content\/uploads\/2023\/08\/45-scaled.jpg\u00bb title_text=\u00bb45&#8243; horizontal_align=\u00bb22%\u00bb vertical_align=\u00bb30%\u00bb _builder_version=\u00bb4.21.0&#8243; _module_preset=\u00bbdefault\u00bb max_width=\u00bb65%\u00bb global_colors_info=\u00bb{}\u00bb][\/dsm_floating_multi_images_child][dsm_floating_multi_images_child src=\u00bbhttps:\/\/2024.pyres.com\/wp-content\/uploads\/2023\/08\/4.png\u00bb title_text=\u00bb4&#8243; horizontal_align=\u00bb36%\u00bb vertical_align=\u00bb-27%\u00bb _builder_version=\u00bb4.21.0&#8243; _module_preset=\u00bbdefault\u00bb global_colors_info=\u00bb{}\u00bb][\/dsm_floating_multi_images_child][\/dsm_floating_multi_images][\/et_pb_column][\/et_pb_row][\/et_pb_section][et_pb_section fb_built=\u00bb1&#8243; prev_background_color=\u00bb#ffffff\u00bb next_background_color=\u00bb#ffffff\u00bb module_class=\u00bbServices VersionSombre Caroussel\u00bb _builder_version=\u00bb4.21.0&#8243; _module_preset=\u00bbdefault\u00bb use_background_color_gradient=\u00bbon\u00bb background_color_gradient_stops=\u00bbrgba(52,55,62,0.75) 0%|rgba(52,55,62,0.75) 100%\u00bb background_color_gradient_overlays_image=\u00bbon\u00bb background_image=\u00bbhttps:\/\/2024.pyres.com\/wp-content\/uploads\/2023\/07\/Design-sans-titre-10.png\u00bb custom_padding=\u00bb140px||170px|||\u00bb top_divider_style=\u00bbarrow2&#8243; bottom_divider_style=\u00bbarrow2&#8243; bottom_divider_flip=\u00bbvertical\u00bb global_colors_info=\u00bb{}\u00bb][et_pb_row make_equal=\u00bbon\u00bb module_class=\u00bbLargeurBox EnTete\u00bb _builder_version=\u00bb4.19.5&#8243; _module_preset=\u00bbdefault\u00bb global_colors_info=\u00bb{}\u00bb][et_pb_column type=\u00bb4_4&#8243; _builder_version=\u00bb4.19.5&#8243; _module_preset=\u00bbdefault\u00bb global_colors_info=\u00bb{}\u00bb][et_pb_text admin_label=\u00bbTitre &#8211; H1&#8243; module_id=\u00bbNosSolutions\u00bb module_class=\u00bbTitre Milieu\u00bb _builder_version=\u00bb4.21.0&#8243; _module_preset=\u00bbdefault\u00bb global_colors_info=\u00bb{}\u00bb]<\/p>\n<h2>Nuestras <strong>soluciones <\/strong>PYRES Health<\/h2>\n<p>[\/et_pb_text][\/et_pb_column][\/et_pb_row][et_pb_row module_class=\u00bbLargeurBox Double\u00bb _builder_version=\u00bb4.21.0&#8243; _module_preset=\u00bbdefault\u00bb saved_tabs=\u00bball\u00bb global_colors_info=\u00bb{}\u00bb][et_pb_column type=\u00bb4_4&#8243; module_class=\u00bbColonne\u00bb _builder_version=\u00bb4.19.5&#8243; _module_preset=\u00bbdefault\u00bb global_colors_info=\u00bb{}\u00bb][dsm_card_carousel slide_to_show=\u00bb2&#8243; speed=\u00bb100&#8243; autoplay=\u00bboff\u00bb space_between=\u00bb40&#8243; equal_height=\u00bbon\u00bb arrows=\u00bboff\u00bb module_class=\u00bbCaroussel Milieu\u00bb _builder_version=\u00bb4.21.0&#8243; _module_preset=\u00bbdefault\u00bb header_level=\u00bbh3&#8243; button_alignment=\u00bbcenter\u00bb width_last_edited=\u00bboff|desktop\u00bb custom_margin=\u00bb||0px||false|false\u00bb custom_padding=\u00bb30px||0px||false|false\u00bb global_colors_info=\u00bb{}\u00bb][dsm_card_carousel_child title=\u00bbProtecci\u00f3n y control de los desfibriladores\u00bb image=\u00bbhttps:\/\/2024.pyres.com\/wp-content\/uploads\/2023\/07\/IMG_6969-scaled.jpg\u00bb alt=\u00bbAIVA &#8211; Protecci\u00f3n del desfibrilador\u00bb button_text=\u00bbM\u00e1s informaci\u00f3n\u00bb button_url=\u00bb@ET-DC@eyJkeW5hbWljIjp0cnVlLCJjb250ZW50IjoicG9zdF9saW5rX3VybF9wYWdlIiwic2V0dGluZ3MiOnsicG9zdF9pZCI6Ijc4In19@\u00bb button_url_new_window=\u00bb1&#8243; _builder_version=\u00bb4.21.0&#8243; _dynamic_attributes=\u00bblink_option_url,button_url\u00bb _module_preset=\u00bbdefault\u00bb header_font=\u00bb|700|||||||\u00bb header_text_color=\u00bb#000000&#8243; header_line_height=\u00bb2em\u00bb link_option_url=\u00bb@ET-DC@eyJkeW5hbWljIjp0cnVlLCJjb250ZW50IjoicG9zdF9saW5rX3VybF9wYWdlIiwic2V0dGluZ3MiOnsicG9zdF9pZCI6Ijc4In19@\u00bb global_colors_info=\u00bb{}\u00bb parent_button=\u00bboff\u00bb parent_header_level=\u00bbh3&#8243;]<\/p>\n<p>Los armarios AIVIA protegen y controlan los desfibriladores desde 2006. AIVIA cuenta con m\u00e1s de 500 000 armarios instalados en m\u00e1s de 50 pa\u00edses. Las cajas AIVIA se dividen en 2 gamas: Protecci\u00f3n y Vigilancia, tanto para interior como para exterior.<\/p>\n<p>[\/dsm_card_carousel_child][dsm_card_carousel_child title=\u00bbControl de la calidad del aire interior\u00bb image=\u00bbhttps:\/\/2024.pyres.com\/wp-content\/uploads\/2023\/05\/Qualite-de-lair-interieur-2.jpeg\u00bb button_text=\u00bbM\u00e1s informaci\u00f3n\u00bb button_url=\u00bb@ET-DC@eyJkeW5hbWljIjp0cnVlLCJjb250ZW50IjoicG9zdF9saW5rX3VybF9wYWdlIiwic2V0dGluZ3MiOnsicG9zdF9pZCI6IjgwIn19@\u00bb button_url_new_window=\u00bb1&#8243; _builder_version=\u00bb4.21.0&#8243; _dynamic_attributes=\u00bbbutton_url,link_option_url\u00bb _module_preset=\u00bbdefault\u00bb header_font=\u00bb|700|||||||\u00bb header_text_color=\u00bb#000000&#8243; header_line_height=\u00bb2em\u00bb link_option_url=\u00bb@ET-DC@eyJkeW5hbWljIjp0cnVlLCJjb250ZW50IjoicG9zdF9saW5rX3VybF9wYWdlIiwic2V0dGluZ3MiOnsicG9zdF9pZCI6IjgwIn19@\u00bb global_colors_info=\u00bb{}\u00bb parent_button=\u00bboff\u00bb parent_header_level=\u00bbh3&#8243;]<\/p>\n<p>Desde hace m\u00e1s de 10 a\u00f1os, los equipos PYRESCOM permiten a los ERP controlar la calidad del aire interior gracias a sus sensores de CO2 Class&#8217;Air. Los LED pueden utilizarse para alertarle de niveles elevados de CO2 y animarle a ventilar.<\/p>\n<p>[\/dsm_card_carousel_child][\/dsm_card_carousel][\/et_pb_column][\/et_pb_row][\/et_pb_section][et_pb_section fb_built=\u00bb1&#8243; module_class=\u00bbServices VersionClair TexteSimple\u00bb _builder_version=\u00bb4.19.5&#8243; _module_preset=\u00bbdefault\u00bb background_enable_color=\u00bboff\u00bb background_enable_image=\u00bboff\u00bb bottom_divider_color=\u00bb#FFFFFF\u00bb bottom_divider_flip=\u00bbvertical\u00bb collapsed=\u00bbon\u00bb global_colors_info=\u00bb{}\u00bb][et_pb_row column_structure=\u00bb1_2,1_2&#8243; make_equal=\u00bbon\u00bb module_class=\u00bbLargeurBox\u00bb _builder_version=\u00bb4.21.0&#8243; _module_preset=\u00bbdefault\u00bb global_colors_info=\u00bb{}\u00bb][et_pb_column type=\u00bb1_2&#8243; _builder_version=\u00bb4.21.0&#8243; _module_preset=\u00bbdefault\u00bb animation_style=\u00bbslide\u00bb animation_direction=\u00bbleft\u00bb global_colors_info=\u00bb{}\u00bb][et_pb_image src=\u00bbhttps:\/\/2024.pyres.com\/wp-content\/uploads\/2023\/08\/2fd0a04d-06c2-45e5-b4ef-fd65a9f89895-scaled.jpg\u00bb title_text=\u00bb2fd0a04d-06c2-45e5-b4ef-fd65a9f89895&#8243; module_class=\u00bbImage\u00bb _builder_version=\u00bb4.21.0&#8243; _module_preset=\u00bbdefault\u00bb global_colors_info=\u00bb{}\u00bb][\/et_pb_image][\/et_pb_column][et_pb_column type=\u00bb1_2&#8243; module_class=\u00bbcentrer-verticalement\u00bb _builder_version=\u00bb4.21.0&#8243; _module_preset=\u00bbdefault\u00bb animation_style=\u00bbslide\u00bb animation_direction=\u00bbright\u00bb global_colors_info=\u00bb{}\u00bb][et_pb_text admin_label=\u00bbTitre &#8211; H1&#8243; module_class=\u00bbTitre Gauche\u00bb _builder_version=\u00bb4.21.0&#8243; _module_preset=\u00bbdefault\u00bb custom_margin=\u00bb20px||||false|false\u00bb global_colors_info=\u00bb{}\u00bb]<\/p>\n<h2><strong>Por qu\u00e9<\/strong> adoptar nuestras soluciones<\/h2>\n<p>[\/et_pb_text][et_pb_text module_class=\u00bbTexte Gauche\u00bb _builder_version=\u00bb4.21.0&#8243; _module_preset=\u00bbdefault\u00bb global_colors_info=\u00bb{}\u00bb]<\/p>\n<p>Con <strong>casi 40 a\u00f1os de experiencia<\/strong>, los expertos de PYRESCOM desarrollan soluciones f\u00e1ciles de implantar y utilizar. Trabajamos cada d\u00eda en nuestras soluciones para <strong>satisfacer todas sus necesidades<\/strong>.<\/p>\n<p>[\/et_pb_text][et_pb_button button_url=\u00bbhttps:\/\/2024.pyres.com\/es\/?page_id=11623&#8243; button_text=\u00bbDescubra PYRESCOM\u00bb module_class=\u00bbBouton SmartSante\u00bb _builder_version=\u00bb4.23.2&#8243; _module_preset=\u00bbdefault\u00bb global_colors_info=\u00bb{}\u00bb][\/et_pb_button][\/et_pb_column][\/et_pb_row][\/et_pb_section]<\/p>\n","protected":false},"excerpt":{"rendered":"<p>PYRES Salud\u00bfLe gustar\u00eda controlar sus desfibriladores y la calidad de su aire interior?En PYRESCOM, nos basamos en nuestra experiencia y nuestros conocimientos t\u00e9cnicos para ofrecer soluciones reconocidas y de referencia en su mercado.<div class=\"et_pb_module dsm_floating_multi_images dsm_floating_multi_images_0 Image Mouvante\">\n\t\t\t\t\n\t\t\t\t\n\t\t\t\t\n\t\t\t\t\n\t\t\t\t\n\t\t\t\t\n\t\t\t\t<div class=\"et_pb_module_inner\">\n\t\t\t\t\t<div class=\"dsm_floating_multi_images_container\"><\/div>\n\t\t\t\t<\/div>\n\t\t\t<\/div><div class=\"et_pb_module dsm_floating_multi_images_child dsm_floating_multi_images_child_0\">\n\t\t\t\t\n\t\t\t\t\n\t\t\t\t\n\t\t\t\t\n\t\t\t\t\n\t\t\t\t\n\t\t\t\t<div class=\"et_pb_module_inner\">\n\t\t\t\t\t<img decoding=\"async\" src=\"https:\/\/2024.pyres.com\/wp-content\/uploads\/2023\/08\/56.jpg\" alt=\"\" title=\"56\" id=\"\" class=\"\" \/>\n\t\t\t\t<\/div>\n\t\t\t<\/div><div class=\"et_pb_module dsm_floating_multi_images_child dsm_floating_multi_images_child_1\">\n\t\t\t\t\n\t\t\t\t\n\t\t\t\t\n\t\t\t\t\n\t\t\t\t\n\t\t\t\t\n\t\t\t\t<div class=\"et_pb_module_inner\">\n\t\t\t\t\t<img decoding=\"async\" src=\"https:\/\/2024.pyres.com\/wp-content\/uploads\/2023\/07\/1_130522.jpg\" alt=\"\" title=\"1_130522\" id=\"\" class=\"\" \/>\n\t\t\t\t<\/div>\n\t\t\t<\/div><div class=\"et_pb_module dsm_floating_multi_images_child dsm_floating_multi_images_child_2\">\n\t\t\t\t\n\t\t\t\t\n\t\t\t\t\n\t\t\t\t\n\t\t\t\t\n\t\t\t\t\n\t\t\t\t<div class=\"et_pb_module_inner\">\n\t\t\t\t\t<img decoding=\"async\" src=\"\" alt=\"\" title=\"\u00bbimage\" id=\"\" class=\"et_multi_view_hidden_image \" \/>\n\t\t\t\t<\/div>\n\t\t\t<\/div><\/p>\n","protected":false},"author":1,"featured_media":13973,"parent":12484,"menu_order":21,"comment_status":"closed","ping_status":"closed","template":"","meta":{"_acf_changed":false,"_et_pb_use_builder":"on","_et_pb_old_content":"","_et_gb_content_width":"","content-type":"","footnotes":""},"class_list":["post-11652","page","type-page","status-publish","has-post-thumbnail","hentry"],"acf":[],"_links":{"self":[{"href":"https:\/\/pyres.com\/es\/wp-json\/wp\/v2\/pages\/11652","targetHints":{"allow":["GET"]}}],"collection":[{"href":"https:\/\/pyres.com\/es\/wp-json\/wp\/v2\/pages"}],"about":[{"href":"https:\/\/pyres.com\/es\/wp-json\/wp\/v2\/types\/page"}],"author":[{"embeddable":true,"href":"https:\/\/pyres.com\/es\/wp-json\/wp\/v2\/users\/1"}],"replies":[{"embeddable":true,"href":"https:\/\/pyres.com\/es\/wp-json\/wp\/v2\/comments?post=11652"}],"version-history":[{"count":0,"href":"https:\/\/pyres.com\/es\/wp-json\/wp\/v2\/pages\/11652\/revisions"}],"up":[{"embeddable":true,"href":"https:\/\/pyres.com\/es\/wp-json\/wp\/v2\/pages\/12484"}],"wp:featuredmedia":[{"embeddable":true,"href":"https:\/\/pyres.com\/es\/wp-json\/wp\/v2\/media\/13973"}],"wp:attachment":[{"href":"https:\/\/pyres.com\/es\/wp-json\/wp\/v2\/media?parent=11652"}],"curies":[{"name":"wp","href":"https:\/\/api.w.org\/{rel}","templated":true}]}}