{"id":11632,"date":"2023-04-20T18:15:48","date_gmt":"2023-04-20T16:15:48","guid":{"rendered":"https:\/\/2024.pyres.com\/pyres-entreprise\/"},"modified":"2024-01-16T11:19:21","modified_gmt":"2024-01-16T10:19:21","slug":"pyres-empresa","status":"publish","type":"page","link":"https:\/\/pyres.com\/es\/sectores\/pyres-empresa\/","title":{"rendered":"Pyres Empresa"},"content":{"rendered":"<p>[et_pb_section fb_built=\u00bb1&#8243; admin_label=\u00bbHeader FullPage Gauche VersionClair\u00bb module_class=\u00bbHeader FullPage VersionSombre Simple\u00bb _builder_version=\u00bb4.21.0&#8243; _module_preset=\u00bbdefault\u00bb use_background_color_gradient=\u00bbon\u00bb background_color_gradient_direction=\u00bb135deg\u00bb background_color_gradient_stops=\u00bbrgba(16,165,247,0.9) 0%|rgba(1,21,69,0.9) 100%\u00bb background_color_gradient_overlays_image=\u00bbon\u00bb background_image=\u00bbhttps:\/\/2024.pyres.com\/wp-content\/uploads\/2023\/07\/18.jpg\u00bb bottom_divider_style=\u00bbarrow2&#8243; bottom_divider_color=\u00bb#FFFFFF\u00bb bottom_divider_flip=\u00bbvertical\u00bb global_colors_info=\u00bb{}\u00bb][et_pb_row make_equal=\u00bbon\u00bb module_class=\u00bbLargeurBox\u00bb _builder_version=\u00bb4.21.0&#8243; _module_preset=\u00bbdefault\u00bb global_colors_info=\u00bb{}\u00bb][et_pb_column type=\u00bb4_4&#8243; _builder_version=\u00bb4.19.5&#8243; _module_preset=\u00bbdefault\u00bb global_colors_info=\u00bb{}\u00bb][et_pb_text admin_label=\u00bbTitre &#8211; H1&#8243; module_class=\u00bbTitre Milieu\u00bb _builder_version=\u00bb4.21.0&#8243; _module_preset=\u00bbdefault\u00bb global_colors_info=\u00bb{}\u00bb]<\/p>\n<h1><strong>PYRES <\/strong><strong>Empresa <\/strong><\/h1>\n<p>[\/et_pb_text][et_pb_text module_class=\u00bbTexte Milieu\u00bb _builder_version=\u00bb4.21.0&#8243; _module_preset=\u00bbdefault\u00bb global_colors_info=\u00bb{}\u00bb]<\/p>\n<p>\u00bfQuiere adaptar su gesti\u00f3n a los cambios del mundo laboral?<br \/>Las soluciones PYRESCOM facilitan la gesti\u00f3n del tiempo y fomentan el bienestar en el trabajo.<\/p>\n<p>[\/et_pb_text][\/et_pb_column][\/et_pb_row][\/et_pb_section][et_pb_section fb_built=\u00bb1&#8243; module_class=\u00bbServices VersionClair TexteIcone\u00bb _builder_version=\u00bb4.19.5&#8243; _module_preset=\u00bbdefault\u00bb background_enable_image=\u00bboff\u00bb collapsed=\u00bbon\u00bb global_colors_info=\u00bb{}\u00bb][et_pb_row column_structure=\u00bb1_2,1_2&#8243; make_equal=\u00bbon\u00bb module_class=\u00bbLargeurBox Inverser\u00bb _builder_version=\u00bb4.21.0&#8243; _module_preset=\u00bbdefault\u00bb global_colors_info=\u00bb{}\u00bb][et_pb_column type=\u00bb1_2&#8243; _builder_version=\u00bb4.21.0&#8243; _module_preset=\u00bbdefault\u00bb animation_style=\u00bbslide\u00bb animation_direction=\u00bbleft\u00bb global_colors_info=\u00bb{}\u00bb][dsm_floating_multi_images module_class=\u00bbImage Mouvante\u00bb _builder_version=\u00bb4.21.0&#8243; _module_preset=\u00bbdefault\u00bb global_colors_info=\u00bb{}\u00bb][dsm_floating_multi_images_child src=\u00bbhttps:\/\/2024.pyres.com\/wp-content\/uploads\/2023\/08\/2-1-scaled.jpg\u00bb title_text=\u00bb2&#8243; horizontal_align=\u00bb36%\u00bb vertical_align=\u00bb-27%\u00bb _builder_version=\u00bb4.23.2&#8243; _module_preset=\u00bbdefault\u00bb global_colors_info=\u00bb{}\u00bb][\/dsm_floating_multi_images_child][dsm_floating_multi_images_child src=\u00bbhttps:\/\/2024.pyres.com\/wp-content\/uploads\/2023\/05\/Smart-Entreprise-Challenge-03.jpg\u00bb title_text=\u00bbSmart Entreprise &#8211; Challenge &#8211; 03&#8243; horizontal_align=\u00bb10%\u00bb vertical_align=\u00bb10%\u00bb _builder_version=\u00bb4.23.2&#8243; _module_preset=\u00bbdefault\u00bb global_colors_info=\u00bb{}\u00bb][\/dsm_floating_multi_images_child][dsm_floating_multi_images_child src=\u00bbhttps:\/\/2024.pyres.com\/wp-content\/uploads\/2023\/12\/57-scaled.jpg\u00bb alt=\u00bbImagen\u00bb title_text=\u00bb57&#8243; vertical_align=\u00bb-6%\u00bb _builder_version=\u00bb4.23.2&#8243; _module_preset=\u00bbdefault\u00bb global_colors_info=\u00bb{}\u00bb][\/dsm_floating_multi_images_child][dsm_floating_multi_images_child horizontal_align=\u00bb15%\u00bb vertical_align=\u00bb40%\u00bb _builder_version=\u00bb4.23.2&#8243; _module_preset=\u00bbdefault\u00bb max_width=\u00bb55%\u00bb global_colors_info=\u00bb{}\u00bb][\/dsm_floating_multi_images_child][\/dsm_floating_multi_images][\/et_pb_column][et_pb_column type=\u00bb1_2&#8243; _builder_version=\u00bb4.21.0&#8243; _module_preset=\u00bbdefault\u00bb animation_style=\u00bbslide\u00bb animation_direction=\u00bbright\u00bb global_colors_info=\u00bb{}\u00bb][et_pb_text admin_label=\u00bbTitre &#8211; H1&#8243; module_id=\u00bbEnjeux\u00bb module_class=\u00bbTitre Gauche\u00bb _builder_version=\u00bb4.21.0&#8243; _module_preset=\u00bbdefault\u00bb global_colors_info=\u00bb{}\u00bb]<\/p>\n<h2>Los nuevos <strong>retos de las empresas<\/strong>.<\/h2>\n<p>[\/et_pb_text][et_pb_text module_class=\u00bbTexte Gauche\u00bb _builder_version=\u00bb4.21.0&#8243; _module_preset=\u00bbdefault\u00bb global_colors_info=\u00bb{}\u00bb]<\/p>\n<p><span><\/span><\/p>\n<p><span>Las empresas sit\u00faan el bienestar de sus empleados en el centro de sus preocupaciones. Seg\u00fan BVA Opinion, el 40% de los j\u00f3venes considera que el bienestar en el trabajo es un criterio de selecci\u00f3n esencial, por delante del tiempo libre y el salario. Salas de descanso, reorganizaci\u00f3n de horarios y puestos de (tele)trabajo&#8230; son muchas las iniciativas.<\/span><\/p>\n<p>Con los cambios en la forma de trabajar (espacio abierto, teletrabajo, oficina flexible, etc.), los directivos se enfrentan a nuevos retos:  <\/p>\n<p>[\/et_pb_text][dsm_icon_list module_class=\u00bbIcone\u00bb _builder_version=\u00bb4.21.0&#8243; _module_preset=\u00bbdefault\u00bb global_colors_info=\u00bb{}\u00bb][dsm_icon_list_child text=\u00bb\u00bfC\u00f3mo podemos dar prioridad al bienestar de los empleados?\u00bb font_icon=\u00bb&#x4e;||divi||400&#8243; _builder_version=\u00bb4.21.0&#8243; _module_preset=\u00bbdefault\u00bb global_colors_info=\u00bb{}\u00bb][\/dsm_icon_list_child][dsm_icon_list_child text=\u00bb\u00bfC\u00f3mo podemos garantizar un buen entorno de trabajo para todos?\u00bb font_icon=\u00bb&#x4e;||divi||400&#8243; _builder_version=\u00bb4.21.0&#8243; _module_preset=\u00bbdefault\u00bb global_colors_info=\u00bb{}\u00bb][\/dsm_icon_list_child][dsm_icon_list_child text=\u00bb\u00bfC\u00f3mo puede adaptar su gesti\u00f3n a las nuevas formas de trabajar?\u00bb font_icon=\u00bb&#x4e;||divi||400&#8243; _builder_version=\u00bb4.21.0&#8243; _module_preset=\u00bbdefault\u00bb global_colors_info=\u00bb{}\u00bb][\/dsm_icon_list_child][\/dsm_icon_list][\/et_pb_column][\/et_pb_row][\/et_pb_section][et_pb_section fb_built=\u00bb1&#8243; module_class=\u00bbServices VersionClair TexteIcone\u00bb _builder_version=\u00bb4.19.5&#8243; _module_preset=\u00bbdefault\u00bb background_enable_image=\u00bboff\u00bb custom_padding=\u00bb||133px|||\u00bb collapsed=\u00bbon\u00bb global_colors_info=\u00bb{}\u00bb][et_pb_row column_structure=\u00bb1_2,1_2&#8243; make_equal=\u00bbon\u00bb module_class=\u00bbLargeurBox\u00bb _builder_version=\u00bb4.21.0&#8243; _module_preset=\u00bbdefault\u00bb global_colors_info=\u00bb{}\u00bb][et_pb_column type=\u00bb1_2&#8243; _builder_version=\u00bb4.21.0&#8243; _module_preset=\u00bbdefault\u00bb animation_style=\u00bbslide\u00bb animation_direction=\u00bbleft\u00bb global_colors_info=\u00bb{}\u00bb][et_pb_text admin_label=\u00bbTitre &#8211; H1&#8243; module_class=\u00bbTitre Gauche\u00bb _builder_version=\u00bb4.21.0&#8243; _module_preset=\u00bbdefault\u00bb global_colors_info=\u00bb{}\u00bb]<\/p>\n<h2><b>Bienestar y trabajo<\/b><\/h2>\n<p>[\/et_pb_text][et_pb_text module_class=\u00bbTexte Gauche\u00bb _builder_version=\u00bb4.21.0&#8243; _module_preset=\u00bbdefault\u00bb global_colors_info=\u00bb{}\u00bb]<\/p>\n<p>&nbsp;<\/p>\n<p>Los espacios abiertos, el teletrabajo, la oficina flexible y las nuevas tecnolog\u00edas est\u00e1n reestructurando nuestra forma de trabajar. Aunque cada empresa tiene sus propios retos espec\u00edficos, algunos problemas son globales.  <\/p>\n<p>En respuesta, nuestros equipos est\u00e1n desarrollando soluciones para apoyar estos cambios.<\/p>\n<p>[\/et_pb_text][dsm_icon_list module_class=\u00bbIcone\u00bb _builder_version=\u00bb4.21.0&#8243; _module_preset=\u00bbdefault\u00bb global_colors_info=\u00bb{}\u00bb][dsm_icon_list_child text=\u00bbMedir la calidad del entorno de trabajo\u00bb font_icon=\u00bb&#x4e;||divi||400&#8243; _builder_version=\u00bb4.21.0&#8243; _module_preset=\u00bbdefault\u00bb global_colors_info=\u00bb{}\u00bb][\/dsm_icon_list_child][dsm_icon_list_child text=\u00bbAdapte sus pr\u00e1cticas de gesti\u00f3n a las nuevas formas de trabajar\u00bb font_icon=\u00bb&#x4e;||divi||400&#8243; _builder_version=\u00bb4.21.0&#8243; _module_preset=\u00bbdefault\u00bb global_colors_info=\u00bb{}\u00bb][\/dsm_icon_list_child][dsm_icon_list_child text=\u00bbOptimizar la gesti\u00f3n del tiempo\u00bb font_icon=\u00bb&#x4e;||divi||400&#8243; _builder_version=\u00bb4.21.0&#8243; _module_preset=\u00bbdefault\u00bb global_colors_info=\u00bb{}\u00bb][\/dsm_icon_list_child][\/dsm_icon_list][\/et_pb_column][et_pb_column type=\u00bb1_2&#8243; _builder_version=\u00bb4.21.0&#8243; _module_preset=\u00bbdefault\u00bb animation_style=\u00bbslide\u00bb animation_direction=\u00bbright\u00bb global_colors_info=\u00bb{}\u00bb][dsm_floating_multi_images module_class=\u00bbImage Mouvante\u00bb _builder_version=\u00bb4.21.0&#8243; _module_preset=\u00bbdefault\u00bb global_colors_info=\u00bb{}\u00bb][dsm_floating_multi_images_child src=\u00bbhttps:\/\/2024.pyres.com\/wp-content\/uploads\/2023\/05\/Smart-Entreprise-Challenge-01.jpg\u00bb vertical_align=\u00bb-6%\u00bb _builder_version=\u00bb4.23.2&#8243; _module_preset=\u00bbdefault\u00bb global_colors_info=\u00bb{}\u00bb][\/dsm_floating_multi_images_child][dsm_floating_multi_images_child src=\u00bbhttps:\/\/2024.pyres.com\/wp-content\/uploads\/2023\/08\/adults-analysis-brainstorming.jpg\u00bb title_text=\u00bbadults-analysis-brainstorming\u00bb horizontal_align=\u00bb22%\u00bb vertical_align=\u00bb20%\u00bb _builder_version=\u00bb4.21.0&#8243; _module_preset=\u00bbdefault\u00bb max_width=\u00bb57%\u00bb global_colors_info=\u00bb{}\u00bb][\/dsm_floating_multi_images_child][dsm_floating_multi_images_child src=\u00bbhttps:\/\/2024.pyres.com\/wp-content\/uploads\/2023\/07\/2.png\u00bb title_text=\u00bb2&#8243; horizontal_align=\u00bb36%\u00bb vertical_align=\u00bb-27%\u00bb _builder_version=\u00bb4.21.0&#8243; _module_preset=\u00bbdefault\u00bb global_colors_info=\u00bb{}\u00bb][\/dsm_floating_multi_images_child][\/dsm_floating_multi_images][\/et_pb_column][\/et_pb_row][\/et_pb_section][et_pb_section fb_built=\u00bb1&#8243; prev_background_color=\u00bb#ffffff\u00bb next_background_color=\u00bb#ffffff\u00bb module_class=\u00bbServices VersionSombre Caroussel\u00bb _builder_version=\u00bb4.21.0&#8243; _module_preset=\u00bbdefault\u00bb use_background_color_gradient=\u00bbon\u00bb background_color_gradient_direction=\u00bb135deg\u00bb background_color_gradient_stops=\u00bbrgba(16,165,247,0.9) 0%|rgba(1,21,69,0.9) 100%\u00bb background_color_gradient_overlays_image=\u00bbon\u00bb background_image=\u00bbhttps:\/\/2024.pyres.com\/wp-content\/uploads\/2023\/08\/9-scaled.jpg\u00bb top_divider_style=\u00bbarrow2&#8243; bottom_divider_style=\u00bbarrow2&#8243; bottom_divider_flip=\u00bbvertical\u00bb global_colors_info=\u00bb{}\u00bb][et_pb_row make_equal=\u00bbon\u00bb module_class=\u00bbLargeurBox EnTete\u00bb _builder_version=\u00bb4.19.5&#8243; _module_preset=\u00bbdefault\u00bb global_colors_info=\u00bb{}\u00bb][et_pb_column type=\u00bb4_4&#8243; _builder_version=\u00bb4.19.5&#8243; _module_preset=\u00bbdefault\u00bb global_colors_info=\u00bb{}\u00bb][et_pb_text admin_label=\u00bbTitre &#8211; H1&#8243; module_id=\u00bbNosSolutions\u00bb module_class=\u00bbTitre Milieu\u00bb _builder_version=\u00bb4.21.0&#8243; _module_preset=\u00bbdefault\u00bb global_colors_info=\u00bb{}\u00bb]<\/p>\n<h2>Nuestras <strong>soluciones <\/strong>PYRES empresa<\/h2>\n<p>[\/et_pb_text][\/et_pb_column][\/et_pb_row][et_pb_row module_class=\u00bbLargeurBox\u00bb _builder_version=\u00bb4.21.0&#8243; _module_preset=\u00bbdefault\u00bb custom_margin=\u00bb||2%||false|false\u00bb saved_tabs=\u00bball\u00bb global_colors_info=\u00bb{}\u00bb][et_pb_column type=\u00bb4_4&#8243; module_class=\u00bbColonne\u00bb _builder_version=\u00bb4.19.5&#8243; _module_preset=\u00bbdefault\u00bb global_colors_info=\u00bb{}\u00bb][dsm_card_carousel slide_to_show=\u00bb2&#8243; speed=\u00bb100&#8243; autoplay=\u00bboff\u00bb space_between=\u00bb40&#8243; equal_height=\u00bbon\u00bb arrows=\u00bboff\u00bb module_class=\u00bbCaroussel Milieu\u00bb _builder_version=\u00bb4.23.1&#8243; _module_preset=\u00bbdefault\u00bb header_level=\u00bbh3&#8243; button_alignment=\u00bbcenter\u00bb custom_margin=\u00bb||0px||false|false\u00bb custom_padding=\u00bb30px||0px||false|false\u00bb global_colors_info=\u00bb{}\u00bb][dsm_card_carousel_child title=\u00bbControl de la calidad del aire interior\u00bb image=\u00bbhttps:\/\/2024.pyres.com\/wp-content\/uploads\/2023\/05\/Qualite-de-lair-interieur-2.jpeg\u00bb button_text=\u00bbM\u00e1s informaci\u00f3n\u00bb button_url=\u00bb@ET-DC@eyJkeW5hbWljIjp0cnVlLCJjb250ZW50IjoicG9zdF9saW5rX3VybF9wYWdlIiwic2V0dGluZ3MiOnsicG9zdF9pZCI6IjgwIn19@\u00bb button_url_new_window=\u00bb1&#8243; _builder_version=\u00bb4.21.0&#8243; _dynamic_attributes=\u00bbbutton_url,link_option_url\u00bb _module_preset=\u00bbdefault\u00bb header_font=\u00bb|700|||||||\u00bb header_text_color=\u00bb#000000&#8243; header_line_height=\u00bb2em\u00bb link_option_url=\u00bb@ET-DC@eyJkeW5hbWljIjp0cnVlLCJjb250ZW50IjoicG9zdF9saW5rX3VybF9wYWdlIiwic2V0dGluZ3MiOnsicG9zdF9pZCI6IjgwIn19@\u00bb global_colors_info=\u00bb{}\u00bb parent_button=\u00bboff\u00bb parent_header_level=\u00bbh3&#8243;]<\/p>\n<p>Desde hace m\u00e1s de 10 a\u00f1os, los equipos PYRESCOM permiten a los ERP controlar la calidad del aire interior gracias a sus sensores de CO2 Class&#8217;Air. Los LED pueden utilizarse para alertarle de niveles elevados de CO2 y animarle a ventilar.<\/p>\n<p>[\/dsm_card_carousel_child][dsm_card_carousel_child title=\u00bbControl y gesti\u00f3n del tiempo\u00bb image=\u00bbhttps:\/\/2024.pyres.com\/wp-content\/uploads\/2023\/05\/Termod-Controle-et-gestion-des-temps.jpg\u00bb button_text=\u00bbM\u00e1s informaci\u00f3n\u00bb button_url=\u00bb@ET-DC@eyJkeW5hbWljIjp0cnVlLCJjb250ZW50IjoicG9zdF9saW5rX3VybF9wYWdlIiwic2V0dGluZ3MiOnsicG9zdF9pZCI6IjgxIn19@\u00bb button_url_new_window=\u00bb1&#8243; _builder_version=\u00bb4.23.2&#8243; _dynamic_attributes=\u00bbbutton_url,link_option_url\u00bb _module_preset=\u00bbdefault\u00bb header_font=\u00bb|700|||||||\u00bb header_text_color=\u00bb#000000&#8243; header_line_height=\u00bb2em\u00bb link_option_url=\u00bb@ET-DC@eyJkeW5hbWljIjp0cnVlLCJjb250ZW50IjoicG9zdF9saW5rX3VybF9wYWdlIiwic2V0dGluZ3MiOnsicG9zdF9pZCI6IjgxIn19@\u00bb global_colors_info=\u00bb{}\u00bb parent_button=\u00bboff\u00bb parent_header_level=\u00bbh3&#8243;]<\/p>\n<p>La mayor\u00eda de los editores de software de pago y cajeros autom\u00e1ticos del mercado ofrecen lectores de tarjetas Termod.<\/p>\n<p>&nbsp;<\/p>\n<p>[\/dsm_card_carousel_child][\/dsm_card_carousel][\/et_pb_column][\/et_pb_row][\/et_pb_section][et_pb_section fb_built=\u00bb1&#8243; module_class=\u00bbServices VersionClair TexteSimple\u00bb _builder_version=\u00bb4.19.5&#8243; _module_preset=\u00bbdefault\u00bb background_enable_color=\u00bboff\u00bb background_enable_image=\u00bboff\u00bb bottom_divider_color=\u00bb#FFFFFF\u00bb bottom_divider_flip=\u00bbvertical\u00bb collapsed=\u00bbon\u00bb global_colors_info=\u00bb{}\u00bb][et_pb_row column_structure=\u00bb1_2,1_2&#8243; make_equal=\u00bbon\u00bb module_class=\u00bbLargeurBox\u00bb _builder_version=\u00bb4.21.0&#8243; _module_preset=\u00bbdefault\u00bb global_colors_info=\u00bb{}\u00bb][et_pb_column type=\u00bb1_2&#8243; _builder_version=\u00bb4.21.0&#8243; _module_preset=\u00bbdefault\u00bb animation_style=\u00bbslide\u00bb animation_direction=\u00bbleft\u00bb global_colors_info=\u00bb{}\u00bb][et_pb_image src=\u00bbhttps:\/\/2024.pyres.com\/wp-content\/uploads\/2023\/08\/developer-team-coding-javascript-scaled.jpg\u00bb title_text=\u00bbequipo-desarrollador-codificaci\u00f3n-javascript\u00bb module_class=\u00bbImage\u00bb _builder_version=\u00bb4.21.0&#8243; _module_preset=\u00bbdefault\u00bb global_colors_info=\u00bb{}\u00bb][\/et_pb_image][\/et_pb_column][et_pb_column type=\u00bb1_2&#8243; module_class=\u00bbcentrer-verticalement\u00bb _builder_version=\u00bb4.21.0&#8243; _module_preset=\u00bbdefault\u00bb animation_style=\u00bbslide\u00bb animation_direction=\u00bbright\u00bb global_colors_info=\u00bb{}\u00bb][et_pb_text admin_label=\u00bbTitre &#8211; H1&#8243; module_class=\u00bbTitre Gauche\u00bb _builder_version=\u00bb4.21.0&#8243; _module_preset=\u00bbdefault\u00bb custom_margin=\u00bb20px||||false|false\u00bb global_colors_info=\u00bb{}\u00bb]<\/p>\n<h2><strong>\u00bfPor qu\u00e9<\/strong> adoptar nuestras soluciones?<\/h2>\n<p>[\/et_pb_text][et_pb_text module_class=\u00bbTexte Gauche\u00bb _builder_version=\u00bb4.21.0&#8243; _module_preset=\u00bbdefault\u00bb global_colors_info=\u00bb{}\u00bb]<\/p>\n<div data-qa=\"slack_kit_scrollbar\" role=\"presentation\" class=\"c-scrollbar__hider\">\n<div role=\"presentation\" class=\"c-scrollbar__child\">\n<div data-qa=\"slack_kit_list\" class=\"c-virtual_list__scroll_container\" role=\"list\" aria-label=\"Pauline (message direct, absent)\" tabindex=\"-1\">\n<div aria-setsize=\"-1\" class=\"c-virtual_list__item c-virtual_list__item--initial-activeitem\" role=\"listitem\" id=\"1688978194.773259\" data-qa=\"virtual-list-item\" data-item-key=\"1688978194.773259\" tabindex=\"0\">\n<div role=\"presentation\" class=\"c-message_kit__background p-message_pane_message__message c-message_kit__message p-message_pane_message__message--last\" data-qa=\"message_container\" data-qa-unprocessed=\"false\" data-qa-placeholder=\"false\">\n<div role=\"document\" aria-roledescription=\"message\" class=\"c-message_kit__hover\" data-qa-hover=\"true\">\n<div class=\"c-message_kit__actions c-message_kit__actions--default\">\n<div class=\"c-message_kit__gutter\">\n<div role=\"presentation\" class=\"c-message_kit__gutter__right\" data-qa=\"message_content\">\n<div class=\"c-message_kit__blocks c-message_kit__blocks--rich_text\">\n<div class=\"c-message__message_blocks c-message__message_blocks--rich_text\" data-qa=\"message-text\">\n<div class=\"p-block_kit_renderer\" data-qa=\"block-kit-renderer\">\n<div class=\"p-block_kit_renderer__block_wrapper p-block_kit_renderer__block_wrapper--first\">\n<div class=\"p-rich_text_block\" dir=\"auto\">\n<div class=\"p-rich_text_section\">Respaldado por un<span> <\/span>Con <b data-stringify-type=\"bold\">casi 40 a\u00f1os de experiencia<\/b>, los expertos de PYRESCOM desarrollan soluciones f\u00e1ciles de implantar y utilizar. Cada d\u00eda trabajamos en nuestras soluciones para<span> <\/span><b data-stringify-type=\"bold\">para satisfacer todas sus necesidades.<\/b><\/div>\n<\/div>\n<\/div>\n<\/div>\n<\/div>\n<\/div>\n<\/div>\n<\/div>\n<\/div>\n<\/div>\n<\/div>\n<\/div>\n<\/div>\n<\/div>\n<\/div>\n<p>[\/et_pb_text][et_pb_button button_url=\u00bbhttps:\/\/2024.pyres.com\/es\/?page_id=11568&#8243; button_text=\u00bbDescubra PYRESCOM\u00bb module_class=\u00bbBouton SmartEntreprise\u00bb _builder_version=\u00bb4.23.2&#8243; _module_preset=\u00bbdefault\u00bb global_colors_info=\u00bb{}\u00bb][\/et_pb_button][\/et_pb_column][\/et_pb_row][\/et_pb_section]<\/p>\n","protected":false},"excerpt":{"rendered":"<p>PYRES Empresa \u00bfQuiere adaptar su gesti\u00f3n a los cambios del mundo laboral?Las soluciones PYRESCOM facilitan la gesti\u00f3n del tiempo y fomentan el bienestar en el trabajo.<div class=\"et_pb_module dsm_floating_multi_images dsm_floating_multi_images_0 Image Mouvante\">\n\t\t\t\t\n\t\t\t\t\n\t\t\t\t\n\t\t\t\t\n\t\t\t\t\n\t\t\t\t\n\t\t\t\t<div class=\"et_pb_module_inner\">\n\t\t\t\t\t<div class=\"dsm_floating_multi_images_container\"><\/div>\n\t\t\t\t<\/div>\n\t\t\t<\/div><div class=\"et_pb_module dsm_floating_multi_images_child dsm_floating_multi_images_child_0\">\n\t\t\t\t\n\t\t\t\t\n\t\t\t\t\n\t\t\t\t\n\t\t\t\t\n\t\t\t\t\n\t\t\t\t<div class=\"et_pb_module_inner\">\n\t\t\t\t\t<img decoding=\"async\" src=\"https:\/\/2024.pyres.com\/wp-content\/uploads\/2023\/08\/2-1-scaled.jpg\" alt=\"\" title=\"2\" id=\"\" class=\"\" \/>\n\t\t\t\t<\/div>\n\t\t\t<\/div><div class=\"et_pb_module dsm_floating_multi_images_child dsm_floating_multi_images_child_1\">\n\t\t\t\t\n\t\t\t\t\n\t\t\t\t\n\t\t\t\t\n\t\t\t\t\n\t\t\t\t\n\t\t\t\t<div class=\"et_pb_module_inner\">\n\t\t\t\t\t<img decoding=\"async\" src=\"https:\/\/2024.pyres.com\/wp-content\/uploads\/2023\/05\/Smart-Entreprise-Challenge-03.jpg\" alt=\"\" title=\"Smart Entreprise - Challenge - 03\" id=\"\" class=\"\" \/>\n\t\t\t\t<\/div>\n\t\t\t<\/div><div class=\"et_pb_module dsm_floating_multi_images_child dsm_floating_multi_images_child_2\">\n\t\t\t\t\n\t\t\t\t\n\t\t\t\t\n\t\t\t\t\n\t\t\t\t\n\t\t\t\t\n\t\t\t\t<div class=\"et_pb_module_inner\">\n\t\t\t\t\t<img decoding=\"async\" src=\"\" alt=\"\u00bbImagen\u00bb\" title=\"\u00bb57&#8243;\" id=\"\" class=\"et_multi_view_hidden_image \" \/>\n\t\t\t\t<\/div>\n\t\t\t<\/div><\/p>\n","protected":false},"author":1,"featured_media":13969,"parent":12484,"menu_order":23,"comment_status":"closed","ping_status":"closed","template":"","meta":{"_acf_changed":false,"_et_pb_use_builder":"on","_et_pb_old_content":"","_et_gb_content_width":"","content-type":"","footnotes":""},"class_list":["post-11632","page","type-page","status-publish","has-post-thumbnail","hentry"],"acf":[],"_links":{"self":[{"href":"https:\/\/pyres.com\/es\/wp-json\/wp\/v2\/pages\/11632","targetHints":{"allow":["GET"]}}],"collection":[{"href":"https:\/\/pyres.com\/es\/wp-json\/wp\/v2\/pages"}],"about":[{"href":"https:\/\/pyres.com\/es\/wp-json\/wp\/v2\/types\/page"}],"author":[{"embeddable":true,"href":"https:\/\/pyres.com\/es\/wp-json\/wp\/v2\/users\/1"}],"replies":[{"embeddable":true,"href":"https:\/\/pyres.com\/es\/wp-json\/wp\/v2\/comments?post=11632"}],"version-history":[{"count":0,"href":"https:\/\/pyres.com\/es\/wp-json\/wp\/v2\/pages\/11632\/revisions"}],"up":[{"embeddable":true,"href":"https:\/\/pyres.com\/es\/wp-json\/wp\/v2\/pages\/12484"}],"wp:featuredmedia":[{"embeddable":true,"href":"https:\/\/pyres.com\/es\/wp-json\/wp\/v2\/media\/13969"}],"wp:attachment":[{"href":"https:\/\/pyres.com\/es\/wp-json\/wp\/v2\/media?parent=11632"}],"curies":[{"name":"wp","href":"https:\/\/api.w.org\/{rel}","templated":true}]}}