{"id":12460,"date":"2023-04-20T18:15:49","date_gmt":"2023-04-20T16:15:49","guid":{"rendered":"https:\/\/2024.pyres.com\/unsere-loesungen\/"},"modified":"2024-01-17T14:01:17","modified_gmt":"2024-01-17T13:01:17","slug":"loesungen","status":"publish","type":"page","link":"https:\/\/pyres.com\/de\/loesungen\/","title":{"rendered":"Unsere L\u00f6sungen"},"content":{"rendered":"<p>[et_pb_section fb_built=&#8220;1&#8243; admin_label=&#8220;Header FullPage Gauche VersionClair&#8220; module_class=&#8220;Header FullPage VersionSombre Simple&#8220; _builder_version=&#8220;4.21.0&#8243; _module_preset=&#8220;default&#8220; use_background_color_gradient=&#8220;on&#8220; background_color_gradient_stops=&#8220;rgba(36,34,119,0.9) 0%|rgba(36,34,119,0.9) 100%&#8220; background_color_gradient_overlays_image=&#8220;on&#8220; background_image=&#8220;https:\/\/2024.pyres.com\/wp-content\/uploads\/2023\/07\/3-4.png&#8220; bottom_divider_style=&#8220;arrow2&#8243; bottom_divider_color=&#8220;#FFFFFF&#8220; bottom_divider_flip=&#8220;vertical&#8220; hover_enabled=&#8220;0&#8243; collapsed=&#8220;on&#8220; global_colors_info=&#8220;{}&#8220; title_text=&#8220;3&#8243; sticky_enabled=&#8220;0&#8243;][et_pb_row make_equal=&#8220;on&#8220; module_class=&#8220;LargeurBox&#8220; _builder_version=&#8220;4.19.5&#8243; _module_preset=&#8220;default&#8220; global_colors_info=&#8220;{}&#8220;][et_pb_column type=&#8220;4_4&#8243; _builder_version=&#8220;4.19.5&#8243; _module_preset=&#8220;default&#8220; global_colors_info=&#8220;{}&#8220;][et_pb_text admin_label=&#8220;Titre &#8211; H1&#8243; module_class=&#8220;Titre Milieu&#8220; _builder_version=&#8220;4.21.0&#8243; _module_preset=&#8220;default&#8220; global_colors_info=&#8220;{}&#8220;]<\/p>\n<h1><strong>Unsere L\u00f6sungen<\/strong><\/h1>\n<p>[\/et_pb_text][et_pb_text module_class=&#8220;Texte Milieu&#8220; _builder_version=&#8220;4.21.0&#8243; _module_preset=&#8220;default&#8220; global_colors_info=&#8220;{}&#8220;]<\/p>\n<p>PYRESCOM, das sind 6 Produkte, um die Probleme von 3 Hauptsektoren zu l\u00f6sen: Smart City, Smart Health und Smart Enterprise.<\/p>\n<p>&nbsp;<\/p>\n<p>[\/et_pb_text][\/et_pb_column][\/et_pb_row][\/et_pb_section][et_pb_section fb_built=&#8220;1&#8243; module_class=&#8220;Services VersionClair Carte Bouton Simple&#8220; _builder_version=&#8220;4.19.5&#8243; _module_preset=&#8220;default&#8220; global_colors_info=&#8220;{}&#8220;][et_pb_row column_structure=&#8220;1_3,1_3,1_3&#8243; module_class=&#8220;LargeurBox Colonne3&#8243; _builder_version=&#8220;4.21.0&#8243; _module_preset=&#8220;default&#8220; hover_enabled=&#8220;0&#8243; global_colors_info=&#8220;{}&#8220; custom_margin=&#8220;||1%||false|false&#8220; sticky_enabled=&#8220;0&#8243;][et_pb_column type=&#8220;1_3&#8243; module_class=&#8220;Colonne&#8220; _builder_version=&#8220;4.19.5&#8243; _module_preset=&#8220;default&#8220; global_colors_info=&#8220;{}&#8220;][dsm_card button_css=&#8220;Bouton Style1&#8243; title=&#8220;AIVA &#8211; Schutz von Defibrillatoren&#8220; image=&#8220;https:\/\/2024.pyres.com\/wp-content\/uploads\/2023\/05\/AIVIA-Protection-des-defibirlateurs.jpg&#8220; alt=&#8220;AIVA &#8211; Schutz von Defibrillatoren&#8220; button_text=&#8220;Mehr erfahren&#8220; button_url=&#8220;@ET-DC@eyJkeW5hbWljIjp0cnVlLCJjb250ZW50IjoicG9zdF9saW5rX3VybF9wYWdlIiwic2V0dGluZ3MiOnsicG9zdF9pZCI6Ijc4In19@&#8220; button_url_new_window=&#8220;1&#8243; module_class=&#8220;Milieu&#8220; _builder_version=&#8220;4.21.0&#8243; _dynamic_attributes=&#8220;link_option_url,button_url&#8220; _module_preset=&#8220;default&#8220; header_level=&#8220;h2&#8243; button_alignment=&#8220;center&#8220; link_option_url=&#8220;@ET-DC@eyJkeW5hbWljIjp0cnVlLCJjb250ZW50IjoicG9zdF9saW5rX3VybF9wYWdlIiwic2V0dGluZ3MiOnsicG9zdF9pZCI6Ijc4In19@&#8220; global_colors_info=&#8220;{}&#8220;]<\/p>\n<p>Lorem ipsum ipsum dolor sit amet, dolor sit consectetur consectetur adipiscing elit, sed d incididunt ut labore et dolor sit ame tincididunt dolore , dolore magna aliqua.<\/p>\n<p>[\/dsm_card][\/et_pb_column][et_pb_column type=&#8220;1_3&#8243; module_class=&#8220;Colonne&#8220; _builder_version=&#8220;4.19.5&#8243; _module_preset=&#8220;default&#8220; global_colors_info=&#8220;{}&#8220;][dsm_card button_css=&#8220;Bouton Style1&#8243; title=&#8220;casar &#8211; R\u00fcstungs\u00fcberwachung&#8220; image=&#8220;https:\/\/2024.pyres.com\/wp-content\/uploads\/2023\/05\/casar-Supervision-de-larmement.jpg&#8220; alt=&#8220;casar &#8211; R\u00fcstungs\u00fcberwachung&#8220; button_text=&#8220;Mehr erfahren&#8220; button_url=&#8220;@ET-DC@eyJkeW5hbWljIjp0cnVlLCJjb250ZW50IjoicG9zdF9saW5rX3VybF9wYWdlIiwic2V0dGluZ3MiOnsicG9zdF9pZCI6Ijc2In19@&#8220; button_url_new_window=&#8220;1&#8243; title_last_edited=&#8220;off|desktop&#8220; module_class=&#8220;Milieu&#8220; _builder_version=&#8220;4.21.0&#8243; _dynamic_attributes=&#8220;link_option_url,button_url&#8220; _module_preset=&#8220;default&#8220; header_level=&#8220;h2&#8243; button_alignment=&#8220;center&#8220; link_option_url=&#8220;@ET-DC@eyJkeW5hbWljIjp0cnVlLCJjb250ZW50IjoicG9zdF9saW5rX3VybF9wYWdlIiwic2V0dGluZ3MiOnsicG9zdF9pZCI6Ijc2In19@&#8220; global_colors_info=&#8220;{}&#8220;]<\/p>\n<p>Am 31. Dezember 2021 waren 14.819 Stadtpolizisten mit einer Schusswaffe ausgestattet. Diese Zahl ber\u00fccksichtigt nicht das Personal der nationalen Polizei, des Zolls&#8230;<\/p>\n<p>[\/dsm_card][\/et_pb_column][et_pb_column type=&#8220;1_3&#8243; module_class=&#8220;Colonne&#8220; _builder_version=&#8220;4.19.5&#8243; _module_preset=&#8220;default&#8220; global_colors_info=&#8220;{}&#8220;][dsm_card button_css=&#8220;Bouton Style1&#8243; title=&#8220;Class&apos;Air &#8211; \u00dcberwachung der Luftqualit\u00e4t in Innenr\u00e4umen&#8220; image=&#8220;https:\/\/2024.pyres.com\/wp-content\/uploads\/2023\/05\/Class-Air-Surveillance-de-la-Qualite-Air-Interieur.jpg&#8220; alt=&#8220;Class&apos;Air &#8211; \u00dcberwachung der Luftqualit\u00e4t in Innenr\u00e4umen&#8220; button_text=&#8220;Mehr erfahren&#8220; button_url=&#8220;@ET-DC@eyJkeW5hbWljIjp0cnVlLCJjb250ZW50IjoicG9zdF9saW5rX3VybF9wYWdlIiwic2V0dGluZ3MiOnsicG9zdF9pZCI6IjgwIn19@&#8220; button_url_new_window=&#8220;1&#8243; module_class=&#8220;Milieu&#8220; _builder_version=&#8220;4.21.0&#8243; _dynamic_attributes=&#8220;link_option_url,button_url&#8220; _module_preset=&#8220;default&#8220; header_level=&#8220;h2&#8243; button_alignment=&#8220;center&#8220; link_option_url=&#8220;@ET-DC@eyJkeW5hbWljIjp0cnVlLCJjb250ZW50IjoicG9zdF9saW5rX3VybF9wYWdlIiwic2V0dGluZ3MiOnsicG9zdF9pZCI6IjgwIn19@&#8220; global_colors_info=&#8220;{}&#8220;]<\/p>\n<p>Wir verbringen durchschnittlich 20 bis 22 von 24 Stunden in geschlossenen R\u00e4umen. Die Luftverschmutzung in Innenr\u00e4umen soll j\u00e4hrlich zu mehr als 20.000 Todesf\u00e4llen f\u00fchren und 19 Milliarden Euro kosten&#8230;<\/p>\n<p>[\/dsm_card][\/et_pb_column][\/et_pb_row][et_pb_row column_structure=&#8220;1_3,1_3,1_3&#8243; module_class=&#8220;LargeurBox Colonne3&#8243; _builder_version=&#8220;4.21.0&#8243; _module_preset=&#8220;default&#8220; hover_enabled=&#8220;0&#8243; global_colors_info=&#8220;{}&#8220; custom_margin=&#8220;||4%||false|false&#8220; sticky_enabled=&#8220;0&#8243;][et_pb_column type=&#8220;1_3&#8243; module_class=&#8220;Colonne&#8220; _builder_version=&#8220;4.19.5&#8243; _module_preset=&#8220;default&#8220; global_colors_info=&#8220;{}&#8220;][dsm_card button_css=&#8220;Bouton Style1&#8243; title=&#8220;EPnrj &#8211; Steuerung der \u00f6ffentlichen Beleuchtung&#8220; image=&#8220;https:\/\/2024.pyres.com\/wp-content\/uploads\/2023\/05\/EPnrj-Pilotage-de-leclairage-public.jpg&#8220; alt=&#8220;EPnrj &#8211; Steuerung der \u00f6ffentlichen Beleuchtung&#8220; button_text=&#8220;Mehr erfahren&#8220; button_url=&#8220;@ET-DC@eyJkeW5hbWljIjp0cnVlLCJjb250ZW50IjoicG9zdF9saW5rX3VybF9wYWdlIiwic2V0dGluZ3MiOnsicG9zdF9pZCI6Ijc3In19@&#8220; button_url_new_window=&#8220;1&#8243; module_class=&#8220;Milieu&#8220; _builder_version=&#8220;4.21.0&#8243; _dynamic_attributes=&#8220;link_option_url,button_url&#8220; _module_preset=&#8220;default&#8220; header_level=&#8220;h2&#8243; button_alignment=&#8220;center&#8220; link_option_url=&#8220;@ET-DC@eyJkeW5hbWljIjp0cnVlLCJjb250ZW50IjoicG9zdF9saW5rX3VybF9wYWdlIiwic2V0dGluZ3MiOnsicG9zdF9pZCI6Ijc3In19@&#8220; global_colors_info=&#8220;{}&#8220;]<\/p>\n<p>Die \u00f6ffentliche Beleuchtung ist ein zentrales Anliegen der Gemeinden. In einer Zeit der Energieeinsparung ist es unm\u00f6glich, die enormen Kosten zu ignorieren, die durch die&#8230;<\/p>\n<p>[\/dsm_card][\/et_pb_column][et_pb_column type=&#8220;1_3&#8243; module_class=&#8220;Colonne&#8220; _builder_version=&#8220;4.19.5&#8243; _module_preset=&#8220;default&#8220; global_colors_info=&#8220;{}&#8220;][dsm_card button_css=&#8220;Bouton Style1&#8243; title=&#8220;Termod &#8211; Kontrolle und Zeitmanagement&#8220; image=&#8220;https:\/\/2024.pyres.com\/wp-content\/uploads\/2023\/05\/Termod-Controle-et-gestion-des-temps.jpg&#8220; alt=&#8220;Termod &#8211; Kontrolle und Zeitmanagement&#8220; button_text=&#8220;Mehr erfahren&#8220; button_url=&#8220;@ET-DC@eyJkeW5hbWljIjp0cnVlLCJjb250ZW50IjoicG9zdF9saW5rX3VybF9wYWdlIiwic2V0dGluZ3MiOnsicG9zdF9pZCI6IjgxIn19@&#8220; button_url_new_window=&#8220;1&#8243; module_class=&#8220;Milieu&#8220; _builder_version=&#8220;4.21.0&#8243; _dynamic_attributes=&#8220;link_option_url,button_url&#8220; _module_preset=&#8220;default&#8220; header_level=&#8220;h2&#8243; button_alignment=&#8220;center&#8220; link_option_url=&#8220;@ET-DC@eyJkeW5hbWljIjp0cnVlLCJjb250ZW50IjoicG9zdF9saW5rX3VybF9wYWdlIiwic2V0dGluZ3MiOnsicG9zdF9pZCI6IjgxIn19@&#8220; global_colors_info=&#8220;{}&#8220;]<\/p>\n<p>Lorem ipsum ipsum dolor sit amet, dolor sit consectetur consectetur adipiscing elit, sed d incididunt ut labore et dolor sit ame tincididunt dolore , dolore magna aliqua.<\/p>\n<p>[\/dsm_card][\/et_pb_column][et_pb_column type=&#8220;1_3&#8243; module_class=&#8220;Colonne&#8220; _builder_version=&#8220;4.19.5&#8243; _module_preset=&#8220;default&#8220; global_colors_info=&#8220;{}&#8220;][dsm_card button_css=&#8220;Bouton Style1&#8243; title=&#8220;Termod TT &#8211; Kontrolle und Zeitmanagement&#8220; image=&#8220;https:\/\/2024.pyres.com\/wp-content\/uploads\/2023\/05\/Termod-Controle-et-gestion-des-temps.jpg&#8220; alt=&#8220;Termod &#8211; Kontrolle und Zeitmanagement&#8220; button_text=&#8220;Mehr erfahren&#8220; button_url=&#8220;@ET-DC@eyJkeW5hbWljIjp0cnVlLCJjb250ZW50IjoicG9zdF9saW5rX3VybF9wYWdlIiwic2V0dGluZ3MiOnsicG9zdF9pZCI6IjgxIn19@&#8220; button_url_new_window=&#8220;1&#8243; module_class=&#8220;Milieu&#8220; _builder_version=&#8220;4.21.0&#8243; _dynamic_attributes=&#8220;link_option_url,button_url&#8220; _module_preset=&#8220;default&#8220; header_level=&#8220;h2&#8243; button_alignment=&#8220;center&#8220; link_option_url=&#8220;@ET-DC@eyJkeW5hbWljIjp0cnVlLCJjb250ZW50IjoicG9zdF9saW5rX3VybF9wYWdlIiwic2V0dGluZ3MiOnsicG9zdF9pZCI6IjgxIn19@&#8220; global_colors_info=&#8220;{}&#8220;]<\/p>\n<p>Lorem ipsum ipsum dolor sit amet, dolor sit consectetur consectetur adipiscing elit, sed d incididunt ut labore et dolor sit ame tincididunt dolore , dolore magna aliqua.<\/p>\n<p>[\/dsm_card][\/et_pb_column][\/et_pb_row][\/et_pb_section]<\/p>\n","protected":false},"excerpt":{"rendered":"<p>Unsere L\u00f6sungenPYRESCOM, das sind 6 Produkte, um die Probleme von 3 Hauptsektoren zu l\u00f6sen: Smart City, Smart Health und Smart Enterprise. &nbsp;<div class=\"et_pb_module dsm_card dsm_card_0 Milieu et_pb_bg_layout_light  dsm_card_layout_stacked\">\n\t\t\t\t\n\t\t\t\t\n\t\t\t\t\n\t\t\t\t\n\t\t\t\t\n\t\t\t\t\n\t\t\t\t<div class=\"et_pb_module_inner\">\n\t\t\t\t\t\n\t\t\t\n\t\t\t<figure class=\"dsm_card_image_wrapper dsm_card_badge_top_right\"><div class=\"dsm_card_image_background dsm_card_img\"><\/div><\/figure>\n\t\t\t<div class=\"et_pb_module dsm_card_wrapper et_pb_text_align_left\">\n\t\t\t\t\t\n\t\t\t\t\t<h2 class=\"dsm_card_title et_pb_module_header\">AIVA - Schutz von Defibrillatoren<\/h2>\n\t\t\t\t\t\n\t\t\t\t\t\n\t\t\t\t\t<div class=\"et_pb_button_wrapper\"><a class=\"et_pb_button et_pb_more_button Bouton Style1\" href=\"\">Mehr erfahren<\/a><\/div>\n\t\t\t\t<\/div>\n\t\t\t\n\t\t\t\t<\/div>\n\t\t\t<\/div>Lorem ipsum ipsum dolor sit amet, dolor sit consectetur [&hellip;]<\/p>\n","protected":false},"author":1,"featured_media":0,"parent":0,"menu_order":30,"comment_status":"closed","ping_status":"closed","template":"","meta":{"_acf_changed":false,"_et_pb_use_builder":"on","_et_pb_old_content":"","_et_gb_content_width":"","content-type":"","footnotes":""},"class_list":["post-12460","page","type-page","status-publish","hentry"],"acf":[],"_links":{"self":[{"href":"https:\/\/pyres.com\/de\/wp-json\/wp\/v2\/pages\/12460","targetHints":{"allow":["GET"]}}],"collection":[{"href":"https:\/\/pyres.com\/de\/wp-json\/wp\/v2\/pages"}],"about":[{"href":"https:\/\/pyres.com\/de\/wp-json\/wp\/v2\/types\/page"}],"author":[{"embeddable":true,"href":"https:\/\/pyres.com\/de\/wp-json\/wp\/v2\/users\/1"}],"replies":[{"embeddable":true,"href":"https:\/\/pyres.com\/de\/wp-json\/wp\/v2\/comments?post=12460"}],"version-history":[{"count":0,"href":"https:\/\/pyres.com\/de\/wp-json\/wp\/v2\/pages\/12460\/revisions"}],"wp:attachment":[{"href":"https:\/\/pyres.com\/de\/wp-json\/wp\/v2\/media?parent=12460"}],"curies":[{"name":"wp","href":"https:\/\/api.w.org\/{rel}","templated":true}]}}