{"id":11995,"date":"2021-04-04T12:00:01","date_gmt":"2021-04-04T10:00:01","guid":{"rendered":"https:\/\/2024.pyres.com\/datenschutzrichtlinie\/"},"modified":"2024-01-11T16:49:00","modified_gmt":"2024-01-11T15:49:00","slug":"datenschutzrichtlinie","status":"publish","type":"page","link":"https:\/\/pyres.com\/de\/datenschutzrichtlinie\/","title":{"rendered":"Datenschutzrichtlinie"},"content":{"rendered":"<p>[et_pb_section fb_built=&#8220;1&#8243; admin_label=&#8220;Header FullPage Gauche VersionClair&#8220; module_class=&#8220;Header FullPage VersionSombre Simple&#8220; _builder_version=&#8220;4.19.5&#8243; _module_preset=&#8220;default&#8220; use_background_color_gradient=&#8220;on&#8220; background_color_gradient_stops=&#8220;rgba(36,34,119,0.94) 0%|rgba(36,34,119,0.94) 100%&#8220; background_color_gradient_overlays_image=&#8220;on&#8220; background_image=&#8220;https:\/\/2024.pyres.com\/wp-content\/uploads\/2022\/02\/Fond-Typeform.jpg&#8220; bottom_divider_style=&#8220;arrow2&#8243; bottom_divider_color=&#8220;#FFFFFF&#8220; bottom_divider_flip=&#8220;vertical&#8220; global_colors_info=&#8220;{}&#8220;][et_pb_row make_equal=&#8220;on&#8220; module_class=&#8220;LargeurBox&#8220; _builder_version=&#8220;4.19.5&#8243; _module_preset=&#8220;default&#8220; global_colors_info=&#8220;{}&#8220;][et_pb_column type=&#8220;4_4&#8243; _builder_version=&#8220;4.19.5&#8243; _module_preset=&#8220;default&#8220; global_colors_info=&#8220;{}&#8220;][et_pb_text admin_label=&#8220;Titre &#8211; H1&#8243; module_class=&#8220;Titre Milieu&#8220; _builder_version=&#8220;4.21.0&#8243; _module_preset=&#8220;default&#8220; global_colors_info=&#8220;{}&#8220;]<\/p>\n<h1><strong>Datenschutzrichtlinie<\/strong><\/h1>\n<p>[\/et_pb_text][et_pb_text module_class=&#8220;Texte Milieu&#8220; _builder_version=&#8220;4.22.2&#8243; _module_preset=&#8220;default&#8220; global_colors_info=&#8220;{}&#8220;]<\/p>\n<h2><i style=\"font-size: 16px;\">Diese Datenschutzerkl\u00e4rung wurde am 12. Februar 2021 aktualisiert und gilt f\u00fcr B\u00fcrger des Europ\u00e4ischen Wirtschaftsraums.<\/i><\/h2>\n<p>[\/et_pb_text][\/et_pb_column][\/et_pb_row][\/et_pb_section][et_pb_section fb_built=&#8220;1&#8243; _builder_version=&#8220;4.22.2&#8243; _module_preset=&#8220;default&#8220; custom_padding=&#8220;0px|||||&#8220; global_colors_info=&#8220;{}&#8220;][et_pb_row _builder_version=&#8220;4.22.2&#8243; _module_preset=&#8220;default&#8220; global_colors_info=&#8220;{}&#8220;][et_pb_column type=&#8220;4_4&#8243; _builder_version=&#8220;4.22.2&#8243; _module_preset=&#8220;default&#8220; global_colors_info=&#8220;{}&#8220;][et_pb_text _builder_version=&#8220;4.23.1&#8243; _module_preset=&#8220;default&#8220; hover_enabled=&#8220;0&#8243; global_colors_info=&#8220;{}&#8220; module_class=&#8220;Texte Titre MentionsLegales&#8220; sticky_enabled=&#8220;0&#8243;]<\/p>\n<p>In dieser Datenschutzerkl\u00e4rung erl\u00e4utern wir, was wir mit den Daten tun, die wir \u00fcber https:\/\/pyres.com \u00fcber Sie erhalten. Wir empfehlen Ihnen, diese Erkl\u00e4rung sorgf\u00e4ltig zu lesen. Bei unserer Verarbeitung halten wir uns an die Anforderungen der Datenschutzgesetze. Dies bedeutet unter anderem, dass :<\/p>\n<ul>\n<li>geben wir deutlich an, zu welchen Zwecken wir personenbezogene Daten verarbeiten. Wir tun dies mithilfe dieser Datenschutzerkl\u00e4rung;<\/li>\n<li>wir streben an, unsere Sammlung personenbezogener Daten nur auf solche personenbezogenen Daten zu beschr\u00e4nken, die f\u00fcr legitime Zwecke erforderlich sind;<\/li>\n<li>holen wir zun\u00e4chst Ihre ausdr\u00fcckliche Zustimmung ein, um Ihre personenbezogenen Daten in F\u00e4llen, die Ihre Zustimmung erfordern, zu verarbeiten;<\/li>\n<li>wir angemessene Sicherheitsma\u00dfnahmen ergreifen, um Ihre personenbezogenen Daten zu sch\u00fctzen, und wir verlangen dasselbe von den Parteien, die personenbezogene Daten f\u00fcr uns verarbeiten;<\/li>\n<li>Wir respektieren Ihr Recht, Ihre personenbezogenen Daten einzusehen, zu korrigieren oder zu l\u00f6schen, wenn Sie dies beantragen.<\/li>\n<\/ul>\n<p>Wenn Sie Fragen haben oder genau wissen m\u00f6chten, welche Daten wir speichern, setzen Sie sich bitte mit uns in Verbindung.<\/p>\n<p>&nbsp;<\/p>\n<h2><span style=\"text-decoration: underline;\"><strong>1. Zweck, Daten und Aufbewahrungsdauer<\/strong><\/span><\/h2>\n<h3><strong>1.1 Wir verwenden Ihre Daten zu folgenden Zwecken:<\/strong><\/h3>\n<p>Kontakt &#8211; Per Telefon, Post, E-Mail und\/oder Webformulare<\/p>\n<p>Zu diesem Zweck verwenden wir die folgenden Daten:<\/p>\n<ul>\n<li>Name, Adresse und Stadt<\/li>\n<li>E-Mail-Adresse<\/li>\n<li>Telefonnummer<\/li>\n<\/ul>\n<p>Die Grundlage, auf der wir diese Daten verarbeiten k\u00f6nnen, ist :<\/p>\n<p>Eingeholte Zustimmung<\/p>\n<p>Dauer der Aufbewahrung<\/p>\n<p>Wir speichern diese Daten bis zum Ende des Dienstes.<\/p>\n<p>&nbsp;<\/p>\n<h3><strong>1.2 Wir verwenden Ihre Daten zu folgenden Zwecken:<\/strong><\/h3>\n<p>Newsletter<\/p>\n<p>Zu diesem Zweck verwenden wir die folgenden Daten:<\/p>\n<ul>\n<li>Name, Adresse und Stadt<\/li>\n<li>E-Mail-Adresse<\/li>\n<\/ul>\n<p>Die Grundlage, auf der wir diese Daten verarbeiten k\u00f6nnen, ist: Eingeholte Zustimmung<\/p>\n<p>Dauer der Aufbewahrung<\/p>\n<p>Wir bewahren diese Daten nach Beendigung des Dienstes f\u00fcr die folgende Anzahl von Monaten auf: 1 Jahr<\/p>\n<p>&nbsp;<\/p>\n<h3><strong>1.3 Wir verwenden Ihre Daten zu folgenden Zwecken:<\/strong><\/h3>\n<p>Zusammenstellung und Analyse von Statistiken zur Verbesserung der Website.<\/p>\n<p>Zu diesem Zweck verwenden wir die folgenden Daten:<\/p>\n<ul>\n<li>Name, Adresse und Stadt<\/li>\n<\/ul>\n<p>Die Grundlage, auf der wir diese Daten verarbeiten k\u00f6nnen, ist :<\/p>\n<p>Eingeholte Zustimmung<\/p>\n<p>Dauer der Aufbewahrung<\/p>\n<p>Wir speichern diese Daten bis zum Ende des Dienstes.<\/p>\n<p>&nbsp;<\/p>\n<h2><span style=\"text-decoration: underline;\"><strong>2. Cookies<\/strong><\/span><\/h2>\n<p>Unsere Website verwendet Cookies. Weitere Informationen zu Cookies finden Sie in unserer Cookie-Richtlinie.<\/p>\n<p>Wir haben eine Vereinbarung zur Datenverarbeitung mit Google geschlossen.<\/p>\n<p>Google kann die Daten f\u00fcr keinen anderen Google-Dienst verwenden.<\/p>\n<p>Die Aufnahme von vollst\u00e4ndigen IP-Adressen wird von uns blockiert.<\/p>\n<p>&nbsp;<\/p>\n<h2><span style=\"text-decoration: underline;\"><strong>3. Sicherheit<\/strong><\/span><\/h2>\n<p>Wir verpflichten uns zur Sicherheit der pers\u00f6nlichen Daten. Wir ergreifen geeignete Sicherheitsma\u00dfnahmen, um den Missbrauch und den unbefugten Zugriff auf personenbezogene Daten zu begrenzen. Dadurch wird sichergestellt, dass nur die notwendigen Personen Zugang zu Ihren Daten haben, dass der Zugang zu den Daten gesch\u00fctzt ist und dass unsere Sicherheitsma\u00dfnahmen regelm\u00e4\u00dfig \u00fcberpr\u00fcft werden.<\/p>\n<p>&nbsp;<\/p>\n<h2><span style=\"text-decoration: underline;\"><strong>4. Webseiten von Drittanbietern<\/strong><\/span><\/h2>\n<p>Diese Datenschutzerkl\u00e4rung gilt nicht f\u00fcr Webseiten Dritter, die \u00fcber Links mit unserer Webseite verbunden sind. Wir k\u00f6nnen nicht garantieren, dass diese Drittparteien Ihre personenbezogenen Daten zuverl\u00e4ssig oder sicher verwalten. Wir empfehlen Ihnen, die Datenschutzerkl\u00e4rungen dieser Webseiten zu lesen, bevor Sie sie nutzen.<\/p>\n<p>&nbsp;<\/p>\n<h2><span style=\"text-decoration: underline;\"><strong>5. \u00c4nderungen an dieser Datenschutzerkl\u00e4rung<\/strong><\/span><\/h2>\n<p>Wir behalten uns das Recht vor, diese Datenschutzerkl\u00e4rung zu \u00e4ndern. Es wird empfohlen, diese Datenschutzerkl\u00e4rung regelm\u00e4\u00dfig zu \u00fcberpr\u00fcfen, um sich \u00fcber eventuelle \u00c4nderungen zu informieren. Dar\u00fcber hinaus werden wir Sie nach M\u00f6glichkeit aktiv informieren.<\/p>\n<p>&nbsp;<\/p>\n<h2><span style=\"text-decoration: underline;\"><strong>6. Auf Ihre Daten zugreifen und sie \u00e4ndern<\/strong><\/span><\/h2>\n<p>Wenn Sie Fragen haben oder wissen m\u00f6chten, welche pers\u00f6nlichen Daten wir \u00fcber Sie haben, wenden Sie sich bitte an uns. Sie k\u00f6nnen uns mithilfe der unten stehenden Informationen kontaktieren. Sie haben die folgenden Rechte:<\/p>\n<ul>\n<li>Sie haben das Recht zu erfahren, warum Ihre pers\u00f6nlichen Daten ben\u00f6tigt werden, was mit ihnen geschieht und wie lange sie aufbewahrt werden.<\/li>\n<li>Auskunftsrecht: Sie haben das Recht, auf Ihre uns bekannten personenbezogenen Daten zuzugreifen.<\/li>\n<li>Recht auf Berichtigung: Sie haben jederzeit das Recht, Ihre personenbezogenen Daten zu erg\u00e4nzen, zu berichtigen, l\u00f6schen zu lassen oder zu sperren.<\/li>\n<li>Wenn Sie uns Ihre Einwilligung zur Verarbeitung Ihrer Daten gegeben haben, haben Sie das Recht, diese Einwilligung zu widerrufen und Ihre personenbezogenen Daten l\u00f6schen zu lassen.<\/li>\n<li>Recht auf \u00dcbertragung Ihrer Daten: Sie haben das Recht, alle Ihre personenbezogenen Daten von dem f\u00fcr die Verarbeitung Verantwortlichen anzufordern und sie als Ganzes an einen anderen f\u00fcr die Verarbeitung Verantwortlichen zu \u00fcbertragen.<\/li>\n<li>Widerspruchsrecht: Sie k\u00f6nnen gegen die Verarbeitung Ihrer Daten Widerspruch einlegen. Wir werden uns f\u00fcgen, es sei denn, es gibt bestimmte Gr\u00fcnde, die diese Behandlung rechtfertigen.<\/li>\n<\/ul>\n<p>Achten Sie darauf, dass Sie immer klar angeben, wer Sie sind, damit wir sicher sein k\u00f6nnen, dass wir nicht die Daten der falschen Person \u00e4ndern oder l\u00f6schen.<\/p>\n<p>&nbsp;<\/p>\n<h2><span style=\"text-decoration: underline;\"><strong>7. Eine Beschwerde einreichen<\/strong><\/span><\/h2>\n<p>Wenn Sie mit der Art und Weise, wie wir (eine Beschwerde \u00fcber) die Verarbeitung Ihrer personenbezogenen Daten behandeln, nicht zufrieden sind, haben Sie das Recht, bei der Datenschutzbeh\u00f6rde eine Beschwerde einzureichen.<\/p>\n<p>&nbsp;<\/p>\n<h2><span style=\"text-decoration: underline;\"><strong>8. Datenschutzbeauftragter<\/strong><\/span><\/h2>\n<p>Unser Datenschutzbeauftragter wurde bei den Datenschutzbeh\u00f6rden in einem EU-Mitgliedstaat registriert. Wenn Sie Fragen oder Antr\u00e4ge zu dieser Datenschutzerkl\u00e4rung oder f\u00fcr den Datenschutzbeauftragten haben, k\u00f6nnen Sie Elisa Bernabeu kontaktieren, \u00fcber dpo@pyres.com oder telefonisch unter +33468683968.<\/p>\n<p>&nbsp;<\/p>\n<h2><span style=\"text-decoration: underline;\"><strong>9. Kontaktdaten<\/strong><\/span><\/h2>\n<p>Pyrescom SAS<br \/>1 route de Toulouges mas des tilleuls 66680 Canoh\u00e8s<br \/>Frankreich<br \/>Website: https: <a href=\"https:\/\/pyres.com\">\/\/pyres.com<\/a><br \/>E-Mail: <a href=\"mailto:direct@pyres.com\">direct@pyres.com<\/a><br \/>Telefonnummer: 0468683968<\/p>\n<p>[\/et_pb_text][\/et_pb_column][\/et_pb_row][\/et_pb_section]<\/p>\n","protected":false},"excerpt":{"rendered":"<p>DatenschutzrichtlinieDiese Datenschutzerkl\u00e4rung wurde am 12. Februar 2021 aktualisiert und gilt f\u00fcr B\u00fcrger des Europ\u00e4ischen Wirtschaftsraums.In dieser Datenschutzerkl\u00e4rung erl\u00e4utern wir, was wir mit den Daten tun, die wir \u00fcber https:\/\/pyres.com \u00fcber Sie erhalten. Wir empfehlen Ihnen, diese Erkl\u00e4rung sorgf\u00e4ltig zu lesen. Bei unserer Verarbeitung halten wir uns an die Anforderungen der Datenschutzgesetze. Dies bedeutet unter anderem, [&hellip;]<\/p>\n","protected":false},"author":1,"featured_media":0,"parent":0,"menu_order":99,"comment_status":"closed","ping_status":"closed","template":"","meta":{"_acf_changed":false,"_et_pb_use_builder":"on","_et_pb_old_content":"","_et_gb_content_width":"","content-type":"","footnotes":""},"class_list":["post-11995","page","type-page","status-publish","hentry"],"acf":[],"_links":{"self":[{"href":"https:\/\/pyres.com\/de\/wp-json\/wp\/v2\/pages\/11995","targetHints":{"allow":["GET"]}}],"collection":[{"href":"https:\/\/pyres.com\/de\/wp-json\/wp\/v2\/pages"}],"about":[{"href":"https:\/\/pyres.com\/de\/wp-json\/wp\/v2\/types\/page"}],"author":[{"embeddable":true,"href":"https:\/\/pyres.com\/de\/wp-json\/wp\/v2\/users\/1"}],"replies":[{"embeddable":true,"href":"https:\/\/pyres.com\/de\/wp-json\/wp\/v2\/comments?post=11995"}],"version-history":[{"count":0,"href":"https:\/\/pyres.com\/de\/wp-json\/wp\/v2\/pages\/11995\/revisions"}],"wp:attachment":[{"href":"https:\/\/pyres.com\/de\/wp-json\/wp\/v2\/media?parent=11995"}],"curies":[{"name":"wp","href":"https:\/\/api.w.org\/{rel}","templated":true}]}}