{"id":11748,"date":"2023-04-20T18:15:48","date_gmt":"2023-04-20T16:15:48","guid":{"rendered":"https:\/\/2024.pyres.com\/pyres-unternehmen\/"},"modified":"2024-01-22T09:50:12","modified_gmt":"2024-01-22T08:50:12","slug":"pyres-unternehmen","status":"publish","type":"page","link":"https:\/\/pyres.com\/de\/unsere-branchen\/pyres-unternehmen\/","title":{"rendered":"Pyres Unternehmen"},"content":{"rendered":"<p>[et_pb_section fb_built=&#8220;1&#8243; admin_label=&#8220;Header FullPage Gauche VersionClair&#8220; module_class=&#8220;Header FullPage VersionSombre Simple&#8220; _builder_version=&#8220;4.21.0&#8243; _module_preset=&#8220;default&#8220; use_background_color_gradient=&#8220;on&#8220; background_color_gradient_direction=&#8220;135deg&#8220; background_color_gradient_stops=&#8220;rgba(16,165,247,0.9) 0%|rgba(1,21,69,0.9) 100%&#8220; background_color_gradient_overlays_image=&#8220;on&#8220; background_image=&#8220;https:\/\/2024.pyres.com\/wp-content\/uploads\/2023\/07\/18.jpg&#8220; bottom_divider_style=&#8220;arrow2&#8243; bottom_divider_color=&#8220;#FFFFFF&#8220; bottom_divider_flip=&#8220;vertical&#8220; global_colors_info=&#8220;{}&#8220;][et_pb_row make_equal=&#8220;on&#8220; module_class=&#8220;LargeurBox&#8220; _builder_version=&#8220;4.21.0&#8243; _module_preset=&#8220;default&#8220; global_colors_info=&#8220;{}&#8220;][et_pb_column type=&#8220;4_4&#8243; _builder_version=&#8220;4.19.5&#8243; _module_preset=&#8220;default&#8220; global_colors_info=&#8220;{}&#8220;][et_pb_text admin_label=&#8220;Titre &#8211; H1&#8243; module_class=&#8220;Titre Milieu&#8220; _builder_version=&#8220;4.21.0&#8243; _module_preset=&#8220;default&#8220; global_colors_info=&#8220;{}&#8220;]<\/p>\n<h1><strong>PYRES Unternehmen<\/strong><\/h1>\n<p>[\/et_pb_text][et_pb_text module_class=&#8220;Texte Milieu&#8220; _builder_version=&#8220;4.23.4&#8243; _module_preset=&#8220;default&#8220; hover_enabled=&#8220;0&#8243; global_colors_info=&#8220;{}&#8220; text_orientation=&#8220;center&#8220; sticky_enabled=&#8220;0&#8243;]<\/p>\n<p style=\"text-align: center;\">Sie m\u00f6chten Ihr Management an die Entwicklungen der Arbeitswelt anpassen?<br \/>Die L\u00f6sungen von PYRESCOM erleichtern das Zeitmanagement und stellen das Wohlbefinden am Arbeitsplatz in den Vordergrund.<\/p>\n<p>[\/et_pb_text][\/et_pb_column][\/et_pb_row][\/et_pb_section][et_pb_section fb_built=&#8220;1&#8243; module_class=&#8220;Services VersionClair TexteIcone&#8220; _builder_version=&#8220;4.19.5&#8243; _module_preset=&#8220;default&#8220; background_enable_image=&#8220;off&#8220; collapsed=&#8220;on&#8220; global_colors_info=&#8220;{}&#8220;][et_pb_row column_structure=&#8220;1_2,1_2&#8243; make_equal=&#8220;on&#8220; module_class=&#8220;LargeurBox Inverser&#8220; _builder_version=&#8220;4.21.0&#8243; _module_preset=&#8220;default&#8220; global_colors_info=&#8220;{}&#8220;][et_pb_column type=&#8220;1_2&#8243; _builder_version=&#8220;4.21.0&#8243; _module_preset=&#8220;default&#8220; animation_style=&#8220;slide&#8220; animation_direction=&#8220;left&#8220; global_colors_info=&#8220;{}&#8220;][dsm_floating_multi_images module_class=&#8220;Image Mouvante&#8220; _builder_version=&#8220;4.21.0&#8243; _module_preset=&#8220;default&#8220; global_colors_info=&#8220;{}&#8220;][dsm_floating_multi_images_child src=&#8220;https:\/\/2024.pyres.com\/wp-content\/uploads\/2023\/08\/2-1-scaled.jpg&#8220; title_text=&#8220;2&#8243; horizontal_align=&#8220;36%&#8220; vertical_align=&#8220;-27%&#8220; _builder_version=&#8220;4.23.2&#8243; _module_preset=&#8220;default&#8220; global_colors_info=&#8220;{}&#8220;][\/dsm_floating_multi_images_child][dsm_floating_multi_images_child src=&#8220;https:\/\/2024.pyres.com\/wp-content\/uploads\/2023\/05\/Smart-Entreprise-Challenge-03.jpg&#8220; title_text=&#8220;Smart Entreprise &#8211; Challenge &#8211; 03&#8243; horizontal_align=&#8220;10%&#8220; vertical_align=&#8220;10%&#8220; _builder_version=&#8220;4.23.2&#8243; _module_preset=&#8220;default&#8220; global_colors_info=&#8220;{}&#8220;][\/dsm_floating_multi_images_child][dsm_floating_multi_images_child src=&#8220;https:\/\/2024.pyres.com\/wp-content\/uploads\/2023\/12\/57-scaled.jpg&#8220; alt=&#8220;Bild&#8220; title_text=&#8220;57&#8243; vertical_align=&#8220;-6%&#8220; _builder_version=&#8220;4.23.2&#8243; _module_preset=&#8220;default&#8220; global_colors_info=&#8220;{}&#8220;][\/dsm_floating_multi_images_child][dsm_floating_multi_images_child horizontal_align=&#8220;15%&#8220; vertical_align=&#8220;40%&#8220; _builder_version=&#8220;4.23.2&#8243; _module_preset=&#8220;default&#8220; max_width=&#8220;55%&#8220; global_colors_info=&#8220;{}&#8220;][\/dsm_floating_multi_images_child][\/dsm_floating_multi_images][\/et_pb_column][et_pb_column type=&#8220;1_2&#8243; _builder_version=&#8220;4.21.0&#8243; _module_preset=&#8220;default&#8220; animation_style=&#8220;slide&#8220; animation_direction=&#8220;right&#8220; global_colors_info=&#8220;{}&#8220;][et_pb_text admin_label=&#8220;Titre &#8211; H1&#8243; module_id=&#8220;Enjeux&#8220; module_class=&#8220;Titre Gauche&#8220; _builder_version=&#8220;4.21.0&#8243; _module_preset=&#8220;default&#8220; global_colors_info=&#8220;{}&#8220;]<\/p>\n<h2>Die neuen <strong>Herausforderungen f\u00fcr Unternehmen<\/strong>.<\/h2>\n<p>[\/et_pb_text][et_pb_text module_class=&#8220;Texte Gauche&#8220; _builder_version=&#8220;4.21.0&#8243; _module_preset=&#8220;default&#8220; global_colors_info=&#8220;{}&#8220;]<\/p>\n<p><span><\/span><\/p>\n<p>Die Unternehmen stellen das Wohlbefinden der Mitarbeiter in den Mittelpunkt ihrer Bem\u00fchungen. 40 % der jungen Menschen betrachten laut BVA Opinion das Wohlbefinden am Arbeitsplatz als wesentliches Auswahlkriterium, noch vor der Freizeit oder der Bezahlung. Ruher\u00e4ume, Anpassung der Arbeitszeiten und Gestaltung des Arbeitsplatzes, Home Office&#8230; die Initiativen sind zahlreich.<\/p>\n<p>Mit der Entwicklung der Arbeitsweisen (Open Space, Telearbeit, Flex Office &#8230;) stehen die Manager vor neuen Herausforderungen:<\/p>\n<p>[\/et_pb_text][dsm_icon_list module_class=&#8220;Icone&#8220; _builder_version=&#8220;4.23.4&#8243; _module_preset=&#8220;default&#8220; hover_enabled=&#8220;0&#8243; global_colors_info=&#8220;{}&#8220; sticky_enabled=&#8220;0&#8243;][dsm_icon_list_child text=&#8220;Wie kann man das Wohlbefinden der Mitarbeiter priorisieren?&#8220; font_icon=&#8220;&#x4e;||divi||400&#8243; _builder_version=&#8220;4.21.0&#8243; _module_preset=&#8220;default&#8220; global_colors_info=&#8220;{}&#8220;][\/dsm_icon_list_child][dsm_icon_list_child text=&#8220;Wie kann man ein gutes Arbeitsumfeld f\u00fcr alle gew\u00e4hrleisten?&#8220; font_icon=&#8220;&#x4e;||divi||400&#8243; _builder_version=&#8220;4.23.4&#8243; _module_preset=&#8220;default&#8220; hover_enabled=&#8220;0&#8243; global_colors_info=&#8220;{}&#8220; sticky_enabled=&#8220;0&#8243;][\/dsm_icon_list_child][dsm_icon_list_child text=&#8220;Wie kann man sein Management an neue Arbeitsweisen anpassen?&#8220; font_icon=&#8220;&#x4e;||divi||400&#8243; _builder_version=&#8220;4.21.0&#8243; _module_preset=&#8220;default&#8220; global_colors_info=&#8220;{}&#8220;][\/dsm_icon_list_child][\/dsm_icon_list][\/et_pb_column][\/et_pb_row][\/et_pb_section][et_pb_section fb_built=&#8220;1&#8243; module_class=&#8220;Services VersionClair TexteIcone&#8220; _builder_version=&#8220;4.19.5&#8243; _module_preset=&#8220;default&#8220; background_enable_image=&#8220;off&#8220; custom_padding=&#8220;||133px|||&#8220; collapsed=&#8220;on&#8220; global_colors_info=&#8220;{}&#8220;][et_pb_row column_structure=&#8220;1_2,1_2&#8243; make_equal=&#8220;on&#8220; module_class=&#8220;LargeurBox&#8220; _builder_version=&#8220;4.21.0&#8243; _module_preset=&#8220;default&#8220; global_colors_info=&#8220;{}&#8220;][et_pb_column type=&#8220;1_2&#8243; _builder_version=&#8220;4.21.0&#8243; _module_preset=&#8220;default&#8220; animation_style=&#8220;slide&#8220; animation_direction=&#8220;left&#8220; global_colors_info=&#8220;{}&#8220;][et_pb_text admin_label=&#8220;Titre &#8211; H1&#8243; module_class=&#8220;Titre Gauche&#8220; _builder_version=&#8220;4.21.0&#8243; _module_preset=&#8220;default&#8220; global_colors_info=&#8220;{}&#8220;]<\/p>\n<h2><b>Wohlbefinden und Arbeit<\/b><\/h2>\n<p>[\/et_pb_text][et_pb_text module_class=&#8220;Texte Gauche&#8220; _builder_version=&#8220;4.21.0&#8243; _module_preset=&#8220;default&#8220; global_colors_info=&#8220;{}&#8220;]<\/p>\n<p>&nbsp;<\/p>\n<p>Open Space, Home Office, Flex Office &#8211; die neuen Technologien strukturieren unsere Arbeitsweise neu. Jedes Unternehmen hat seine eigenen Herausforderungen, aber einige Problematiken betreffen alle.<\/p>\n<p>Um diese zu beantworten, entwickeln unsere Teams L\u00f6sungen, die diese Ver\u00e4nderungen begleiten.\u00a0 \u00a0\u00a0<\/p>\n<p>[\/et_pb_text][dsm_icon_list module_class=&#8220;Icone&#8220; _builder_version=&#8220;4.21.0&#8243; _module_preset=&#8220;default&#8220; global_colors_info=&#8220;{}&#8220;][dsm_icon_list_child text=&#8220;Messen Sie die Qualit\u00e4t der Arbeitsumgebung&#8220; font_icon=&#8220;&#x4e;||divi||400&#8243; _builder_version=&#8220;4.21.0&#8243; _module_preset=&#8220;default&#8220; global_colors_info=&#8220;{}&#8220;][\/dsm_icon_list_child][dsm_icon_list_child text=&#8220;Passen Sie Ihre Managementpraktiken an neue Arbeitsweisen an&#8220; font_icon=&#8220;&#x4e;||divi||400&#8243; _builder_version=&#8220;4.21.0&#8243; _module_preset=&#8220;default&#8220; global_colors_info=&#8220;{}&#8220;][\/dsm_icon_list_child][dsm_icon_list_child text=&#8220;Optimieren Sie das Zeitmanagement&#8220; font_icon=&#8220;&#x4e;||divi||400&#8243; _builder_version=&#8220;4.21.0&#8243; _module_preset=&#8220;default&#8220; global_colors_info=&#8220;{}&#8220;][\/dsm_icon_list_child][\/dsm_icon_list][\/et_pb_column][et_pb_column type=&#8220;1_2&#8243; _builder_version=&#8220;4.21.0&#8243; _module_preset=&#8220;default&#8220; animation_style=&#8220;slide&#8220; animation_direction=&#8220;right&#8220; global_colors_info=&#8220;{}&#8220;][dsm_floating_multi_images module_class=&#8220;Image Mouvante&#8220; _builder_version=&#8220;4.21.0&#8243; _module_preset=&#8220;default&#8220; global_colors_info=&#8220;{}&#8220;][dsm_floating_multi_images_child src=&#8220;https:\/\/2024.pyres.com\/wp-content\/uploads\/2023\/05\/Smart-Entreprise-Challenge-01.jpg&#8220; vertical_align=&#8220;-6%&#8220; _builder_version=&#8220;4.23.2&#8243; _module_preset=&#8220;default&#8220; global_colors_info=&#8220;{}&#8220;][\/dsm_floating_multi_images_child][dsm_floating_multi_images_child src=&#8220;https:\/\/2024.pyres.com\/wp-content\/uploads\/2023\/08\/adults-analysis-brainstorming.jpg&#8220; title_text=&#8220;adults-analysis-brainstorming&#8220; horizontal_align=&#8220;22%&#8220; vertical_align=&#8220;20%&#8220; _builder_version=&#8220;4.21.0&#8243; _module_preset=&#8220;default&#8220; max_width=&#8220;57%&#8220; global_colors_info=&#8220;{}&#8220;][\/dsm_floating_multi_images_child][dsm_floating_multi_images_child src=&#8220;https:\/\/2024.pyres.com\/wp-content\/uploads\/2023\/07\/2.png&#8220; title_text=&#8220;2&#8243; horizontal_align=&#8220;36%&#8220; vertical_align=&#8220;-27%&#8220; _builder_version=&#8220;4.21.0&#8243; _module_preset=&#8220;default&#8220; global_colors_info=&#8220;{}&#8220;][\/dsm_floating_multi_images_child][\/dsm_floating_multi_images][\/et_pb_column][\/et_pb_row][\/et_pb_section][et_pb_section fb_built=&#8220;1&#8243; prev_background_color=&#8220;#ffffff&#8220; next_background_color=&#8220;#ffffff&#8220; module_class=&#8220;Services VersionSombre Caroussel&#8220; _builder_version=&#8220;4.21.0&#8243; _module_preset=&#8220;default&#8220; use_background_color_gradient=&#8220;on&#8220; background_color_gradient_direction=&#8220;135deg&#8220; background_color_gradient_stops=&#8220;rgba(16,165,247,0.9) 0%|rgba(1,21,69,0.9) 100%&#8220; background_color_gradient_overlays_image=&#8220;on&#8220; background_image=&#8220;https:\/\/2024.pyres.com\/wp-content\/uploads\/2023\/08\/9-scaled.jpg&#8220; top_divider_style=&#8220;arrow2&#8243; bottom_divider_style=&#8220;arrow2&#8243; bottom_divider_flip=&#8220;vertical&#8220; global_colors_info=&#8220;{}&#8220;][et_pb_row make_equal=&#8220;on&#8220; module_class=&#8220;LargeurBox EnTete&#8220; _builder_version=&#8220;4.19.5&#8243; _module_preset=&#8220;default&#8220; global_colors_info=&#8220;{}&#8220;][et_pb_column type=&#8220;4_4&#8243; _builder_version=&#8220;4.19.5&#8243; _module_preset=&#8220;default&#8220; global_colors_info=&#8220;{}&#8220;][et_pb_text admin_label=&#8220;Titre &#8211; H1&#8243; module_id=&#8220;NosSolutions&#8220; module_class=&#8220;Titre Milieu&#8220; _builder_version=&#8220;4.21.0&#8243; _module_preset=&#8220;default&#8220; global_colors_info=&#8220;{}&#8220;]<\/p>\n<h2>  Unsere <strong>L\u00f6sungen <\/strong>PYRES Unternehmen<\/h2>\n<p>[\/et_pb_text][\/et_pb_column][\/et_pb_row][et_pb_row module_class=&#8220;LargeurBox&#8220; _builder_version=&#8220;4.21.0&#8243; _module_preset=&#8220;default&#8220; custom_margin=&#8220;||2%||false|false&#8220; saved_tabs=&#8220;all&#8220; global_colors_info=&#8220;{}&#8220;][et_pb_column type=&#8220;4_4&#8243; module_class=&#8220;Colonne&#8220; _builder_version=&#8220;4.19.5&#8243; _module_preset=&#8220;default&#8220; global_colors_info=&#8220;{}&#8220;][dsm_card_carousel slide_to_show=&#8220;2&#8243; speed=&#8220;100&#8243; autoplay=&#8220;off&#8220; space_between=&#8220;40&#8243; equal_height=&#8220;on&#8220; arrows=&#8220;off&#8220; module_class=&#8220;Caroussel Milieu&#8220; _builder_version=&#8220;4.23.1&#8243; _module_preset=&#8220;default&#8220; header_level=&#8220;h3&#8243; button_alignment=&#8220;center&#8220; custom_margin=&#8220;||0px||false|false&#8220; custom_padding=&#8220;30px||0px||false|false&#8220; global_colors_info=&#8220;{}&#8220;][dsm_card_carousel_child title=&#8220;\u00dcberwachung der Qualit\u00e4t der Innenraumluft&#8220; image=&#8220;https:\/\/2024.pyres.com\/wp-content\/uploads\/2023\/05\/Qualite-de-lair-interieur-2.jpeg&#8220; button_text=&#8220;Mehr erfahren&#8220; button_url=&#8220;@ET-DC@eyJkeW5hbWljIjp0cnVlLCJjb250ZW50IjoicG9zdF9saW5rX3VybF9wYWdlIiwic2V0dGluZ3MiOnsicG9zdF9pZCI6IjgwIn19@&#8220; button_url_new_window=&#8220;1&#8243; _builder_version=&#8220;4.21.0&#8243; _dynamic_attributes=&#8220;button_url,link_option_url&#8220; _module_preset=&#8220;default&#8220; header_font=&#8220;|700|||||||&#8220; header_text_color=&#8220;#000000&#8243; header_line_height=&#8220;2em&#8220; link_option_url=&#8220;@ET-DC@eyJkeW5hbWljIjp0cnVlLCJjb250ZW50IjoicG9zdF9saW5rX3VybF9wYWdlIiwic2V0dGluZ3MiOnsicG9zdF9pZCI6IjgwIn19@&#8220; global_colors_info=&#8220;{}&#8220; parent_button=&#8220;off&#8220; parent_header_level=&#8220;h3&#8243;]<\/p>\n<p>Seit mehr als 10 Jahren erm\u00f6glichen die PYRESCOM-Teams ERPs, die Qualit\u00e4t der Innenraumluft mit ihren Class&#8217;Air CO2-Sensoren zu \u00fcberwachen. LEDs warnen vor einer hohen CO2-Konzentration und sensibilisieren so f\u00fcr das L\u00fcften.<\/p>\n<p>[\/dsm_card_carousel_child][dsm_card_carousel_child title=&#8220;Zeitkontrolle und -management&#8220; image=&#8220;https:\/\/2024.pyres.com\/wp-content\/uploads\/2023\/05\/Termod-Controle-et-gestion-des-temps.jpg&#8220; button_text=&#8220;Mehr erfahren&#8220; button_url=&#8220;@ET-DC@eyJkeW5hbWljIjp0cnVlLCJjb250ZW50IjoicG9zdF9saW5rX3VybF9wYWdlIiwic2V0dGluZ3MiOnsicG9zdF9pZCI6IjgxIn19@&#8220; button_url_new_window=&#8220;1&#8243; _builder_version=&#8220;4.23.2&#8243; _dynamic_attributes=&#8220;button_url,link_option_url&#8220; _module_preset=&#8220;default&#8220; header_font=&#8220;|700|||||||&#8220; header_text_color=&#8220;#000000&#8243; header_line_height=&#8220;2em&#8220; link_option_url=&#8220;@ET-DC@eyJkeW5hbWljIjp0cnVlLCJjb250ZW50IjoicG9zdF9saW5rX3VybF9wYWdlIiwic2V0dGluZ3MiOnsicG9zdF9pZCI6IjgxIn19@&#8220; global_colors_info=&#8220;{}&#8220; parent_button=&#8220;off&#8220; parent_header_level=&#8220;h3&#8243;]<\/p>\n<p>Termod Stempeluhren werden von den meisten Anbietern von Lohn- und Gehaltsabrechnungs- und ATM-Software auf dem Markt angeboten.<\/p>\n<p>&nbsp;<\/p>\n<p>[\/dsm_card_carousel_child][\/dsm_card_carousel][\/et_pb_column][\/et_pb_row][\/et_pb_section][et_pb_section fb_built=&#8220;1&#8243; module_class=&#8220;Services VersionClair TexteSimple&#8220; _builder_version=&#8220;4.19.5&#8243; _module_preset=&#8220;default&#8220; background_enable_color=&#8220;off&#8220; background_enable_image=&#8220;off&#8220; bottom_divider_color=&#8220;#FFFFFF&#8220; bottom_divider_flip=&#8220;vertical&#8220; collapsed=&#8220;on&#8220; global_colors_info=&#8220;{}&#8220;][et_pb_row column_structure=&#8220;1_2,1_2&#8243; make_equal=&#8220;on&#8220; module_class=&#8220;LargeurBox&#8220; _builder_version=&#8220;4.21.0&#8243; _module_preset=&#8220;default&#8220; global_colors_info=&#8220;{}&#8220;][et_pb_column type=&#8220;1_2&#8243; _builder_version=&#8220;4.21.0&#8243; _module_preset=&#8220;default&#8220; animation_style=&#8220;slide&#8220; animation_direction=&#8220;left&#8220; global_colors_info=&#8220;{}&#8220;][et_pb_image src=&#8220;https:\/\/2024.pyres.com\/wp-content\/uploads\/2023\/08\/developer-team-coding-javascript-scaled.jpg&#8220; title_text=&#8220;developer-team-coding-javascript&#8220; module_class=&#8220;Image&#8220; _builder_version=&#8220;4.21.0&#8243; _module_preset=&#8220;default&#8220; global_colors_info=&#8220;{}&#8220;][\/et_pb_image][\/et_pb_column][et_pb_column type=&#8220;1_2&#8243; module_class=&#8220;centrer-verticalement&#8220; _builder_version=&#8220;4.21.0&#8243; _module_preset=&#8220;default&#8220; animation_style=&#8220;slide&#8220; animation_direction=&#8220;right&#8220; global_colors_info=&#8220;{}&#8220;][et_pb_text admin_label=&#8220;Titre &#8211; H1&#8243; module_class=&#8220;Titre Gauche&#8220; _builder_version=&#8220;4.21.0&#8243; _module_preset=&#8220;default&#8220; custom_margin=&#8220;20px||||false|false&#8220; global_colors_info=&#8220;{}&#8220;]<\/p>\n<h2><strong>Warum<\/strong> sollten Sie unsere L\u00f6sungen \u00fcbernehmen?<\/h2>\n<p>[\/et_pb_text][et_pb_text module_class=&#8220;Texte Gauche&#8220; _builder_version=&#8220;4.21.0&#8243; _module_preset=&#8220;default&#8220; global_colors_info=&#8220;{}&#8220;]<\/p>\n<div data-qa=\"slack_kit_scrollbar\" role=\"presentation\" class=\"c-scrollbar__hider\">\n<div role=\"presentation\" class=\"c-scrollbar__child\">\n<div data-qa=\"slack_kit_list\" class=\"c-virtual_list__scroll_container\" role=\"list\" aria-label=\"Pauline (message direct, absent)\" tabindex=\"-1\">\n<div aria-setsize=\"-1\" class=\"c-virtual_list__item c-virtual_list__item--initial-activeitem\" role=\"listitem\" id=\"1688978194.773259\" data-qa=\"virtual-list-item\" data-item-key=\"1688978194.773259\" tabindex=\"0\">\n<div role=\"presentation\" class=\"c-message_kit__background p-message_pane_message__message c-message_kit__message p-message_pane_message__message--last\" data-qa=\"message_container\" data-qa-unprocessed=\"false\" data-qa-placeholder=\"false\">\n<div role=\"document\" aria-roledescription=\"message\" class=\"c-message_kit__hover\" data-qa-hover=\"true\">\n<div class=\"c-message_kit__actions c-message_kit__actions--default\">\n<div class=\"c-message_kit__gutter\">\n<div role=\"presentation\" class=\"c-message_kit__gutter__right\" data-qa=\"message_content\">\n<div class=\"c-message_kit__blocks c-message_kit__blocks--rich_text\">\n<div class=\"c-message__message_blocks c-message__message_blocks--rich_text\" data-qa=\"message-text\">\n<div class=\"p-block_kit_renderer\" data-qa=\"block-kit-renderer\">\n<div class=\"p-block_kit_renderer__block_wrapper p-block_kit_renderer__block_wrapper--first\">\n<div class=\"p-rich_text_block\" dir=\"auto\">\n<div class=\"p-rich_text_section\">Gest\u00e4rkt durch eine<span> <\/span>Mit ihrer <b data-stringify-type=\"bold\">fast 40-j\u00e4hrigen Erfahrung<\/b> entwickeln die Experten von PYRESCOM L\u00f6sungen, die einfach zu implementieren und zu verwenden sind. Wir arbeiten jeden Tag an unseren L\u00f6sungen, um<span> <\/span><b data-stringify-type=\"bold\">alle Ihre Bed\u00fcrfnisse erf\u00fcllen.<\/b><\/div>\n<\/div>\n<\/div>\n<\/div>\n<\/div>\n<\/div>\n<\/div>\n<\/div>\n<\/div>\n<\/div>\n<\/div>\n<\/div>\n<\/div>\n<\/div>\n<\/div>\n<p>[\/et_pb_text][et_pb_button button_url=&#8220;https:\/\/2024.pyres.com\/de\/?page_id=11609&#8243; button_text=&#8220;Entdecken Sie PYRESCOM!&#8220; module_class=&#8220;Bouton SmartEntreprise&#8220; _builder_version=&#8220;4.23.2&#8243; _module_preset=&#8220;default&#8220; global_colors_info=&#8220;{}&#8220;][\/et_pb_button][\/et_pb_column][\/et_pb_row][\/et_pb_section][et_pb_section fb_built=&#8220;1&#8243; module_class=&#8220;Services VersionClair Carte Actualite&#8220; _builder_version=&#8220;4.21.0&#8243; _module_preset=&#8220;default&#8220; background_enable_image=&#8220;off&#8220; bottom_divider_flip=&#8220;vertical&#8220; collapsed=&#8220;on&#8220; global_colors_info=&#8220;{}&#8220;][et_pb_row column_structure=&#8220;3_5,2_5&#8243; module_class=&#8220;LargeurBox&#8220; _builder_version=&#8220;4.21.0&#8243; _module_preset=&#8220;default&#8220; global_colors_info=&#8220;{}&#8220;][et_pb_column type=&#8220;3_5&#8243; _builder_version=&#8220;4.21.0&#8243; _module_preset=&#8220;default&#8220; custom_padding=&#8220;||0px||false|false&#8220; global_colors_info=&#8220;{}&#8220;][et_pb_text admin_label=&#8220;Titre &#8211; H1&#8243; module_class=&#8220;Titre &#8220; _builder_version=&#8220;4.21.0&#8243; _module_preset=&#8220;default&#8220; custom_margin=&#8220;|-131px|0px||false|false&#8220; custom_padding=&#8220;14px||0px||false|false&#8220; global_colors_info=&#8220;{}&#8220;]<\/p>\n<h2>Alle unsere <strong>Nachrichten<\/strong> PYRES Unternehmen<\/h2>\n<p>[\/et_pb_text][\/et_pb_column][et_pb_column type=&#8220;2_5&#8243; _builder_version=&#8220;4.19.5&#8243; _module_preset=&#8220;default&#8220; global_colors_info=&#8220;{}&#8220;][\/et_pb_column][\/et_pb_row][et_pb_row module_class=&#8220;LargeurBox Colonne3&#8243; _builder_version=&#8220;4.21.0&#8243; _module_preset=&#8220;default&#8220; global_colors_info=&#8220;{}&#8220;][et_pb_column type=&#8220;4_4&#8243; _builder_version=&#8220;4.19.5&#8243; _module_preset=&#8220;default&#8220; global_colors_info=&#8220;{}&#8220;][dsm_blog_carousel thumbnail_height=&#8220;200px&#8220; excerpt_length=&#8220;32&#8243; use_date=&#8220;off&#8220; use_author=&#8220;off&#8220; use_readmore=&#8220;on&#8220; readmore_text=&#8220;Mehr erfahren&#8220; module_class=&#8220;Blog Milieu&#8220; _builder_version=&#8220;4.21.0&#8243; _module_preset=&#8220;default&#8220; title_level=&#8220;h3&#8243; global_colors_info=&#8220;{}&#8220;][\/dsm_blog_carousel][\/et_pb_column][\/et_pb_row][\/et_pb_section]<\/p>\n","protected":false},"excerpt":{"rendered":"<p>PYRES UnternehmenSie m\u00f6chten Ihr Management an die Entwicklungen der Arbeitswelt anpassen?Die L\u00f6sungen von PYRESCOM erleichtern das Zeitmanagement und stellen das Wohlbefinden am Arbeitsplatz in den Vordergrund.<div class=\"et_pb_module dsm_floating_multi_images dsm_floating_multi_images_0 Image Mouvante\">\n\t\t\t\t\n\t\t\t\t\n\t\t\t\t\n\t\t\t\t\n\t\t\t\t\n\t\t\t\t\n\t\t\t\t<div class=\"et_pb_module_inner\">\n\t\t\t\t\t<div class=\"dsm_floating_multi_images_container\"><\/div>\n\t\t\t\t<\/div>\n\t\t\t<\/div><div class=\"et_pb_module dsm_floating_multi_images_child dsm_floating_multi_images_child_0\">\n\t\t\t\t\n\t\t\t\t\n\t\t\t\t\n\t\t\t\t\n\t\t\t\t\n\t\t\t\t\n\t\t\t\t<div class=\"et_pb_module_inner\">\n\t\t\t\t\t<img decoding=\"async\" src=\"https:\/\/2024.pyres.com\/wp-content\/uploads\/2023\/08\/2-1-scaled.jpg\" alt=\"\" title=\"2\" id=\"\" class=\"\" \/>\n\t\t\t\t<\/div>\n\t\t\t<\/div><div class=\"et_pb_module dsm_floating_multi_images_child dsm_floating_multi_images_child_1\">\n\t\t\t\t\n\t\t\t\t\n\t\t\t\t\n\t\t\t\t\n\t\t\t\t\n\t\t\t\t\n\t\t\t\t<div class=\"et_pb_module_inner\">\n\t\t\t\t\t<img decoding=\"async\" src=\"https:\/\/2024.pyres.com\/wp-content\/uploads\/2023\/05\/Smart-Entreprise-Challenge-03.jpg\" alt=\"\" title=\"Smart Entreprise - Challenge - 03\" id=\"\" class=\"\" \/>\n\t\t\t\t<\/div>\n\t\t\t<\/div><div class=\"et_pb_module dsm_floating_multi_images_child dsm_floating_multi_images_child_2\">\n\t\t\t\t\n\t\t\t\t\n\t\t\t\t\n\t\t\t\t\n\t\t\t\t\n\t\t\t\t\n\t\t\t\t<div class=\"et_pb_module_inner\">\n\t\t\t\t\t<img decoding=\"async\" src=\"\" alt=\"&#8220;Bild&#8220;\" title=\"&#8220;57&#8243;\" id=\"\" class=\"et_multi_view_hidden_image \" \/>\n\t\t\t\t<\/div>\n\t\t\t<\/div><\/p>\n","protected":false},"author":1,"featured_media":13968,"parent":12478,"menu_order":23,"comment_status":"closed","ping_status":"closed","template":"","meta":{"_acf_changed":false,"_et_pb_use_builder":"on","_et_pb_old_content":"","_et_gb_content_width":"","content-type":"","footnotes":""},"class_list":["post-11748","page","type-page","status-publish","has-post-thumbnail","hentry"],"acf":[],"_links":{"self":[{"href":"https:\/\/pyres.com\/de\/wp-json\/wp\/v2\/pages\/11748","targetHints":{"allow":["GET"]}}],"collection":[{"href":"https:\/\/pyres.com\/de\/wp-json\/wp\/v2\/pages"}],"about":[{"href":"https:\/\/pyres.com\/de\/wp-json\/wp\/v2\/types\/page"}],"author":[{"embeddable":true,"href":"https:\/\/pyres.com\/de\/wp-json\/wp\/v2\/users\/1"}],"replies":[{"embeddable":true,"href":"https:\/\/pyres.com\/de\/wp-json\/wp\/v2\/comments?post=11748"}],"version-history":[{"count":0,"href":"https:\/\/pyres.com\/de\/wp-json\/wp\/v2\/pages\/11748\/revisions"}],"up":[{"embeddable":true,"href":"https:\/\/pyres.com\/de\/wp-json\/wp\/v2\/pages\/12478"}],"wp:featuredmedia":[{"embeddable":true,"href":"https:\/\/pyres.com\/de\/wp-json\/wp\/v2\/media\/13968"}],"wp:attachment":[{"href":"https:\/\/pyres.com\/de\/wp-json\/wp\/v2\/media?parent=11748"}],"curies":[{"name":"wp","href":"https:\/\/api.w.org\/{rel}","templated":true}]}}