{"id":11701,"date":"2021-04-04T12:00:01","date_gmt":"2021-04-04T10:00:01","guid":{"rendered":"https:\/\/2024.pyres.com\/startseite\/"},"modified":"2024-01-22T09:39:47","modified_gmt":"2024-01-22T08:39:47","slug":"startseite","status":"publish","type":"page","link":"https:\/\/pyres.com\/de\/","title":{"rendered":"Startseite"},"content":{"rendered":"<p>[et_pb_section fb_built=&#8220;1&#8243; admin_label=&#8220;Header FullPage Gauche VersionClair&#8220; module_class=&#8220;Header FullPage VersionSombre&#8220; _builder_version=&#8220;4.23.2&#8243; _module_preset=&#8220;default&#8220; use_background_color_gradient=&#8220;on&#8220; background_color_gradient_stops=&#8220;rgba(36,34,119,0.9) 0%|rgba(36,34,119,0.9) 100%&#8220; background_color_gradient_overlays_image=&#8220;on&#8220; background_image=&#8220;https:\/\/2024.pyres.com\/wp-content\/uploads\/2023\/07\/5-1.png&#8220; background_position=&#8220;bottom_center&#8220; bottom_divider_style=&#8220;arrow2&#8243; bottom_divider_color=&#8220;#FFFFFF&#8220; bottom_divider_flip=&#8220;vertical&#8220; bottom_divider_arrangement=&#8220;above_content&#8220; global_colors_info=&#8220;{}&#8220;][et_pb_row module_class=&#8220;LargeurBox&#8220; _builder_version=&#8220;4.21.0&#8243; _module_preset=&#8220;default&#8220; global_colors_info=&#8220;{}&#8220;][et_pb_column type=&#8220;4_4&#8243; _builder_version=&#8220;4.19.5&#8243; _module_preset=&#8220;default&#8220; global_colors_info=&#8220;{}&#8220;][et_pb_text admin_label=&#8220;Titre &#8211; H1&#8243; module_class=&#8220;Titre Milieu&#8220; _builder_version=&#8220;4.21.0&#8243; _module_preset=&#8220;default&#8220; global_colors_info=&#8220;{}&#8220;]<\/p>\n<h1><b>PYRESCOM  <\/b><\/h1>\n<p>[\/et_pb_text][et_pb_text admin_label=&#8220;Titre &#8211; H1&#8243; module_class=&#8220;Titre Milieu&#8220; _builder_version=&#8220;4.23.1&#8243; _module_preset=&#8220;default&#8220; text_font_size=&#8220;100px&#8220; custom_margin=&#8220;-25px|||||&#8220; global_colors_info=&#8220;{}&#8220;]<\/p>\n<h2>Franz\u00f6sischer Hersteller von vernetzten L\u00f6sungen<\/h2>\n<p>[\/et_pb_text][dsm_button button_one_css=&#8220;Bouton Style2&#8243; button_two_css=&#8220;Bouton Style4&#8243; button_one_text=&#8220;Kontaktieren Sie uns&#8220; button_one_url=&#8220;https:\/\/2024.pyres.com\/de\/?page_id=11575&#8243; button_two_text=&#8220;Treten Sie dem Unternehmen bei!&#8220; button_two_url=&#8220;https:\/\/2024.pyres.com\/de\/?page_id=11609&#8243; button_alignment=&#8220;center&#8220; module_class=&#8220;BoutonDouble&#8220; _builder_version=&#8220;4.23.4&#8243; _module_preset=&#8220;default&#8220; custom_button_one=&#8220;on&#8220; button_one_use_icon=&#8220;off&#8220; button_one_custom_margin_tablet=&#8220;&#8220; button_one_custom_margin_phone=&#8220;30px||||false|false&#8220; button_one_custom_margin_last_edited=&#8220;on|phone&#8220; custom_button_two=&#8220;on&#8220; button_two_use_icon=&#8220;off&#8220; button_two_custom_margin=&#8220;|||40px|false|false&#8220; button_two_custom_margin_tablet=&#8220;|||40px|false|false&#8220; button_two_custom_margin_phone=&#8220;|||0px|false|false&#8220; button_two_custom_margin_last_edited=&#8220;on|phone&#8220; hover_enabled=&#8220;0&#8243; global_colors_info=&#8220;{}&#8220; sticky_enabled=&#8220;0&#8243;][\/dsm_button][\/et_pb_column][\/et_pb_row][\/et_pb_section][et_pb_section fb_built=&#8220;1&#8243; module_class=&#8220;Services VersionClair TexteIcone&#8220; _builder_version=&#8220;4.21.0&#8243; _module_preset=&#8220;default&#8220; background_enable_image=&#8220;off&#8220; custom_padding=&#8220;6.6%||||false|false&#8220; collapsed=&#8220;off&#8220; global_colors_info=&#8220;{}&#8220;][et_pb_row column_structure=&#8220;1_2,1_2&#8243; use_custom_gutter=&#8220;on&#8220; gutter_width=&#8220;2&#8243; make_equal=&#8220;on&#8220; module_class=&#8220;LargeurBox Inverser&#8220; _builder_version=&#8220;4.21.0&#8243; _module_preset=&#8220;default&#8220; custom_margin=&#8220;|auto|0.2%|auto|false|false&#8220; global_colors_info=&#8220;{}&#8220;][et_pb_column type=&#8220;1_2&#8243; _builder_version=&#8220;4.21.0&#8243; _module_preset=&#8220;default&#8220; animation_style=&#8220;slide&#8220; animation_direction=&#8220;left&#8220; global_colors_info=&#8220;{}&#8220;][et_pb_text admin_label=&#8220;Titre &#8211; H1&#8243; module_class=&#8220;Titre Gauche&#8220; _builder_version=&#8220;4.21.0&#8243; _module_preset=&#8220;default&#8220; global_colors_info=&#8220;{}&#8220;]<\/p>\n<h2>Wir feiern unser <strong>40-j\u00e4hriges Ju<\/strong>bil\u00e4um!<\/h2>\n<p>[\/et_pb_text][et_pb_text module_class=&#8220;Texte Gauche&#8220; _builder_version=&#8220;4.21.0&#8243; _module_preset=&#8220;default&#8220; global_colors_info=&#8220;{}&#8220;]<\/p>\n<p>Seit 40 Jahren stellen wir den Menschen in den Mittelpunkt unserer Aktivit\u00e4ten: Unsere  <strong>Arbeitnehmer<\/strong>  erstens, indem wir so gut wie m\u00f6glich f\u00fcr ihr Wohlergehen sorgen, unsere  <strong>Nachbarn  <\/strong>Unsere Produkte werden \u00fcbrigens in Frankreich entworfen, erdacht, entwickelt und hergestellt.<strong>menschliches Wesen<\/strong>  indem wir unsere Umweltauswirkungen so gering wie m\u00f6glich halten.<\/p>\n<p>Im Jahr 2023 haben wir unsere Mitarbeiter gebeten, ihre Stimme abzugeben, um gemeinsam die Werte zu definieren, die uns ausmachen: Menschlichkeit, Innovation, Teamgeist, Wohlwollen und Humor.<\/p>\n<p>[\/et_pb_text][et_pb_button button_url=&#8220;https:\/\/2024.pyres.com\/de\/?page_id=11594&#8243; button_text=&#8220;Erfahren Sie hier mehr \u00fcber unsere Verpflichtungen!&#8220; module_class=&#8220;Bouton Style1&#8243; _builder_version=&#8220;4.23.2&#8243; _module_preset=&#8220;default&#8220; custom_button=&#8220;on&#8220; button_text_color=&#8220;#FFFFFF&#8220; button_bg_color=&#8220;#FFFFFF&#8220; button_border_color=&#8220;#e30613&#8243; button_use_icon=&#8220;off&#8220; global_colors_info=&#8220;{}&#8220;][\/et_pb_button][\/et_pb_column][et_pb_column type=&#8220;1_2&#8243; _builder_version=&#8220;4.21.0&#8243; _module_preset=&#8220;default&#8220; animation_style=&#8220;slide&#8220; animation_direction=&#8220;right&#8220; global_colors_info=&#8220;{}&#8220;][dsm_floating_multi_images module_class=&#8220;Image Mouvante&#8220; _builder_version=&#8220;4.23.1&#8243; _module_preset=&#8220;default&#8220; custom_margin=&#8220;40px||||false|false&#8220; global_colors_info=&#8220;{}&#8220;][dsm_floating_multi_images_child src=&#8220;https:\/\/2024.pyres.com\/wp-content\/uploads\/2023\/11\/WhatsApp-Image-2023-06-22-at-21.47.04.jpeg&#8220; title_text=&#8220;WhatsApp Image 2023-06-22 at 21.47.04&#8243; horizontal_align=&#8220;36%&#8220; vertical_align=&#8220;-27%&#8220; _builder_version=&#8220;4.23.1&#8243; _module_preset=&#8220;default&#8220; global_colors_info=&#8220;{}&#8220;][\/dsm_floating_multi_images_child][dsm_floating_multi_images_child src=&#8220;https:\/\/2024.pyres.com\/wp-content\/uploads\/2023\/11\/BIENVEILLANCE.png&#8220; title_text=&#8220;BIENVEILLANCE&#8220; vertical_align=&#8220;-6%&#8220; _builder_version=&#8220;4.23.1&#8243; _module_preset=&#8220;default&#8220; global_colors_info=&#8220;{}&#8220;][\/dsm_floating_multi_images_child][dsm_floating_multi_images_child src=&#8220;https:\/\/2024.pyres.com\/wp-content\/uploads\/2023\/12\/Nos-Engagements.jpg&#8220; title_text=&#8220;Nos Engagements&#8220; horizontal_align=&#8220;22%&#8220; vertical_align=&#8220;30%&#8220; _builder_version=&#8220;4.23.1&#8243; _module_preset=&#8220;default&#8220; max_width=&#8220;57%&#8220; global_colors_info=&#8220;{}&#8220;][\/dsm_floating_multi_images_child][\/dsm_floating_multi_images][\/et_pb_column][\/et_pb_row][\/et_pb_section][et_pb_section fb_built=&#8220;1&#8243; _builder_version=&#8220;4.21.0&#8243; _module_preset=&#8220;default&#8220; global_colors_info=&#8220;{}&#8220;][et_pb_row column_structure=&#8220;1_4,3_4&#8243; module_class=&#8220;LargeurBox&#8220; _builder_version=&#8220;4.23.1&#8243; _module_preset=&#8220;default&#8220; global_colors_info=&#8220;{}&#8220;][et_pb_column type=&#8220;1_4&#8243; _builder_version=&#8220;4.21.0&#8243; _module_preset=&#8220;default&#8220; global_colors_info=&#8220;{}&#8220;][et_pb_image src=&#8220;https:\/\/2024.pyres.com\/wp-content\/uploads\/2023\/12\/label-la-french-fab_article_image.png&#8220; title_text=&#8220;label-la-french-fab_article_image&#8220; _builder_version=&#8220;4.23.1&#8243; _module_preset=&#8220;default&#8220; custom_margin=&#8220;||-1px|||&#8220; custom_padding=&#8220;|||0px||&#8220; global_colors_info=&#8220;{}&#8220;][\/et_pb_image][\/et_pb_column][et_pb_column type=&#8220;3_4&#8243; _builder_version=&#8220;4.21.0&#8243; _module_preset=&#8220;default&#8220; global_colors_info=&#8220;{}&#8220;][et_pb_text admin_label=&#8220;Titre &#8211; H1&#8243; module_class=&#8220;Titre Gauche&#8220; _builder_version=&#8220;4.23.1&#8243; _module_preset=&#8220;default&#8220; custom_margin=&#8220;20px||0px||false|false&#8220; custom_padding=&#8220;||0px||false|false&#8220; global_colors_info=&#8220;{}&#8220;]<\/p>\n<h3 style=\"text-align: center;\">PYRESCOM ist Teil der French Fab<\/h3>\n<p>[\/et_pb_text][et_pb_text module_class=&#8220;Texte Gauche&#8220; _builder_version=&#8220;4.23.1&#8243; _module_preset=&#8220;default&#8220; global_colors_info=&#8220;{}&#8220;]<\/p>\n<p>Wir sind stolz darauf, dass wir seit 40 Jahren unsere L\u00f6sungen in Frankreich erdenken, entwerfen und herstellen. Wir haben uns daf\u00fcr entschieden, in der Region zu bleiben, in der wir geboren wurden: den Pyr\u00e9n\u00e9es-Orientales, und uns an der Entwicklung unserer Region zu beteiligen. Wir nehmen Praktikanten und duale Studenten von Schulen in der Umgebung auf, um zu ihrer Ausbildung beizutragen.<\/p>\n<p>[\/et_pb_text][\/et_pb_column][\/et_pb_row][\/et_pb_section][et_pb_section fb_built=&#8220;1&#8243; prev_background_color=&#8220;#ffffff&#8220; next_background_color=&#8220;#ffffff&#8220; module_class=&#8220;Services VersionSombre Carte Separateur&#8220; _builder_version=&#8220;4.23.1&#8243; _module_preset=&#8220;default&#8220; background_color=&#8220;#FFFFFF&#8220; use_background_color_gradient=&#8220;on&#8220; background_color_gradient_stops=&#8220;rgba(192,192,191,0.47) 0%|#011545 100%&#8220; background_color_gradient_overlays_image=&#8220;on&#8220; background_image=&#8220;https:\/\/2024.pyres.com\/wp-content\/uploads\/2023\/08\/9-scaled.jpg&#8220; top_divider_style=&#8220;arrow2&#8243; bottom_divider_style=&#8220;arrow2&#8243; bottom_divider_flip=&#8220;vertical&#8220; collapsed=&#8220;on&#8220; global_colors_info=&#8220;{}&#8220; background__hover_enabled=&#8220;on|hover&#8220; background_color__hover=&#8220;&#8220; background_enable_color__hover=&#8220;off&#8220; use_background_color_gradient__hover=&#8220;on&#8220; background_color_gradient_stops__hover=&#8220;rgba(192,192,191,0.47) 0%|#011545 100%&#8220;][et_pb_row module_class=&#8220;LargeurBox&#8220; _builder_version=&#8220;4.21.0&#8243; _module_preset=&#8220;default&#8220; global_colors_info=&#8220;{}&#8220;][et_pb_column type=&#8220;4_4&#8243; _builder_version=&#8220;4.21.0&#8243; _module_preset=&#8220;default&#8220; global_colors_info=&#8220;{}&#8220;][et_pb_text admin_label=&#8220;Titre &#8211; H1&#8243; module_class=&#8220;Titre Milieu&#8220; _builder_version=&#8220;4.21.0&#8243; _module_preset=&#8220;default&#8220; global_colors_info=&#8220;{}&#8220;]<\/p>\n<h2>Alle <strong>unsere <br \/>T\u00e4tigkeitsbereiche<\/strong><\/h2>\n<p>[\/et_pb_text][\/et_pb_column][\/et_pb_row][et_pb_row column_structure=&#8220;1_3,1_3,1_3&#8243; module_class=&#8220;LargeurBox Colonne3&#8243; _builder_version=&#8220;4.21.0&#8243; _module_preset=&#8220;default&#8220; global_colors_info=&#8220;{}&#8220;][et_pb_column type=&#8220;1_3&#8243; module_class=&#8220;Colonne&#8220; _builder_version=&#8220;4.19.5&#8243; _module_preset=&#8220;default&#8220; global_colors_info=&#8220;{}&#8220;][dsm_card button_css=&#8220;Bouton&#8220; title=&#8220;PYRES City&#8220; image=&#8220;https:\/\/2024.pyres.com\/wp-content\/uploads\/2023\/05\/Pyres-City.jpg&#8220; button_text=&#8220;Mehr erfahren&#8220; button_url=&#8220;@ET-DC@eyJkeW5hbWljIjp0cnVlLCJjb250ZW50IjoicG9zdF9saW5rX3VybF9wYWdlIiwic2V0dGluZ3MiOnsicG9zdF9pZCI6IjcyIn19@&#8220; button_url_new_window=&#8220;1&#8243; module_class=&#8220;Milieu&#8220; _builder_version=&#8220;4.21.0&#8243; _dynamic_attributes=&#8220;link_option_url,button_url&#8220; _module_preset=&#8220;default&#8220; header_level=&#8220;h2&#8243; custom_button=&#8220;on&#8220; button_text_color=&#8220;#e30613&#8243; button_alignment=&#8220;center&#8220; link_option_url=&#8220;@ET-DC@eyJkeW5hbWljIjp0cnVlLCJjb250ZW50IjoicG9zdF9saW5rX3VybF9wYWdlIiwic2V0dGluZ3MiOnsicG9zdF9pZCI6IjcyIn19@&#8220; global_colors_info=&#8220;{}&#8220;]<\/p>\n<p><span>Sie starten ein Smart-City-Projekt?<\/span><br \/><span>PYRESCOM begleitet Sie mit innovativen und nachhaltigen L\u00f6sungen.<\/span><\/p>\n<p>[\/dsm_card][\/et_pb_column][et_pb_column type=&#8220;1_3&#8243; module_class=&#8220;Colonne&#8220; _builder_version=&#8220;4.19.5&#8243; _module_preset=&#8220;default&#8220; global_colors_info=&#8220;{}&#8220;][dsm_card button_css=&#8220;Bouton&#8220; title=&#8220;PYRES Unternehmen&#8220; image=&#8220;https:\/\/2024.pyres.com\/wp-content\/uploads\/2023\/08\/45-scaled.jpg&#8220; button_text=&#8220;Mehr erfahren&#8220; button_url=&#8220;@ET-DC@eyJkeW5hbWljIjp0cnVlLCJjb250ZW50IjoicG9zdF9saW5rX3VybF9wYWdlIiwic2V0dGluZ3MiOnsicG9zdF9pZCI6Ijc0In19@&#8220; button_url_new_window=&#8220;1&#8243; module_class=&#8220;Milieu&#8220; _builder_version=&#8220;4.21.0&#8243; _dynamic_attributes=&#8220;link_option_url,button_url&#8220; _module_preset=&#8220;default&#8220; header_level=&#8220;h2&#8243; custom_button=&#8220;on&#8220; button_text_color=&#8220;#e30613&#8243; button_alignment=&#8220;center&#8220; link_option_url=&#8220;@ET-DC@eyJkeW5hbWljIjp0cnVlLCJjb250ZW50IjoicG9zdF9saW5rX3VybF9wYWdlIiwic2V0dGluZ3MiOnsicG9zdF9pZCI6Ijc0In19@&#8220; global_colors_info=&#8220;{}&#8220;]<\/p>\n<p>M\u00f6chten Sie sich an die Ver\u00e4nderungen in der Arbeitswelt anpassen?<br \/>Wir erleichtern das Zeitmanagement und stellen das Wohlbefinden in den Vordergrund.<\/p>\n<p>[\/dsm_card][\/et_pb_column][et_pb_column type=&#8220;1_3&#8243; module_class=&#8220;Colonne&#8220; _builder_version=&#8220;4.19.5&#8243; _module_preset=&#8220;default&#8220; global_colors_info=&#8220;{}&#8220;][dsm_card button_css=&#8220;Bouton&#8220; title=&#8220;PYRES Gesundheit&#8220; image=&#8220;https:\/\/2024.pyres.com\/wp-content\/uploads\/2023\/07\/Design-sans-titre-10.png&#8220; button_text=&#8220;Mehr erfahren&#8220; button_url=&#8220;@ET-DC@eyJkeW5hbWljIjp0cnVlLCJjb250ZW50IjoicG9zdF9saW5rX3VybF9wYWdlIiwic2V0dGluZ3MiOnsicG9zdF9pZCI6IjczIn19@&#8220; button_url_new_window=&#8220;1&#8243; module_class=&#8220;Milieu&#8220; _builder_version=&#8220;4.21.0&#8243; _dynamic_attributes=&#8220;link_option_url,button_url&#8220; _module_preset=&#8220;default&#8220; header_level=&#8220;h2&#8243; custom_button=&#8220;on&#8220; button_text_color=&#8220;#e30613&#8243; button_alignment=&#8220;center&#8220; link_option_url=&#8220;@ET-DC@eyJkeW5hbWljIjp0cnVlLCJjb250ZW50IjoicG9zdF9saW5rX3VybF9wYWdlIiwic2V0dGluZ3MiOnsicG9zdF9pZCI6IjczIn19@&#8220; global_colors_info=&#8220;{}&#8220; transform_styles__hover_enabled=&#8220;off|desktop&#8220; transform_scale__hover_enabled=&#8220;off|desktop&#8220; transform_translate__hover_enabled=&#8220;off|desktop&#8220; transform_rotate__hover_enabled=&#8220;off|desktop&#8220; transform_skew__hover_enabled=&#8220;off|desktop&#8220; transform_origin__hover_enabled=&#8220;off|desktop&#8220;]<\/p>\n<p>M\u00f6chten Sie Ihre Defibrillatoren und Ihre Innenraumluftqualit\u00e4t \u00fcberwachen?<br \/>Unsere L\u00f6sungen sind auf ihrem Markt anerkannt und richtungsweisend.<\/p>\n<p>[\/dsm_card][\/et_pb_column][\/et_pb_row][\/et_pb_section][et_pb_section fb_built=&#8220;1&#8243; module_class=&#8220;Services VersionClair TexteIcone&#8220; _builder_version=&#8220;4.21.0&#8243; _module_preset=&#8220;default&#8220; background_enable_image=&#8220;off&#8220; custom_padding=&#8220;6.6%||0px||false|false&#8220; collapsed=&#8220;off&#8220; global_colors_info=&#8220;{}&#8220;][et_pb_row column_structure=&#8220;1_2,1_2&#8243; use_custom_gutter=&#8220;on&#8220; gutter_width=&#8220;2&#8243; make_equal=&#8220;on&#8220; module_class=&#8220;LargeurBox Inverser&#8220; _builder_version=&#8220;4.21.0&#8243; _module_preset=&#8220;default&#8220; custom_margin=&#8220;||6%||false|false&#8220; global_colors_info=&#8220;{}&#8220;][et_pb_column type=&#8220;1_2&#8243; _builder_version=&#8220;4.21.0&#8243; _module_preset=&#8220;default&#8220; animation_style=&#8220;slide&#8220; animation_direction=&#8220;left&#8220; global_colors_info=&#8220;{}&#8220;][dsm_floating_multi_images module_class=&#8220;Image Mouvante&#8220; _builder_version=&#8220;4.23.1&#8243; _module_preset=&#8220;default&#8220; custom_margin=&#8220;40px||||false|false&#8220; global_colors_info=&#8220;{}&#8220;][dsm_floating_multi_images_child src=&#8220;https:\/\/2024.pyres.com\/wp-content\/uploads\/2023\/12\/EPnrj.jpg&#8220; title_text=&#8220;EPnrj&#8220; horizontal_align=&#8220;36%&#8220; vertical_align=&#8220;-27%&#8220; _builder_version=&#8220;4.23.1&#8243; _module_preset=&#8220;default&#8220; global_colors_info=&#8220;{}&#8220;][\/dsm_floating_multi_images_child][dsm_floating_multi_images_child src=&#8220;https:\/\/2024.pyres.com\/wp-content\/uploads\/2023\/12\/2312-AIVIA-Retouche.jpg&#8220; title_text=&#8220;2312 &#8211; AIVIA Retouche&#8220; vertical_align=&#8220;-6%&#8220; _builder_version=&#8220;4.23.1&#8243; _module_preset=&#8220;default&#8220; global_colors_info=&#8220;{}&#8220;][\/dsm_floating_multi_images_child][dsm_floating_multi_images_child src=&#8220;https:\/\/2024.pyres.com\/wp-content\/uploads\/2023\/12\/ClassAir.jpg&#8220; title_text=&#8220;Class&#8217;Air&#8220; horizontal_align=&#8220;22%&#8220; vertical_align=&#8220;30%&#8220; _builder_version=&#8220;4.23.1&#8243; _module_preset=&#8220;default&#8220; max_width=&#8220;57%&#8220; global_colors_info=&#8220;{}&#8220;][\/dsm_floating_multi_images_child][\/dsm_floating_multi_images][\/et_pb_column][et_pb_column type=&#8220;1_2&#8243; _builder_version=&#8220;4.21.0&#8243; _module_preset=&#8220;default&#8220; animation_style=&#8220;slide&#8220; animation_direction=&#8220;right&#8220; global_colors_info=&#8220;{}&#8220;][et_pb_text admin_label=&#8220;Titre &#8211; H1&#8243; module_class=&#8220;Titre Gauche&#8220; _builder_version=&#8220;4.21.0&#8243; _module_preset=&#8220;default&#8220; global_colors_info=&#8220;{}&#8220;]<\/p>\n<h2>Erwecken Sie Ihre Projekte zum Leben mit<strong> PYRESCOM<\/strong><\/h2>\n<p>[\/et_pb_text][et_pb_text module_class=&#8220;Texte Gauche&#8220; _builder_version=&#8220;4.21.0&#8243; _module_preset=&#8220;default&#8220; global_colors_info=&#8220;{}&#8220;]<\/p>\n<p>PYRESCOM wurde 1984 in den Pyr\u00e9n\u00e9es Orientales gegr\u00fcndet und entwickelt vernetzte L\u00f6sungen in den Bereichen Smart City, Smart Health und Smart Enterprise.<\/p>\n<p>PYRESCOM ist ein Datenspezialist, der seine Produkte in Frankreich erdenkt, prototypisiert, entwirft und herstellt.<\/p>\n<p>Heute hat PYRESCOM mehr als 8000 Kunden in \u00fcber 50 L\u00e4ndern.<\/p>\n<p>[\/et_pb_text][et_pb_button button_url=&#8220;https:\/\/2024.pyres.com\/de\/?page_id=11575&#8243; button_text=&#8220;Kontaktieren Sie uns!&#8220; module_class=&#8220;Bouton Style1&#8243; _builder_version=&#8220;4.23.2&#8243; _module_preset=&#8220;default&#8220; custom_button=&#8220;on&#8220; button_text_color=&#8220;#FFFFFF&#8220; button_bg_color=&#8220;#FFFFFF&#8220; button_border_color=&#8220;#e30613&#8243; button_use_icon=&#8220;off&#8220; global_colors_info=&#8220;{}&#8220;][\/et_pb_button][\/et_pb_column][\/et_pb_row][\/et_pb_section]<\/p>\n","protected":false},"excerpt":{"rendered":"<p>PYRESCOM Franz\u00f6sischer Hersteller von vernetzten L\u00f6sungen<div class=\"et_pb_module dsm_button dsm_button_0 BoutonDouble et_pb_bg_layout_light\">\n\t\t\t\t\n\t\t\t\t\n\t\t\t\t\n\t\t\t\t\n\t\t\t\t\n\t\t\t\t\n\t\t\t\t<div class=\"et_pb_module_inner\">\n\t\t\t\t\t<div class=\"et_pb_button_module_wrappers dsm_button_0_wrapper et_pb_button_alignment_center et_pb_module\">\n\t\t\t\t<a class=\"et_pb_button et_pb_button_one et_pb_bg_layout_light dsm-none Bouton Style2\"  href=https:\/\/2024.pyres.com\/de\/?page_id=11575 data-dsm-lightbox-id=\"dsm_button_one_lightbox dsm_button_0\"><span>Kontaktieren Sie uns<\/span><\/a><a class=\"et_pb_button et_pb_button_two et_pb_bg_layout_light dsm-none Bouton Style4\"  href=https:\/\/2024.pyres.com\/de\/?page_id=11609 data-dsm-lightbox-id=\"dsm_button_two_lightbox dsm_button_0\"><span>Treten Sie dem Unternehmen bei!<\/span><\/a>\n\t\t\t<\/div>\n\t\t\t\t<\/div>\n\t\t\t<\/div>Wir feiern unser 40-j\u00e4hriges Jubil\u00e4um!Seit 40 Jahren stellen wir den Menschen in den Mittelpunkt unserer Aktivit\u00e4ten: Unsere Arbeitnehmer [&hellip;]<\/p>\n","protected":false},"author":1,"featured_media":13946,"parent":0,"menu_order":10,"comment_status":"closed","ping_status":"closed","template":"","meta":{"_acf_changed":false,"_et_pb_use_builder":"on","_et_pb_old_content":"","_et_gb_content_width":"","content-type":"","footnotes":""},"class_list":["post-11701","page","type-page","status-publish","has-post-thumbnail","hentry"],"acf":[],"_links":{"self":[{"href":"https:\/\/pyres.com\/de\/wp-json\/wp\/v2\/pages\/11701","targetHints":{"allow":["GET"]}}],"collection":[{"href":"https:\/\/pyres.com\/de\/wp-json\/wp\/v2\/pages"}],"about":[{"href":"https:\/\/pyres.com\/de\/wp-json\/wp\/v2\/types\/page"}],"author":[{"embeddable":true,"href":"https:\/\/pyres.com\/de\/wp-json\/wp\/v2\/users\/1"}],"replies":[{"embeddable":true,"href":"https:\/\/pyres.com\/de\/wp-json\/wp\/v2\/comments?post=11701"}],"version-history":[{"count":0,"href":"https:\/\/pyres.com\/de\/wp-json\/wp\/v2\/pages\/11701\/revisions"}],"wp:featuredmedia":[{"embeddable":true,"href":"https:\/\/pyres.com\/de\/wp-json\/wp\/v2\/media\/13946"}],"wp:attachment":[{"href":"https:\/\/pyres.com\/de\/wp-json\/wp\/v2\/media?parent=11701"}],"curies":[{"name":"wp","href":"https:\/\/api.w.org\/{rel}","templated":true}]}}