{"id":11673,"date":"2023-04-20T18:15:47","date_gmt":"2023-04-20T16:15:47","guid":{"rendered":"https:\/\/2024.pyres.com\/pyres-city\/"},"modified":"2024-01-22T09:46:45","modified_gmt":"2024-01-22T08:46:45","slug":"pyres-city","status":"publish","type":"page","link":"https:\/\/pyres.com\/de\/unsere-branchen\/pyres-city\/","title":{"rendered":"Pyres City"},"content":{"rendered":"<p>[et_pb_section fb_built=&#8220;1&#8243; admin_label=&#8220;Header FullPage Gauche VersionClair&#8220; module_class=&#8220;Header FullPage VersionSombre Simple&#8220; _builder_version=&#8220;4.23.2&#8243; _module_preset=&#8220;default&#8220; use_background_color_gradient=&#8220;on&#8220; background_color_gradient_direction=&#8220;135deg&#8220; background_color_gradient_stops=&#8220;rgba(40,247,249,0.9) 0%|rgba(6,131,246,0.9) 100%&#8220; background_color_gradient_overlays_image=&#8220;on&#8220; background_image=&#8220;https:\/\/2024.pyres.com\/wp-content\/uploads\/2023\/07\/3-4.png&#8220; custom_margin=&#8220;||0px||false|false&#8220; custom_padding=&#8220;10%||12%||false|false&#8220; bottom_divider_style=&#8220;arrow2&#8243; bottom_divider_color=&#8220;#FFFFFF&#8220; bottom_divider_flip=&#8220;vertical&#8220; global_colors_info=&#8220;{}&#8220;][et_pb_row make_equal=&#8220;on&#8220; module_class=&#8220;LargeurBox&#8220; _builder_version=&#8220;4.21.0&#8243; _module_preset=&#8220;default&#8220; custom_padding=&#8220;||||false|false&#8220; global_colors_info=&#8220;{}&#8220;][et_pb_column type=&#8220;4_4&#8243; _builder_version=&#8220;4.21.0&#8243; _module_preset=&#8220;default&#8220; global_colors_info=&#8220;{}&#8220;][et_pb_text admin_label=&#8220;Titre &#8211; H1&#8243; module_class=&#8220;Titre Milieu&#8220; _builder_version=&#8220;4.21.0&#8243; _module_preset=&#8220;default&#8220; global_colors_info=&#8220;{}&#8220;]<\/p>\n<h1><strong>PYRES City<\/strong><\/h1>\n<p>[\/et_pb_text][et_pb_text module_class=&#8220;Texte Milieu&#8220; _builder_version=&#8220;4.21.0&#8243; _module_preset=&#8220;default&#8220; global_colors_info=&#8220;{}&#8220;]<\/p>\n<p>Starten Sie ein Smart-City-Projekt?<br \/>PYRESCOM begleitet Sie mit innovativen und nachhaltigen L\u00f6sungen.<\/p>\n<p>[\/et_pb_text][\/et_pb_column][\/et_pb_row][\/et_pb_section][et_pb_section fb_built=&#8220;1&#8243; module_class=&#8220;Services VersionClair TexteIcone&#8220; _builder_version=&#8220;4.19.5&#8243; _module_preset=&#8220;default&#8220; background_enable_image=&#8220;off&#8220; collapsed=&#8220;off&#8220; global_colors_info=&#8220;{}&#8220;][et_pb_row column_structure=&#8220;1_2,1_2&#8243; make_equal=&#8220;on&#8220; module_class=&#8220;LargeurBox Inverser&#8220; _builder_version=&#8220;4.21.0&#8243; _module_preset=&#8220;default&#8220; global_colors_info=&#8220;{}&#8220;][et_pb_column type=&#8220;1_2&#8243; _builder_version=&#8220;4.21.0&#8243; _module_preset=&#8220;default&#8220; animation_style=&#8220;slide&#8220; animation_direction=&#8220;left&#8220; global_colors_info=&#8220;{}&#8220;][dsm_floating_multi_images module_class=&#8220;Image Mouvante&#8220; _builder_version=&#8220;4.21.0&#8243; _module_preset=&#8220;default&#8220; global_colors_info=&#8220;{}&#8220;][dsm_floating_multi_images_child src=&#8220;https:\/\/2024.pyres.com\/wp-content\/uploads\/2023\/08\/12-scaled.jpg&#8220; title_text=&#8220;12&#8243; horizontal_align=&#8220;36%&#8220; vertical_align=&#8220;-27%&#8220; _builder_version=&#8220;4.23.2&#8243; _module_preset=&#8220;default&#8220; global_colors_info=&#8220;{}&#8220;][\/dsm_floating_multi_images_child][dsm_floating_multi_images_child title_text=&#8220;32&#8243; horizontal_align=&#8220;10%&#8220; vertical_align=&#8220;-10%&#8220; _builder_version=&#8220;4.23.2&#8243; _module_preset=&#8220;default&#8220; global_colors_info=&#8220;{}&#8220;][\/dsm_floating_multi_images_child][dsm_floating_multi_images_child src=&#8220;https:\/\/2024.pyres.com\/wp-content\/uploads\/2023\/08\/45-1-scaled.jpg&#8220; title_text=&#8220;45&#8243; vertical_align=&#8220;-6%&#8220; _builder_version=&#8220;4.23.2&#8243; _module_preset=&#8220;default&#8220; global_colors_info=&#8220;{}&#8220;][\/dsm_floating_multi_images_child][dsm_floating_multi_images_child src=&#8220;https:\/\/2024.pyres.com\/wp-content\/uploads\/2023\/12\/7.jpg&#8220; alt=&#8220;Bild&#8220; title_text=&#8220;7&#8243; horizontal_align=&#8220;35%&#8220; vertical_align=&#8220;20%&#8220; _builder_version=&#8220;4.23.2&#8243; _module_preset=&#8220;default&#8220; max_width=&#8220;45%&#8220; global_colors_info=&#8220;{}&#8220;][\/dsm_floating_multi_images_child][\/dsm_floating_multi_images][\/et_pb_column][et_pb_column type=&#8220;1_2&#8243; _builder_version=&#8220;4.21.0&#8243; _module_preset=&#8220;default&#8220; animation_style=&#8220;slide&#8220; animation_direction=&#8220;right&#8220; global_colors_info=&#8220;{}&#8220;][et_pb_text admin_label=&#8220;Titre &#8211; H1&#8243; module_id=&#8220;Enjeux&#8220; module_class=&#8220;Titre Gauche&#8220; _builder_version=&#8220;4.21.0&#8243; _module_preset=&#8220;default&#8220; global_colors_info=&#8220;{}&#8220;]<\/p>\n<h2>In ein Smart City-Projekt <strong>einsteigen<\/strong>.<\/h2>\n<p>[\/et_pb_text][et_pb_text module_class=&#8220;Texte Gauche&#8220; _builder_version=&#8220;4.21.0&#8243; _module_preset=&#8220;default&#8220; global_colors_info=&#8220;{}&#8220;]<\/p>\n<p>&nbsp;<\/p>\n<p>Ein Smart-City-Projekt zu beginnen bedeutet, das Leben der B\u00fcrger durch die Vernetzung der Infrastruktur zu verbessern. Diese Umwandlung wurde bereits von vielen St\u00e4dten eingef\u00fchrt und wird nun demokratisiert und auf alle Gebiete ausgeweitet.<\/p>\n<p>Die Modernisierung von St\u00e4dten ist ein ehrgeiziges und unumg\u00e4ngliches Projekt, um den Herausforderungen von morgen gerecht zu werden.<\/p>\n<p>[\/et_pb_text][\/et_pb_column][\/et_pb_row][\/et_pb_section][et_pb_section fb_built=&#8220;1&#8243; module_class=&#8220;Services VersionClair TexteIcone&#8220; _builder_version=&#8220;4.19.5&#8243; _module_preset=&#8220;default&#8220; background_enable_image=&#8220;off&#8220; collapsed=&#8220;on&#8220; global_colors_info=&#8220;{}&#8220;][et_pb_row column_structure=&#8220;1_2,1_2&#8243; make_equal=&#8220;on&#8220; module_class=&#8220;LargeurBox&#8220; _builder_version=&#8220;4.21.0&#8243; _module_preset=&#8220;default&#8220; global_colors_info=&#8220;{}&#8220;][et_pb_column type=&#8220;1_2&#8243; _builder_version=&#8220;4.21.0&#8243; _module_preset=&#8220;default&#8220; animation_style=&#8220;slide&#8220; animation_direction=&#8220;left&#8220; global_colors_info=&#8220;{}&#8220;][et_pb_text admin_label=&#8220;Titre &#8211; H1&#8243; module_class=&#8220;Titre Gauche&#8220; _builder_version=&#8220;4.21.0&#8243; _module_preset=&#8220;default&#8220; global_colors_info=&#8220;{}&#8220;]<\/p>\n<h2><strong>Ein erster Schritt <\/strong>in Richtung Smart City.<\/h2>\n<p>[\/et_pb_text][et_pb_text module_class=&#8220;Texte Gauche&#8220; _builder_version=&#8220;4.21.0&#8243; _module_preset=&#8220;default&#8220; global_colors_info=&#8220;{}&#8220;]<\/p>\n<p>&nbsp;<\/p>\n<p>Smart City kann man nicht improvisieren! Die Einf\u00fchrung vernetzter L\u00f6sungen muss Teil einer umfassenden Strategie zur Optimierung von St\u00e4dten und ihrer Infrastruktur sein.  <\/p>\n<p>Als Datenexperten begleiten unsere Teams Sie bei der Umsetzung Ihrer Smart City-Projekte:<\/p>\n<p>[\/et_pb_text][dsm_icon_list module_class=&#8220;Icone&#8220; _builder_version=&#8220;4.23.4&#8243; _module_preset=&#8220;default&#8220; hover_enabled=&#8220;0&#8243; global_colors_info=&#8220;{}&#8220; sticky_enabled=&#8220;0&#8243;][dsm_icon_list_child text=&#8220;Sparen Sie Geld, indem Sie Ihre Stra\u00dfenbeleuchtung steuern,&#8220; font_icon=&#8220;&#x4e;||divi||400&#8243; _builder_version=&#8220;4.23.4&#8243; _module_preset=&#8220;default&#8220; hover_enabled=&#8220;0&#8243; global_colors_info=&#8220;{}&#8220; sticky_enabled=&#8220;0&#8243;][\/dsm_icon_list_child][dsm_icon_list_child text=&#8220;Sichern Sie die Waffenkammern der Polizei und gew\u00e4hrleisten Sie die R\u00fcckverfolgbarkeit der Waffen,&#8220; font_icon=&#8220;&#x4e;||divi||400&#8243; _builder_version=&#8220;4.23.4&#8243; _module_preset=&#8220;default&#8220; hover_enabled=&#8220;0&#8243; global_colors_info=&#8220;{}&#8220; sticky_enabled=&#8220;0&#8243;][\/dsm_icon_list_child][dsm_icon_list_child text=&#8220;Kontrollieren Sie die Qualit\u00e4t der Innenraumluft in Ihren \u00f6ffentlichen Einrichtungen,&#8220; font_icon=&#8220;&#x4e;||divi||400&#8243; _builder_version=&#8220;4.21.0&#8243; _module_preset=&#8220;default&#8220; global_colors_info=&#8220;{}&#8220;][\/dsm_icon_list_child][dsm_icon_list_child text=&#8220;Sch\u00fctzen und \u00fcberwachen Sie die Defibrillatoren, die in Ihrem \u00f6ffentlichen Raum installiert sind.&#8220; font_icon=&#8220;&#x4e;||divi||400&#8243; _builder_version=&#8220;4.21.0&#8243; _module_preset=&#8220;default&#8220; global_colors_info=&#8220;{}&#8220;][\/dsm_icon_list_child][\/dsm_icon_list][\/et_pb_column][et_pb_column type=&#8220;1_2&#8243; _builder_version=&#8220;4.21.0&#8243; _module_preset=&#8220;default&#8220; animation_style=&#8220;slide&#8220; animation_direction=&#8220;right&#8220; global_colors_info=&#8220;{}&#8220;][dsm_floating_multi_images module_class=&#8220;Image Mouvante&#8220; _builder_version=&#8220;4.21.0&#8243; _module_preset=&#8220;default&#8220; global_colors_info=&#8220;{}&#8220;][dsm_floating_multi_images_child src=&#8220;https:\/\/2024.pyres.com\/wp-content\/uploads\/2023\/05\/Smart-City-Challenge-02.jpg&#8220; horizontal_align=&#8220;22%&#8220; vertical_align=&#8220;20%&#8220; _builder_version=&#8220;4.21.0&#8243; _module_preset=&#8220;default&#8220; max_width=&#8220;57%&#8220; global_colors_info=&#8220;{}&#8220;][\/dsm_floating_multi_images_child][dsm_floating_multi_images_child src=&#8220;https:\/\/2024.pyres.com\/wp-content\/uploads\/2023\/08\/10-scaled.jpg&#8220; title_text=&#8220;10&#8243; horizontal_align=&#8220;36%&#8220; vertical_align=&#8220;-27%&#8220; _builder_version=&#8220;4.23.2&#8243; _module_preset=&#8220;default&#8220; global_colors_info=&#8220;{}&#8220;][\/dsm_floating_multi_images_child][dsm_floating_multi_images_child src=&#8220;https:\/\/2024.pyres.com\/wp-content\/uploads\/2023\/05\/Smart-City-Challenge-01.jpg&#8220; title_text=&#8220;Smart City &#8211; Challenge &#8211; 01&#8243; horizontal_align=&#8220;10%&#8220; vertical_align=&#8220;-10%&#8220; _builder_version=&#8220;4.21.0&#8243; _module_preset=&#8220;default&#8220; max_width=&#8220;40%&#8220; global_colors_info=&#8220;{}&#8220;][\/dsm_floating_multi_images_child][\/dsm_floating_multi_images][\/et_pb_column][\/et_pb_row][\/et_pb_section][et_pb_section fb_built=&#8220;1&#8243; prev_background_color=&#8220;#ffffff&#8220; next_background_color=&#8220;#ffffff&#8220; module_class=&#8220;Services VersionSombre Caroussel&#8220; _builder_version=&#8220;4.21.0&#8243; _module_preset=&#8220;default&#8220; use_background_color_gradient=&#8220;on&#8220; background_color_gradient_direction=&#8220;135deg&#8220; background_color_gradient_stops=&#8220;rgba(40,247,249,0.9) 0%|rgba(6,131,246,0.9) 100%&#8220; background_color_gradient_overlays_image=&#8220;on&#8220; background_image=&#8220;https:\/\/2024.pyres.com\/wp-content\/uploads\/2023\/07\/3-4.png&#8220; custom_padding=&#8220;180px||202px|||&#8220; top_divider_style=&#8220;arrow2&#8243; bottom_divider_style=&#8220;arrow2&#8243; bottom_divider_flip=&#8220;vertical&#8220; global_colors_info=&#8220;{}&#8220;][et_pb_row make_equal=&#8220;on&#8220; module_class=&#8220;LargeurBox EnTete&#8220; _builder_version=&#8220;4.19.5&#8243; _module_preset=&#8220;default&#8220; global_colors_info=&#8220;{}&#8220;][et_pb_column type=&#8220;4_4&#8243; _builder_version=&#8220;4.19.5&#8243; _module_preset=&#8220;default&#8220; global_colors_info=&#8220;{}&#8220;][et_pb_text admin_label=&#8220;Titre &#8211; H1&#8243; module_id=&#8220;NosSolutions&#8220; module_class=&#8220;Titre Milieu&#8220; _builder_version=&#8220;4.21.0&#8243; _module_preset=&#8220;default&#8220; global_colors_info=&#8220;{}&#8220;]<\/p>\n<h2>Unsere PYRES City <strong>L\u00f6sungen <\/strong><\/h2>\n<p>[\/et_pb_text][\/et_pb_column][\/et_pb_row][et_pb_row module_class=&#8220;LargeurBox&#8220; _builder_version=&#8220;4.21.0&#8243; _module_preset=&#8220;default&#8220; saved_tabs=&#8220;all&#8220; global_colors_info=&#8220;{}&#8220;][et_pb_column type=&#8220;4_4&#8243; module_class=&#8220;Colonne&#8220; _builder_version=&#8220;4.19.5&#8243; _module_preset=&#8220;default&#8220; global_colors_info=&#8220;{}&#8220;][dsm_card_carousel space_between=&#8220;40&#8243; equal_height=&#8220;on&#8220; module_class=&#8220;Caroussel Milieu&#8220; _builder_version=&#8220;4.23.4&#8243; _module_preset=&#8220;default&#8220; header_level=&#8220;h3&#8243; button_alignment=&#8220;center&#8220; custom_margin=&#8220;||0px||false|false&#8220; custom_padding=&#8220;30px||0px||false|false&#8220; hover_enabled=&#8220;0&#8243; global_colors_info=&#8220;{}&#8220; sticky_enabled=&#8220;0&#8243;][dsm_card_carousel_child title=&#8220;Steuerung der \u00f6ffentlichen Beleuchtung&#8220; image=&#8220;https:\/\/2024.pyres.com\/wp-content\/uploads\/2023\/07\/2-1.png&#8220; button_text=&#8220;Mehr erfahren&#8220; button_url=&#8220;@ET-DC@eyJkeW5hbWljIjp0cnVlLCJjb250ZW50IjoicG9zdF9saW5rX3VybF9wYWdlIiwic2V0dGluZ3MiOnsicG9zdF9pZCI6Ijc3In19@&#8220; button_url_new_window=&#8220;1&#8243; _builder_version=&#8220;4.23.4&#8243; _dynamic_attributes=&#8220;button_url,link_option_url&#8220; _module_preset=&#8220;default&#8220; header_font=&#8220;|700|||||||&#8220; header_text_color=&#8220;#000000&#8243; header_line_height=&#8220;2em&#8220; link_option_url=&#8220;@ET-DC@eyJkeW5hbWljIjp0cnVlLCJjb250ZW50IjoicG9zdF9saW5rX3VybF9wYWdlIiwic2V0dGluZ3MiOnsicG9zdF9pZCI6Ijc3In19@&#8220; hover_enabled=&#8220;0&#8243; global_colors_info=&#8220;{}&#8220; transform_styles__hover_enabled=&#8220;on|hover&#8220; transform_scale__hover_enabled=&#8220;on|hover&#8220; transform_translate__hover_enabled=&#8220;on|desktop&#8220; transform_rotate__hover_enabled=&#8220;on|desktop&#8220; transform_skew__hover_enabled=&#8220;on|desktop&#8220; transform_origin__hover_enabled=&#8220;on|desktop&#8220; transform_scale__hover=&#8220;95%|95%&#8220; parent_button=&#8220;off&#8220; parent_header_level=&#8220;h3&#8243; sticky_enabled=&#8220;0&#8243;]<\/p>\n<p>Die astronomischen Uhren von EPnrj erm\u00f6glichen es Kommunen und anderen Fachleuten im Bereich der \u00f6ffentlichen Beleuchtung, die Beleuchtung aus der Ferne und in Echtzeit zu steuern. Etc etc<\/p>\n<p>[\/dsm_card_carousel_child][dsm_card_carousel_child title=&#8220;Schutz von Defibrillatoren&#8220; image=&#8220;https:\/\/2024.pyres.com\/wp-content\/uploads\/2023\/07\/IMG_6969-scaled.jpg&#8220; alt=&#8220;AIVA &#8211; Schutz von Defibrillatoren&#8220; button_text=&#8220;Mehr erfahren&#8220; button_url=&#8220;@ET-DC@eyJkeW5hbWljIjp0cnVlLCJjb250ZW50IjoicG9zdF9saW5rX3VybF9wYWdlIiwic2V0dGluZ3MiOnsicG9zdF9pZCI6Ijc4In19@&#8220; button_url_new_window=&#8220;1&#8243; _builder_version=&#8220;4.23.4&#8243; _dynamic_attributes=&#8220;link_option_url,button_url&#8220; _module_preset=&#8220;default&#8220; header_font=&#8220;|700|||||||&#8220; header_text_color=&#8220;#000000&#8243; header_line_height=&#8220;2em&#8220; link_option_url=&#8220;@ET-DC@eyJkeW5hbWljIjp0cnVlLCJjb250ZW50IjoicG9zdF9saW5rX3VybF9wYWdlIiwic2V0dGluZ3MiOnsicG9zdF9pZCI6Ijc4In19@&#8220; hover_enabled=&#8220;0&#8243; global_colors_info=&#8220;{}&#8220; transform_styles__hover_enabled=&#8220;on|hover&#8220; transform_scale__hover_enabled=&#8220;on|hover&#8220; transform_translate__hover_enabled=&#8220;on|desktop&#8220; transform_rotate__hover_enabled=&#8220;on|desktop&#8220; transform_skew__hover_enabled=&#8220;on|desktop&#8220; transform_origin__hover_enabled=&#8220;on|desktop&#8220; transform_scale__hover=&#8220;95%|95%&#8220; parent_button=&#8220;off&#8220; parent_header_level=&#8220;h3&#8243; sticky_enabled=&#8220;0&#8243;]<\/p>\n<p>Die AIVIA-Schr\u00e4nke sch\u00fctzen und \u00fcberwachen seit 2006 Defibrillatoren. AIVIA besteht aus mehr als 500.000 Schr\u00e4nken, die in \u00fcber 50 L\u00e4ndern installiert wurden. Die AIVIA-Schr\u00e4nke sind in zwei Produktreihen unterteilt: Schutz und \u00dcberwachung, f\u00fcr einen Einsatz im Au\u00dfen- und Innenbereich.<\/p>\n<p>[\/dsm_card_carousel_child][dsm_card_carousel_child title=&#8220;\u00dcberwachung der Luftqualit\u00e4t in Innenr\u00e4umen&#8220; image=&#8220;https:\/\/2024.pyres.com\/wp-content\/uploads\/2023\/05\/Qualite-de-lair-interieur-2.jpeg&#8220; button_text=&#8220;Mehr erfahren&#8220; button_url=&#8220;@ET-DC@eyJkeW5hbWljIjp0cnVlLCJjb250ZW50IjoicG9zdF9saW5rX3VybF9wYWdlIiwic2V0dGluZ3MiOnsicG9zdF9pZCI6IjgwIn19@&#8220; button_url_new_window=&#8220;1&#8243; _builder_version=&#8220;4.23.4&#8243; _dynamic_attributes=&#8220;button_url,link_option_url&#8220; _module_preset=&#8220;default&#8220; header_font=&#8220;|700|||||||&#8220; header_text_color=&#8220;#000000&#8243; header_line_height=&#8220;2em&#8220; link_option_url=&#8220;@ET-DC@eyJkeW5hbWljIjp0cnVlLCJjb250ZW50IjoicG9zdF9saW5rX3VybF9wYWdlIiwic2V0dGluZ3MiOnsicG9zdF9pZCI6IjgwIn19@&#8220; hover_enabled=&#8220;0&#8243; global_colors_info=&#8220;{}&#8220; transform_styles__hover_enabled=&#8220;on|hover&#8220; transform_scale__hover_enabled=&#8220;on|hover&#8220; transform_translate__hover_enabled=&#8220;on|desktop&#8220; transform_rotate__hover_enabled=&#8220;on|desktop&#8220; transform_skew__hover_enabled=&#8220;on|desktop&#8220; transform_origin__hover_enabled=&#8220;on|desktop&#8220; transform_scale__hover=&#8220;95%|95%&#8220; parent_button=&#8220;off&#8220; parent_header_level=&#8220;h3&#8243; sticky_enabled=&#8220;0&#8243;]<\/p>\n<p>Seit mehr als 10 Jahren erm\u00f6glichen die PYRESCOM-Teams \u00f6ffentlichen Einrichtungen, die Qualit\u00e4t der Innenraumluft mit Hilfe ihrer Class&#8217;Air CO2-Sensoren zu \u00fcberwachen. LEDs warnen vor einer hohen CO2-Konzentration und sensibilisieren so f\u00fcr das L\u00fcften.<\/p>\n<p>[\/dsm_card_carousel_child][dsm_card_carousel_child title=&#8220;Die L\u00f6sung f\u00fcr die \u00dcberwachung der Waffenkammer&#8220; image=&#8220;https:\/\/2024.pyres.com\/wp-content\/uploads\/2023\/05\/Solution-CASAR-Pourquoi.jpg&#8220; button_text=&#8220;Mehr erfahren&#8220; button_url=&#8220;@ET-DC@eyJkeW5hbWljIjp0cnVlLCJjb250ZW50IjoicG9zdF9saW5rX3VybF9wYWdlIiwic2V0dGluZ3MiOnsicG9zdF9pZCI6Ijc2In19@&#8220; button_url_new_window=&#8220;1&#8243; _builder_version=&#8220;4.21.0&#8243; _dynamic_attributes=&#8220;button_url,link_option_url&#8220; _module_preset=&#8220;default&#8220; header_font=&#8220;|700|||||||&#8220; header_text_color=&#8220;#000000&#8243; header_line_height=&#8220;2em&#8220; link_option_url=&#8220;@ET-DC@eyJkeW5hbWljIjp0cnVlLCJjb250ZW50IjoicG9zdF9saW5rX3VybF9wYWdlIiwic2V0dGluZ3MiOnsicG9zdF9pZCI6Ijc2In19@&#8220; global_colors_info=&#8220;{}&#8220; transform_styles__hover_enabled=&#8220;on|hover&#8220; transform_scale__hover_enabled=&#8220;on|hover&#8220; transform_translate__hover_enabled=&#8220;on|desktop&#8220; transform_rotate__hover_enabled=&#8220;on|desktop&#8220; transform_skew__hover_enabled=&#8220;on|desktop&#8220; transform_origin__hover_enabled=&#8220;on|desktop&#8220; transform_scale__hover=&#8220;95%|95%&#8220; parent_button=&#8220;off&#8220; parent_header_level=&#8220;h3&#8243;]<\/p>\n<p>Am 31. Dezember 2021 waren 14.819 Stadtpolizisten mit einer Schusswaffe ausgestattet. Diese Zahl ber\u00fccksichtigt nicht das Personal der nationalen Polizei, des Zolls oder der Armee&#8230; Wie soll die R\u00fcckverfolgbarkeit dieser Waffen ohne digitale Hilfsmittel gew\u00e4hrleistet werden?<\/p>\n<p>[\/dsm_card_carousel_child][\/dsm_card_carousel][\/et_pb_column][\/et_pb_row][\/et_pb_section][et_pb_section fb_built=&#8220;1&#8243; module_class=&#8220;Services VersionClair TexteSimple&#8220; _builder_version=&#8220;4.19.5&#8243; _module_preset=&#8220;default&#8220; background_enable_color=&#8220;off&#8220; background_enable_image=&#8220;off&#8220; bottom_divider_color=&#8220;#FFFFFF&#8220; bottom_divider_flip=&#8220;vertical&#8220; collapsed=&#8220;on&#8220; global_colors_info=&#8220;{}&#8220;][et_pb_row column_structure=&#8220;1_2,1_2&#8243; make_equal=&#8220;on&#8220; module_class=&#8220;LargeurBox Inverser&#8220; _builder_version=&#8220;4.21.0&#8243; _module_preset=&#8220;default&#8220; hover_enabled=&#8220;0&#8243; global_colors_info=&#8220;{}&#8220; sticky_enabled=&#8220;0&#8243;][et_pb_column type=&#8220;1_2&#8243; module_class=&#8220;centrer-verticalement&#8220; _builder_version=&#8220;4.21.0&#8243; _module_preset=&#8220;default&#8220; animation_style=&#8220;slide&#8220; animation_direction=&#8220;left&#8220; global_colors_info=&#8220;{}&#8220;][et_pb_image src=&#8220;https:\/\/2024.pyres.com\/wp-content\/uploads\/2023\/07\/5-1.png&#8220; title_text=&#8220;5&#8243; module_class=&#8220;Image&#8220; _builder_version=&#8220;4.21.0&#8243; _module_preset=&#8220;default&#8220; global_colors_info=&#8220;{}&#8220;][\/et_pb_image][\/et_pb_column][et_pb_column type=&#8220;1_2&#8243; module_class=&#8220;centrer-verticalement&#8220; _builder_version=&#8220;4.21.0&#8243; _module_preset=&#8220;default&#8220; animation_style=&#8220;slide&#8220; animation_direction=&#8220;right&#8220; global_colors_info=&#8220;{}&#8220;][et_pb_text admin_label=&#8220;Titre &#8211; H1&#8243; module_class=&#8220;Titre Gauche&#8220; _builder_version=&#8220;4.21.0&#8243; _module_preset=&#8220;default&#8220; custom_margin=&#8220;20px||||false|false&#8220; global_colors_info=&#8220;{}&#8220;]<\/p>\n<h2><b>Warum <\/b>Sie unsere L\u00f6sungen \u00fcbernehmen sollten  <\/h2>\n<p>[\/et_pb_text][et_pb_text module_class=&#8220;Texte Gauche&#8220; _builder_version=&#8220;4.23.4&#8243; _module_preset=&#8220;default&#8220; hover_enabled=&#8220;0&#8243; global_colors_info=&#8220;{}&#8220; sticky_enabled=&#8220;0&#8243;]<\/p>\n<div data-qa=\"slack_kit_scrollbar\" role=\"presentation\" class=\"c-scrollbar__hider\">\n<div role=\"presentation\" class=\"c-scrollbar__child\">\n<div data-qa=\"slack_kit_list\" class=\"c-virtual_list__scroll_container\" role=\"list\" aria-label=\"Pauline (message direct, absent)\" tabindex=\"-1\">\n<div aria-setsize=\"-1\" class=\"c-virtual_list__item c-virtual_list__item--initial-activeitem\" role=\"listitem\" id=\"1688978194.773259\" data-qa=\"virtual-list-item\" data-item-key=\"1688978194.773259\" tabindex=\"0\">\n<div role=\"presentation\" class=\"c-message_kit__background p-message_pane_message__message c-message_kit__message p-message_pane_message__message--last\" data-qa=\"message_container\" data-qa-unprocessed=\"false\" data-qa-placeholder=\"false\">\n<div role=\"document\" aria-roledescription=\"message\" class=\"c-message_kit__hover\" data-qa-hover=\"true\">\n<div class=\"c-message_kit__actions c-message_kit__actions--default\">\n<div class=\"c-message_kit__gutter\">\n<div role=\"presentation\" class=\"c-message_kit__gutter__right\" data-qa=\"message_content\">\n<div class=\"c-message_kit__blocks c-message_kit__blocks--rich_text\">\n<div class=\"c-message__message_blocks c-message__message_blocks--rich_text\" data-qa=\"message-text\">\n<div class=\"p-block_kit_renderer\" data-qa=\"block-kit-renderer\">\n<div class=\"p-block_kit_renderer__block_wrapper p-block_kit_renderer__block_wrapper--first\">\n<div class=\"p-rich_text_block\" dir=\"auto\">\n<div class=\"p-rich_text_section\">Mit fast 40 Jahren Erfahrung entwickeln die Experten von PYRESCOM L\u00f6sungen, die einfach einzusetzen und zu verwenden sind. Wir arbeiten jeden Tag an unseren L\u00f6sungen, um all Ihren Bed\u00fcrfnissen zu entsprechen.<\/div>\n<\/div>\n<\/div>\n<\/div>\n<\/div>\n<\/div>\n<\/div>\n<\/div>\n<\/div>\n<\/div>\n<\/div>\n<\/div>\n<\/div>\n<\/div>\n<\/div>\n<p>[\/et_pb_text][et_pb_button button_url=&#8220;https:\/\/2024.pyres.com\/de\/?page_id=11594&#8243; button_text=&#8220;Entdecken Sie unsere CSR-Verpflichtungen&#8220; module_class=&#8220;Bouton SmartCity&#8220; _builder_version=&#8220;4.23.2&#8243; _module_preset=&#8220;default&#8220; global_colors_info=&#8220;{}&#8220;][\/et_pb_button][\/et_pb_column][\/et_pb_row][\/et_pb_section]<\/p>\n","protected":false},"excerpt":{"rendered":"<p>PYRES CityStarten Sie ein Smart-City-Projekt?PYRESCOM begleitet Sie mit innovativen und nachhaltigen L\u00f6sungen.<div class=\"et_pb_module dsm_floating_multi_images dsm_floating_multi_images_0 Image Mouvante\">\n\t\t\t\t\n\t\t\t\t\n\t\t\t\t\n\t\t\t\t\n\t\t\t\t\n\t\t\t\t\n\t\t\t\t<div class=\"et_pb_module_inner\">\n\t\t\t\t\t<div class=\"dsm_floating_multi_images_container\"><div class=\"et_pb_module dsm_floating_multi_images_child dsm_floating_multi_images_child_0\">\n\t\t\t\t\n\t\t\t\t\n\t\t\t\t\n\t\t\t\t\n\t\t\t\t\n\t\t\t\t\n\t\t\t\t<div class=\"et_pb_module_inner\">\n\t\t\t\t\t<img decoding=\"async\" src=\"https:\/\/2024.pyres.com\/wp-content\/uploads\/2023\/08\/12-scaled.jpg\" alt=\"\" title=\"12\" id=\"\" class=\"\" \/>\n\t\t\t\t<\/div>\n\t\t\t<\/div><div class=\"et_pb_module dsm_floating_multi_images_child dsm_floating_multi_images_child_1\">\n\t\t\t\t\n\t\t\t\t\n\t\t\t\t\n\t\t\t\t\n\t\t\t\t\n\t\t\t\t\n\t\t\t\t<div class=\"et_pb_module_inner\">\n\t\t\t\t\t\n\t\t\t\t<\/div>\n\t\t\t<\/div><div class=\"et_pb_module dsm_floating_multi_images_child dsm_floating_multi_images_child_2\">\n\t\t\t\t\n\t\t\t\t\n\t\t\t\t\n\t\t\t\t\n\t\t\t\t\n\t\t\t\t\n\t\t\t\t<div class=\"et_pb_module_inner\">\n\t\t\t\t\t<img decoding=\"async\" src=\"https:\/\/2024.pyres.com\/wp-content\/uploads\/2023\/08\/45-1-scaled.jpg\" alt=\"\" title=\"45\" id=\"\" class=\"\" \/>\n\t\t\t\t<\/div>\n\t\t\t<\/div><div class=\"et_pb_module dsm_floating_multi_images_child dsm_floating_multi_images_child_3\">\n\t\t\t\t\n\t\t\t\t\n\t\t\t\t\n\t\t\t\t\n\t\t\t\t\n\t\t\t\t\n\t\t\t\t<div class=\"et_pb_module_inner\">\n\t\t\t\t\t<img decoding=\"async\" src=\"https:\/\/2024.pyres.com\/wp-content\/uploads\/2023\/12\/7.jpg\" alt=\"Bild\" title=\"7\" id=\"\" class=\"\" \/>\n\t\t\t\t<\/div>\n\t\t\t<\/div><\/div>\n\t\t\t\t<\/div>\n\t\t\t<\/div>In ein Smart City-Projekt einsteigen.&nbsp; Ein Smart-City-Projekt zu beginnen bedeutet, das [&hellip;]<\/p>\n","protected":false},"author":1,"featured_media":13964,"parent":12478,"menu_order":22,"comment_status":"closed","ping_status":"closed","template":"","meta":{"_acf_changed":false,"_et_pb_use_builder":"on","_et_pb_old_content":"","_et_gb_content_width":"","content-type":"","footnotes":""},"class_list":["post-11673","page","type-page","status-publish","has-post-thumbnail","hentry"],"acf":[],"_links":{"self":[{"href":"https:\/\/pyres.com\/de\/wp-json\/wp\/v2\/pages\/11673","targetHints":{"allow":["GET"]}}],"collection":[{"href":"https:\/\/pyres.com\/de\/wp-json\/wp\/v2\/pages"}],"about":[{"href":"https:\/\/pyres.com\/de\/wp-json\/wp\/v2\/types\/page"}],"author":[{"embeddable":true,"href":"https:\/\/pyres.com\/de\/wp-json\/wp\/v2\/users\/1"}],"replies":[{"embeddable":true,"href":"https:\/\/pyres.com\/de\/wp-json\/wp\/v2\/comments?post=11673"}],"version-history":[{"count":0,"href":"https:\/\/pyres.com\/de\/wp-json\/wp\/v2\/pages\/11673\/revisions"}],"up":[{"embeddable":true,"href":"https:\/\/pyres.com\/de\/wp-json\/wp\/v2\/pages\/12478"}],"wp:featuredmedia":[{"embeddable":true,"href":"https:\/\/pyres.com\/de\/wp-json\/wp\/v2\/media\/13964"}],"wp:attachment":[{"href":"https:\/\/pyres.com\/de\/wp-json\/wp\/v2\/media?parent=11673"}],"curies":[{"name":"wp","href":"https:\/\/api.w.org\/{rel}","templated":true}]}}