{"id":11633,"date":"2023-04-20T18:15:47","date_gmt":"2023-04-20T16:15:47","guid":{"rendered":"https:\/\/2024.pyres.com\/pyrenaeen-gesundheit\/"},"modified":"2024-01-22T09:53:37","modified_gmt":"2024-01-22T08:53:37","slug":"pyrenaeen-gesundheit","status":"publish","type":"page","link":"https:\/\/pyres.com\/de\/unsere-branchen\/pyrenaeen-gesundheit\/","title":{"rendered":"Pyren\u00e4en Gesundheit"},"content":{"rendered":"<p>[et_pb_section fb_built=&#8220;1&#8243; admin_label=&#8220;Header FullPage Gauche VersionClair&#8220; module_class=&#8220;Header FullPage VersionSombre Simple&#8220; _builder_version=&#8220;4.21.0&#8243; _module_preset=&#8220;default&#8220; use_background_color_gradient=&#8220;on&#8220; background_color_gradient_direction=&#8220;90deg&#8220; background_color_gradient_stops=&#8220;rgba(0,226,114,0.9) 0%|rgba(40,247,249,0.9) 100%&#8220; background_color_gradient_overlays_image=&#8220;on&#8220; background_image=&#8220;https:\/\/2024.pyres.com\/wp-content\/uploads\/2023\/07\/1_130522-2.jpg&#8220; background_position=&#8220;top_left&#8220; min_height=&#8220;571.6px&#8220; custom_margin=&#8220;||||false|false&#8220; custom_padding=&#8220;||||false|false&#8220; bottom_divider_style=&#8220;arrow2&#8243; bottom_divider_color=&#8220;#FFFFFF&#8220; bottom_divider_flip=&#8220;vertical&#8220; global_colors_info=&#8220;{}&#8220;][et_pb_row make_equal=&#8220;on&#8220; module_class=&#8220;LargeurBox&#8220; _builder_version=&#8220;4.21.0&#8243; _module_preset=&#8220;default&#8220; global_colors_info=&#8220;{}&#8220;][et_pb_column type=&#8220;4_4&#8243; _builder_version=&#8220;4.19.5&#8243; _module_preset=&#8220;default&#8220; global_colors_info=&#8220;{}&#8220;][et_pb_text admin_label=&#8220;Titre &#8211; H1&#8243; module_class=&#8220;Titre Milieu&#8220; _builder_version=&#8220;4.21.0&#8243; _module_preset=&#8220;default&#8220; global_colors_info=&#8220;{}&#8220;]<\/p>\n<h1><strong>PYRES Health<\/strong><\/h1>\n<p>[\/et_pb_text][et_pb_text module_class=&#8220;Texte Milieu&#8220; _builder_version=&#8220;4.21.0&#8243; _module_preset=&#8220;default&#8220; custom_padding=&#8220;||0px|||&#8220; global_colors_info=&#8220;{}&#8220;]<\/p>\n<p style=\"text-align: center;\"><span>M\u00f6chten Sie Ihre Defibrillatoren und Ihre Innenraumluftqualit\u00e4t \u00fcberwachen?<br \/>Bei PYRESCOM nutzen wir unsere Erfahrung und unser Know-how, um L\u00f6sungen anzubieten, die auf ihrem Markt anerkannt und richtungsweisend sind.<\/span><\/p>\n<p>[\/et_pb_text][\/et_pb_column][\/et_pb_row][\/et_pb_section][et_pb_section fb_built=&#8220;1&#8243; module_class=&#8220;Services VersionClair TexteIcone&#8220; _builder_version=&#8220;4.19.5&#8243; _module_preset=&#8220;default&#8220; background_enable_image=&#8220;off&#8220; custom_margin=&#8220;||-108px|||&#8220; collapsed=&#8220;on&#8220; global_colors_info=&#8220;{}&#8220;][et_pb_row column_structure=&#8220;1_2,1_2&#8243; make_equal=&#8220;on&#8220; module_class=&#8220;LargeurBox Inverser&#8220; _builder_version=&#8220;4.21.0&#8243; _module_preset=&#8220;default&#8220; global_colors_info=&#8220;{}&#8220;][et_pb_column type=&#8220;1_2&#8243; _builder_version=&#8220;4.21.0&#8243; _module_preset=&#8220;default&#8220; animation_style=&#8220;slide&#8220; animation_direction=&#8220;left&#8220; global_colors_info=&#8220;{}&#8220;][dsm_floating_multi_images module_class=&#8220;Image Mouvante&#8220; _builder_version=&#8220;4.21.0&#8243; _module_preset=&#8220;default&#8220; global_colors_info=&#8220;{}&#8220;][dsm_floating_multi_images_child src=&#8220;https:\/\/2024.pyres.com\/wp-content\/uploads\/2023\/08\/56.jpg&#8220; title_text=&#8220;56&#8243; _builder_version=&#8220;4.21.0&#8243; _module_preset=&#8220;default&#8220; global_colors_info=&#8220;{}&#8220;][\/dsm_floating_multi_images_child][dsm_floating_multi_images_child src=&#8220;https:\/\/2024.pyres.com\/wp-content\/uploads\/2023\/07\/1_130522.jpg&#8220; title_text=&#8220;1_130522&#8243; horizontal_align=&#8220;22%&#8220; vertical_align=&#8220;20%&#8220; _builder_version=&#8220;4.21.0&#8243; _module_preset=&#8220;default&#8220; max_width=&#8220;48%&#8220; global_colors_info=&#8220;{}&#8220;][\/dsm_floating_multi_images_child][dsm_floating_multi_images_child src=&#8220;https:\/\/2024.pyres.com\/wp-content\/uploads\/2023\/07\/image-24.png&#8220; title_text=&#8220;image (24)&#8220; horizontal_align=&#8220;36%&#8220; vertical_align=&#8220;-27%&#8220; _builder_version=&#8220;4.21.0&#8243; _module_preset=&#8220;default&#8220; global_colors_info=&#8220;{}&#8220;][\/dsm_floating_multi_images_child][dsm_floating_multi_images_child title_text=&#8220;62&#8243; horizontal_align=&#8220;10%&#8220; vertical_align=&#8220;15%&#8220; _builder_version=&#8220;4.21.0&#8243; _module_preset=&#8220;default&#8220; max_width=&#8220;46%&#8220; global_colors_info=&#8220;{}&#8220;][\/dsm_floating_multi_images_child][\/dsm_floating_multi_images][\/et_pb_column][et_pb_column type=&#8220;1_2&#8243; _builder_version=&#8220;4.21.0&#8243; _module_preset=&#8220;default&#8220; animation_style=&#8220;slide&#8220; animation_direction=&#8220;right&#8220; global_colors_info=&#8220;{}&#8220;][et_pb_text admin_label=&#8220;Titre &#8211; H1&#8243; module_id=&#8220;Enjeux&#8220; module_class=&#8220;Titre Gauche&#8220; _builder_version=&#8220;4.21.0&#8243; _module_preset=&#8220;default&#8220; global_colors_info=&#8220;{}&#8220;]<\/p>\n<h2><strong>Innovation<\/strong> im Dienste der Smart Health.<\/h2>\n<p>[\/et_pb_text][et_pb_text module_class=&#8220;Texte Gauche&#8220; _builder_version=&#8220;4.21.0&#8243; _module_preset=&#8220;default&#8220; global_colors_info=&#8220;{}&#8220;]<\/p>\n<p><span style=\"color: #000000;\"><\/span><\/p>\n<p><span style=\"color: #000000;\">Vernetzte Objekte geh\u00f6ren in allen Bereichen zu unserem Alltag, auch im Gesundheitswesen. Immer mehr medizinische Ger\u00e4te werden vernetzt, um einen schnelleren Zugriff auf Informationen zu erm\u00f6glichen und diese schneller auszutauschen.<\/span><\/p>\n<p><span style=\"color: #e02b20;\"><\/span>Smart Health wird unumg\u00e4nglich, um die verschiedenen Probleme des \u00f6ffentlichen Gesundheitswesens anzugehen. <span style=\"color: #000000;\"><\/span><span style=\"font-size: 18px; background-color: #ffffff;\">Wir alle sind auf unserer Ebene Akteure des Wandels.<\/span><span style=\"font-size: 18px; background-color: #ffffff;\"><\/span><\/p>\n<p><span style=\"color: #000000;\"><\/span><\/p>\n<p><span style=\"color: #000000;\"><\/span><\/p>\n<p><span style=\"font-size: 18px; background-color: #ffffff;\"><\/span><\/p>\n<p><span style=\"font-size: 18px; background-color: #ffffff;\"><\/span><\/p>\n<p>[\/et_pb_text][\/et_pb_column][\/et_pb_row][\/et_pb_section][et_pb_section fb_built=&#8220;1&#8243; module_class=&#8220;Services VersionClair TexteIcone&#8220; _builder_version=&#8220;4.19.5&#8243; _module_preset=&#8220;default&#8220; background_enable_image=&#8220;off&#8220; custom_margin=&#8220;40px|||||&#8220; collapsed=&#8220;on&#8220; global_colors_info=&#8220;{}&#8220;][et_pb_row column_structure=&#8220;1_2,1_2&#8243; make_equal=&#8220;on&#8220; module_class=&#8220;LargeurBox&#8220; _builder_version=&#8220;4.21.0&#8243; _module_preset=&#8220;default&#8220; global_colors_info=&#8220;{}&#8220;][et_pb_column type=&#8220;1_2&#8243; _builder_version=&#8220;4.21.0&#8243; _module_preset=&#8220;default&#8220; animation_style=&#8220;slide&#8220; animation_direction=&#8220;left&#8220; global_colors_info=&#8220;{}&#8220;][et_pb_text admin_label=&#8220;Titre &#8211; H1&#8243; module_class=&#8220;Titre Gauche&#8220; _builder_version=&#8220;4.21.0&#8243; _module_preset=&#8220;default&#8220; global_colors_info=&#8220;{}&#8220;]<\/p>\n<h2>Smart Health, eine <strong>Herausforderung<\/strong> \u00fcberall und f\u00fcr alle.<\/h2>\n<p>[\/et_pb_text][et_pb_text module_class=&#8220;Texte Gauche&#8220; _builder_version=&#8220;4.21.0&#8243; _module_preset=&#8220;default&#8220; global_colors_info=&#8220;{}&#8220;]<\/p>\n<p>&nbsp;<\/p>\n<p>Smart Health sollte sich nicht nur auf Krankenh\u00e4user beziehen. In den Verkehrsmitteln, in der Schule, im B\u00fcro &#8230; wir sind jeden Tag mit einer Vielzahl von Risiken konfrontiert. Es gibt zahlreiche Pr\u00e4ventionsl\u00f6sungen, mit denen man seine Gesundheit im Alltag sch\u00fctzen kann.<\/p>\n<p>Seit 2006 engagiert sich PYRESCOM f\u00fcr den Schutz von \u00f6ffentlich zug\u00e4nglichen Defibrillatoren. Unsere Teams haben auch die ersten franz\u00f6sischen CO2-Sensoren entwickelt, die heute in zahlreichen Schulen und \u00f6ffentlichen Einrichtungen zu finden sind.<\/p>\n<p>[\/et_pb_text][\/et_pb_column][et_pb_column type=&#8220;1_2&#8243; _builder_version=&#8220;4.21.0&#8243; _module_preset=&#8220;default&#8220; animation_style=&#8220;slide&#8220; animation_direction=&#8220;right&#8220; global_colors_info=&#8220;{}&#8220;][dsm_floating_multi_images module_class=&#8220;Image Mouvante&#8220; _builder_version=&#8220;4.21.0&#8243; _module_preset=&#8220;default&#8220; global_colors_info=&#8220;{}&#8220;][dsm_floating_multi_images_child title_text=&#8220;55&#8243; _builder_version=&#8220;4.21.0&#8243; _module_preset=&#8220;default&#8220; global_colors_info=&#8220;{}&#8220;][\/dsm_floating_multi_images_child][dsm_floating_multi_images_child src=&#8220;https:\/\/2024.pyres.com\/wp-content\/uploads\/2023\/08\/2-1.png&#8220; title_text=&#8220;2&#8243; _builder_version=&#8220;4.21.0&#8243; _module_preset=&#8220;default&#8220; max_width=&#8220;60%&#8220; global_colors_info=&#8220;{}&#8220;][\/dsm_floating_multi_images_child][dsm_floating_multi_images_child src=&#8220;https:\/\/2024.pyres.com\/wp-content\/uploads\/2023\/08\/45-scaled.jpg&#8220; title_text=&#8220;45&#8243; horizontal_align=&#8220;22%&#8220; vertical_align=&#8220;30%&#8220; _builder_version=&#8220;4.21.0&#8243; _module_preset=&#8220;default&#8220; max_width=&#8220;65%&#8220; global_colors_info=&#8220;{}&#8220;][\/dsm_floating_multi_images_child][dsm_floating_multi_images_child src=&#8220;https:\/\/2024.pyres.com\/wp-content\/uploads\/2023\/08\/4.png&#8220; title_text=&#8220;4&#8243; horizontal_align=&#8220;36%&#8220; vertical_align=&#8220;-27%&#8220; _builder_version=&#8220;4.21.0&#8243; _module_preset=&#8220;default&#8220; global_colors_info=&#8220;{}&#8220;][\/dsm_floating_multi_images_child][\/dsm_floating_multi_images][\/et_pb_column][\/et_pb_row][\/et_pb_section][et_pb_section fb_built=&#8220;1&#8243; prev_background_color=&#8220;#ffffff&#8220; next_background_color=&#8220;#ffffff&#8220; module_class=&#8220;Services VersionSombre Caroussel&#8220; _builder_version=&#8220;4.21.0&#8243; _module_preset=&#8220;default&#8220; use_background_color_gradient=&#8220;on&#8220; background_color_gradient_stops=&#8220;rgba(52,55,62,0.75) 0%|rgba(52,55,62,0.75) 100%&#8220; background_color_gradient_overlays_image=&#8220;on&#8220; background_image=&#8220;https:\/\/2024.pyres.com\/wp-content\/uploads\/2023\/07\/Design-sans-titre-10.png&#8220; custom_padding=&#8220;140px||170px|||&#8220; top_divider_style=&#8220;arrow2&#8243; bottom_divider_style=&#8220;arrow2&#8243; bottom_divider_flip=&#8220;vertical&#8220; global_colors_info=&#8220;{}&#8220;][et_pb_row make_equal=&#8220;on&#8220; module_class=&#8220;LargeurBox EnTete&#8220; _builder_version=&#8220;4.19.5&#8243; _module_preset=&#8220;default&#8220; global_colors_info=&#8220;{}&#8220;][et_pb_column type=&#8220;4_4&#8243; _builder_version=&#8220;4.19.5&#8243; _module_preset=&#8220;default&#8220; global_colors_info=&#8220;{}&#8220;][et_pb_text admin_label=&#8220;Titre &#8211; H1&#8243; module_id=&#8220;NosSolutions&#8220; module_class=&#8220;Titre Milieu&#8220; _builder_version=&#8220;4.21.0&#8243; _module_preset=&#8220;default&#8220; global_colors_info=&#8220;{}&#8220;]<\/p>\n<h2>Unsere <strong>L\u00f6sungen <\/strong>PYRES Health<\/h2>\n<p>[\/et_pb_text][\/et_pb_column][\/et_pb_row][et_pb_row module_class=&#8220;LargeurBox Double&#8220; _builder_version=&#8220;4.21.0&#8243; _module_preset=&#8220;default&#8220; saved_tabs=&#8220;all&#8220; global_colors_info=&#8220;{}&#8220;][et_pb_column type=&#8220;4_4&#8243; module_class=&#8220;Colonne&#8220; _builder_version=&#8220;4.19.5&#8243; _module_preset=&#8220;default&#8220; global_colors_info=&#8220;{}&#8220;][dsm_card_carousel slide_to_show=&#8220;2&#8243; speed=&#8220;100&#8243; autoplay=&#8220;off&#8220; space_between=&#8220;40&#8243; equal_height=&#8220;on&#8220; arrows=&#8220;off&#8220; module_class=&#8220;Caroussel Milieu&#8220; _builder_version=&#8220;4.21.0&#8243; _module_preset=&#8220;default&#8220; header_level=&#8220;h3&#8243; button_alignment=&#8220;center&#8220; width_last_edited=&#8220;off|desktop&#8220; custom_margin=&#8220;||0px||false|false&#8220; custom_padding=&#8220;30px||0px||false|false&#8220; global_colors_info=&#8220;{}&#8220;][dsm_card_carousel_child title=&#8220;Schutz und \u00dcberwachung von Defibrillatoren&#8220; image=&#8220;https:\/\/2024.pyres.com\/wp-content\/uploads\/2023\/07\/IMG_6969-scaled.jpg&#8220; alt=&#8220;AIVA &#8211; Schutz von Defibrillatoren&#8220; button_text=&#8220;Mehr erfahren&#8220; button_url=&#8220;@ET-DC@eyJkeW5hbWljIjp0cnVlLCJjb250ZW50IjoicG9zdF9saW5rX3VybF9wYWdlIiwic2V0dGluZ3MiOnsicG9zdF9pZCI6Ijc4In19@&#8220; button_url_new_window=&#8220;1&#8243; _builder_version=&#8220;4.21.0&#8243; _dynamic_attributes=&#8220;link_option_url,button_url&#8220; _module_preset=&#8220;default&#8220; header_font=&#8220;|700|||||||&#8220; header_text_color=&#8220;#000000&#8243; header_line_height=&#8220;2em&#8220; link_option_url=&#8220;@ET-DC@eyJkeW5hbWljIjp0cnVlLCJjb250ZW50IjoicG9zdF9saW5rX3VybF9wYWdlIiwic2V0dGluZ3MiOnsicG9zdF9pZCI6Ijc4In19@&#8220; global_colors_info=&#8220;{}&#8220; parent_button=&#8220;off&#8220; parent_header_level=&#8220;h3&#8243;]<\/p>\n<p>AIVIA-Schr\u00e4nke sch\u00fctzen und \u00fcberwachen seit 2006 Defibrillatoren. AIVIA, das sind mehr als 500.000 installierte Schr\u00e4nke in \u00fcber 50 L\u00e4ndern. Die AIVIA-Schr\u00e4nke sind in 2 Produktreihen unterteilt: Schutz und \u00dcberwachung, f\u00fcr den Einsatz im Freien und in Innenr\u00e4umen.<\/p>\n<p>[\/dsm_card_carousel_child][dsm_card_carousel_child title=&#8220;\u00dcberwachung der Luftqualit\u00e4t in Innenr\u00e4umen&#8220; image=&#8220;https:\/\/2024.pyres.com\/wp-content\/uploads\/2023\/05\/Qualite-de-lair-interieur-2.jpeg&#8220; button_text=&#8220;Mehr erfahren&#8220; button_url=&#8220;@ET-DC@eyJkeW5hbWljIjp0cnVlLCJjb250ZW50IjoicG9zdF9saW5rX3VybF9wYWdlIiwic2V0dGluZ3MiOnsicG9zdF9pZCI6IjgwIn19@&#8220; button_url_new_window=&#8220;1&#8243; _builder_version=&#8220;4.21.0&#8243; _dynamic_attributes=&#8220;button_url,link_option_url&#8220; _module_preset=&#8220;default&#8220; header_font=&#8220;|700|||||||&#8220; header_text_color=&#8220;#000000&#8243; header_line_height=&#8220;2em&#8220; link_option_url=&#8220;@ET-DC@eyJkeW5hbWljIjp0cnVlLCJjb250ZW50IjoicG9zdF9saW5rX3VybF9wYWdlIiwic2V0dGluZ3MiOnsicG9zdF9pZCI6IjgwIn19@&#8220; global_colors_info=&#8220;{}&#8220; parent_button=&#8220;off&#8220; parent_header_level=&#8220;h3&#8243;]<\/p>\n<p>Seit mehr als 10 Jahren erm\u00f6glichen die PYRESCOM-Teams ERPs, die Qualit\u00e4t der Innenraumluft mit ihren Class&#8217;Air CO2-Sensoren zu \u00fcberwachen. LEDs warnen vor einer hohen CO2-Konzentration und sensibilisieren so f\u00fcr das L\u00fcften.<\/p>\n<p>[\/dsm_card_carousel_child][\/dsm_card_carousel][\/et_pb_column][\/et_pb_row][\/et_pb_section][et_pb_section fb_built=&#8220;1&#8243; module_class=&#8220;Services VersionClair TexteSimple&#8220; _builder_version=&#8220;4.19.5&#8243; _module_preset=&#8220;default&#8220; background_enable_color=&#8220;off&#8220; background_enable_image=&#8220;off&#8220; bottom_divider_color=&#8220;#FFFFFF&#8220; bottom_divider_flip=&#8220;vertical&#8220; collapsed=&#8220;on&#8220; global_colors_info=&#8220;{}&#8220;][et_pb_row column_structure=&#8220;1_2,1_2&#8243; make_equal=&#8220;on&#8220; module_class=&#8220;LargeurBox&#8220; _builder_version=&#8220;4.21.0&#8243; _module_preset=&#8220;default&#8220; global_colors_info=&#8220;{}&#8220;][et_pb_column type=&#8220;1_2&#8243; _builder_version=&#8220;4.21.0&#8243; _module_preset=&#8220;default&#8220; animation_style=&#8220;slide&#8220; animation_direction=&#8220;left&#8220; global_colors_info=&#8220;{}&#8220;][et_pb_image src=&#8220;https:\/\/2024.pyres.com\/wp-content\/uploads\/2023\/08\/2fd0a04d-06c2-45e5-b4ef-fd65a9f89895-scaled.jpg&#8220; title_text=&#8220;2fd0a04d-06c2-45e5-b4ef-fd65a9f89895&#8243; module_class=&#8220;Image&#8220; _builder_version=&#8220;4.21.0&#8243; _module_preset=&#8220;default&#8220; global_colors_info=&#8220;{}&#8220;][\/et_pb_image][\/et_pb_column][et_pb_column type=&#8220;1_2&#8243; module_class=&#8220;centrer-verticalement&#8220; _builder_version=&#8220;4.21.0&#8243; _module_preset=&#8220;default&#8220; animation_style=&#8220;slide&#8220; animation_direction=&#8220;right&#8220; global_colors_info=&#8220;{}&#8220;][et_pb_text admin_label=&#8220;Titre &#8211; H1&#8243; module_class=&#8220;Titre Gauche&#8220; _builder_version=&#8220;4.21.0&#8243; _module_preset=&#8220;default&#8220; custom_margin=&#8220;20px||||false|false&#8220; global_colors_info=&#8220;{}&#8220;]<\/p>\n<h2><strong>Warum<\/strong> Sie unsere L\u00f6sungen \u00fcbernehmen sollten<\/h2>\n<p>[\/et_pb_text][et_pb_text module_class=&#8220;Texte Gauche&#8220; _builder_version=&#8220;4.21.0&#8243; _module_preset=&#8220;default&#8220; global_colors_info=&#8220;{}&#8220;]<\/p>\n<p>Mit ihrer <strong>fast 40-j\u00e4hrigen Erfahrung<\/strong> entwickeln die Experten von PYRESCOM L\u00f6sungen, die einfach einzusetzen und zu bedienen sind. Wir arbeiten jeden Tag an unseren L\u00f6sungen, um <strong>all Ihren Bed\u00fcrfnissen gerecht<\/strong> zu werden.<\/p>\n<p>[\/et_pb_text][et_pb_button button_url=&#8220;https:\/\/2024.pyres.com\/de\/?page_id=11594&#8243; button_text=&#8220;Entdecken Sie PYRESCOM!&#8220; module_class=&#8220;Bouton SmartSante&#8220; _builder_version=&#8220;4.23.2&#8243; _module_preset=&#8220;default&#8220; global_colors_info=&#8220;{}&#8220;][\/et_pb_button][\/et_pb_column][\/et_pb_row][\/et_pb_section]<\/p>\n","protected":false},"excerpt":{"rendered":"<p>PYRES HealthM\u00f6chten Sie Ihre Defibrillatoren und Ihre Innenraumluftqualit\u00e4t \u00fcberwachen?Bei PYRESCOM nutzen wir unsere Erfahrung und unser Know-how, um L\u00f6sungen anzubieten, die auf ihrem Markt anerkannt und richtungsweisend sind.<div class=\"et_pb_module dsm_floating_multi_images dsm_floating_multi_images_0 Image Mouvante\">\n\t\t\t\t\n\t\t\t\t\n\t\t\t\t\n\t\t\t\t\n\t\t\t\t\n\t\t\t\t\n\t\t\t\t<div class=\"et_pb_module_inner\">\n\t\t\t\t\t<div class=\"dsm_floating_multi_images_container\"><\/div>\n\t\t\t\t<\/div>\n\t\t\t<\/div><div class=\"et_pb_module dsm_floating_multi_images_child dsm_floating_multi_images_child_0\">\n\t\t\t\t\n\t\t\t\t\n\t\t\t\t\n\t\t\t\t\n\t\t\t\t\n\t\t\t\t\n\t\t\t\t<div class=\"et_pb_module_inner\">\n\t\t\t\t\t<img decoding=\"async\" src=\"https:\/\/2024.pyres.com\/wp-content\/uploads\/2023\/08\/56.jpg\" alt=\"\" title=\"56\" id=\"\" class=\"\" \/>\n\t\t\t\t<\/div>\n\t\t\t<\/div><div class=\"et_pb_module dsm_floating_multi_images_child dsm_floating_multi_images_child_1\">\n\t\t\t\t\n\t\t\t\t\n\t\t\t\t\n\t\t\t\t\n\t\t\t\t\n\t\t\t\t\n\t\t\t\t<div class=\"et_pb_module_inner\">\n\t\t\t\t\t<img decoding=\"async\" src=\"https:\/\/2024.pyres.com\/wp-content\/uploads\/2023\/07\/1_130522.jpg\" alt=\"\" title=\"1_130522\" id=\"\" class=\"\" \/>\n\t\t\t\t<\/div>\n\t\t\t<\/div><div class=\"et_pb_module dsm_floating_multi_images_child dsm_floating_multi_images_child_2\">\n\t\t\t\t\n\t\t\t\t\n\t\t\t\t\n\t\t\t\t\n\t\t\t\t\n\t\t\t\t\n\t\t\t\t<div class=\"et_pb_module_inner\">\n\t\t\t\t\t<img decoding=\"async\" src=\"https:\/\/2024.pyres.com\/wp-content\/uploads\/2023\/07\/image-24.png\" alt=\"\" title=\"image (24)\" id=\"\" class=\"\" \/>\n\t\t\t\t<\/div>\n\t\t\t<\/div><div class=\"et_pb_module dsm_floating_multi_images_child dsm_floating_multi_images_child_3\">\n\t\t\t\t\n\t\t\t\t\n\t\t\t\t\n\t\t\t\t\n\t\t\t\t\n\t\t\t\t\n\t\t\t\t<div class=\"et_pb_module_inner\">\n\t\t\t\t\t\n\t\t\t\t<\/div>\n\t\t\t<\/div><\/p>\n","protected":false},"author":1,"featured_media":13972,"parent":12478,"menu_order":21,"comment_status":"closed","ping_status":"closed","template":"","meta":{"_acf_changed":false,"_et_pb_use_builder":"on","_et_pb_old_content":"","_et_gb_content_width":"","content-type":"","footnotes":""},"class_list":["post-11633","page","type-page","status-publish","has-post-thumbnail","hentry"],"acf":[],"_links":{"self":[{"href":"https:\/\/pyres.com\/de\/wp-json\/wp\/v2\/pages\/11633","targetHints":{"allow":["GET"]}}],"collection":[{"href":"https:\/\/pyres.com\/de\/wp-json\/wp\/v2\/pages"}],"about":[{"href":"https:\/\/pyres.com\/de\/wp-json\/wp\/v2\/types\/page"}],"author":[{"embeddable":true,"href":"https:\/\/pyres.com\/de\/wp-json\/wp\/v2\/users\/1"}],"replies":[{"embeddable":true,"href":"https:\/\/pyres.com\/de\/wp-json\/wp\/v2\/comments?post=11633"}],"version-history":[{"count":0,"href":"https:\/\/pyres.com\/de\/wp-json\/wp\/v2\/pages\/11633\/revisions"}],"up":[{"embeddable":true,"href":"https:\/\/pyres.com\/de\/wp-json\/wp\/v2\/pages\/12478"}],"wp:featuredmedia":[{"embeddable":true,"href":"https:\/\/pyres.com\/de\/wp-json\/wp\/v2\/media\/13972"}],"wp:attachment":[{"href":"https:\/\/pyres.com\/de\/wp-json\/wp\/v2\/media?parent=11633"}],"curies":[{"name":"wp","href":"https:\/\/api.w.org\/{rel}","templated":true}]}}